{"id":22801,"date":"2021-05-19T11:57:21","date_gmt":"2021-05-19T09:57:21","guid":{"rendered":"https:\/\/galicianparts.com\/shop\/producto\/7571080-amortiguador-porton-trasero-fiat-uno-turbo-1985-1996-nuevo-original\/"},"modified":"2022-01-27T12:05:05","modified_gmt":"2022-01-27T10:05:05","slug":"7571080-amortiguador-porton-trasero-fiat-uno-turbo-1985-1996-nuevo-original","status":"publish","type":"product","link":"https:\/\/galicianparts.com\/shop\/producto\/7571080-amortiguador-porton-trasero-fiat-uno-turbo-1985-1996-nuevo-original\/","title":{"rendered":"7571080 Amortiguador port\u00f3n trasero Fiat Uno Turbo (1985-1996) NUEVO ORIGINAL"},"content":{"rendered":"<p>Amortiguador del port\u00f3n del maletero de:<br \/>\nFIAT Uno Hatchback (146) (A\u00f1o 04.1985 &#8211; 12.1996, 99 &#8211; 118 , Gasolina)<br \/>\n1.3 Turbo i.e., A\u00f1o 01.1987 &#8211; 12.1987, 1301 , 99<br \/>\n1.3 Turbo i.e., A\u00f1o 09.1989 &#8211; 03.1991, 1301 , 101<br \/>\n1.3 Turbo i.e., A\u00f1o 04.1985 &#8211; 08.1989, 1301 , 105<br \/>\n1.4 Turbo i.e., A\u00f1o 09.1989 &#8211; 09.1993, 1372 , 112<br \/>\n1.4 Turbo i.e., A\u00f1o 12.1989 &#8211; 12.1996, 1372 , 118<\/p>\n<p>LA PIEZA ES NUEVA Y ORIGINAL.<\/p>\n","protected":false},"excerpt":{"rendered":"<p>Amortiguador del port\u00f3n del maletero de: FIAT Uno Hatchback (146) (A\u00f1o 04.1985 &#8211; 12.1996, 99 &#8211; 118 , Gasolina) 1.3 Turbo i.e., A\u00f1o 01.1987 &#8211; 12.1987, 1301 , 99 1.3 Turbo i.e., A\u00f1o 09.1989 &#8211; 03.1991, 1301 , 101 1.3 Turbo i.e., A\u00f1o 04.1985 &#8211; 08.1989, 1301 , 105 1.4 Turbo i.e., A\u00f1o 09.1989 &#8211; [&hellip;]<\/p>\n","protected":false},"featured_media":22803,"template":"","meta":{"_seopress_robots_primary_cat":"","_seopress_titles_title":"","_seopress_titles_desc":"","_seopress_robots_index":""},"product_cat":[20,114],"product_tag":[],"class_list":{"0":"post-22801","1":"product","2":"type-product","3":"status-publish","4":"has-post-thumbnail","6":"product_cat-recambios-fiat","7":"product_cat-recambios-fiat-uno","9":"first","10":"outofstock","11":"taxable","12":"shipping-taxable","13":"purchasable","14":"product-type-simple"},"_links":{"self":[{"href":"https:\/\/galicianparts.com\/shop\/wp-json\/wp\/v2\/product\/22801"}],"collection":[{"href":"https:\/\/galicianparts.com\/shop\/wp-json\/wp\/v2\/product"}],"about":[{"href":"https:\/\/galicianparts.com\/shop\/wp-json\/wp\/v2\/types\/product"}],"wp:featuredmedia":[{"embeddable":true,"href":"https:\/\/galicianparts.com\/shop\/wp-json\/wp\/v2\/media\/22803"}],"wp:attachment":[{"href":"https:\/\/galicianparts.com\/shop\/wp-json\/wp\/v2\/media?parent=22801"}],"wp:term":[{"taxonomy":"product_cat","embeddable":true,"href":"https:\/\/galicianparts.com\/shop\/wp-json\/wp\/v2\/product_cat?post=22801"},{"taxonomy":"product_tag","embeddable":true,"href":"https:\/\/galicianparts.com\/shop\/wp-json\/wp\/v2\/product_tag?post=22801"}],"curies":[{"name":"wp","href":"https:\/\/api.w.org\/{rel}","templated":true}]}}