{"id":22828,"date":"2021-05-19T13:06:59","date_gmt":"2021-05-19T11:06:59","guid":{"rendered":"https:\/\/galicianparts.com\/shop\/producto\/7540481-capuchon-palier-alfa-mito-fiat-uno-grande-punto-nuevo-original\/"},"modified":"2021-05-19T13:12:00","modified_gmt":"2021-05-19T11:12:00","slug":"7540481-capuchon-palier-alfa-mito-fiat-uno-grande-punto-nuevo-original","status":"publish","type":"product","link":"https:\/\/galicianparts.com\/shop\/producto\/7540481-capuchon-palier-alfa-mito-fiat-uno-grande-punto-nuevo-original\/","title":{"rendered":"7540481 Capuch\u00f3n palier Alfa Mito \/ Fiat Uno \/ Grande Punto NUEVO ORIGINAL"},"content":{"rendered":"<p>Capuch\u00f3n del semieje de 22mm di\u00e1mentro interno 103mm de lalto de:<br \/>\nALFA ROMEO MiTo (955) (A\u00f1o 09.2008 &#8211; 06.2011, 115 &#8211; 155 , Gas\u00f3leo,Gasolina)<br \/>\nFIAT Grande Punto Hatchback (199) (A\u00f1o 10.2005 &#8211; 12.2009, 116 &#8211; 130 , Gas\u00f3leo)<br \/>\nFIAT &#8211; MS UNO R\/89 1.1-1370-1.5 AUTOM\u00c1TICO (1989-1995)<\/p>\n<p>LA PIEZA ES NUEVA Y ORIGINAL.<\/p>\n","protected":false},"excerpt":{"rendered":"<p>Capuch\u00f3n del semieje de 22mm di\u00e1mentro interno 103mm de lalto de: ALFA ROMEO MiTo (955) (A\u00f1o 09.2008 &#8211; 06.2011, 115 &#8211; 155 , Gas\u00f3leo,Gasolina) FIAT Grande Punto Hatchback (199) (A\u00f1o 10.2005 &#8211; 12.2009, 116 &#8211; 130 , Gas\u00f3leo) FIAT &#8211; MS UNO R\/89 1.1-1370-1.5 AUTOM\u00c1TICO (1989-1995) LA PIEZA ES NUEVA Y ORIGINAL.<\/p>\n","protected":false},"featured_media":22829,"template":"","meta":{"_seopress_robots_primary_cat":"","_seopress_titles_title":"","_seopress_titles_desc":"","_seopress_robots_index":""},"product_cat":[16,20,92,47,114],"product_tag":[],"class_list":{"0":"post-22828","1":"product","2":"type-product","3":"status-publish","4":"has-post-thumbnail","6":"product_cat-recambios-alfa-romeo","7":"product_cat-recambios-fiat","8":"product_cat-recambios-fiat-grande-punto","9":"product_cat-recambios-alfa-romeo-mito","10":"product_cat-recambios-fiat-uno","12":"first","13":"instock","14":"taxable","15":"shipping-taxable","16":"purchasable","17":"product-type-simple"},"_links":{"self":[{"href":"https:\/\/galicianparts.com\/shop\/wp-json\/wp\/v2\/product\/22828"}],"collection":[{"href":"https:\/\/galicianparts.com\/shop\/wp-json\/wp\/v2\/product"}],"about":[{"href":"https:\/\/galicianparts.com\/shop\/wp-json\/wp\/v2\/types\/product"}],"wp:featuredmedia":[{"embeddable":true,"href":"https:\/\/galicianparts.com\/shop\/wp-json\/wp\/v2\/media\/22829"}],"wp:attachment":[{"href":"https:\/\/galicianparts.com\/shop\/wp-json\/wp\/v2\/media?parent=22828"}],"wp:term":[{"taxonomy":"product_cat","embeddable":true,"href":"https:\/\/galicianparts.com\/shop\/wp-json\/wp\/v2\/product_cat?post=22828"},{"taxonomy":"product_tag","embeddable":true,"href":"https:\/\/galicianparts.com\/shop\/wp-json\/wp\/v2\/product_tag?post=22828"}],"curies":[{"name":"wp","href":"https:\/\/api.w.org\/{rel}","templated":true}]}}