{"id":22961,"date":"2021-05-20T11:29:23","date_gmt":"2021-05-20T09:29:23","guid":{"rendered":"https:\/\/galicianparts.com\/shop\/producto\/71714923-filtro-de-gasoil-fiat-ulysse-lancia-z-citroen-peugeot-original\/"},"modified":"2021-05-20T11:33:14","modified_gmt":"2021-05-20T09:33:14","slug":"71714923-filtro-de-gasoil-fiat-ulysse-lancia-z-citroen-peugeot-original","status":"publish","type":"product","link":"https:\/\/galicianparts.com\/shop\/producto\/71714923-filtro-de-gasoil-fiat-ulysse-lancia-z-citroen-peugeot-original\/","title":{"rendered":"71714923 Filtro de gasoil Fiat Ulysse \/ Lancia Z \/ Citroen \/ Peugeot ORIGINAL"},"content":{"rendered":"<p>Filtro de combustible, gas\u00f3leo de:<br \/>\nCITRO\u00cbN Evasion (22, U6) (A\u00f1o 05.1996 &#8211; 07.2002, 109 , Gas\u00f3leo)<br \/>\nCITRO\u00cbN Xantia Familiar (X1, X2) (A\u00f1o 06.1996 &#8211; 01.1998, 109 , Gas\u00f3leo)<br \/>\nCITRO\u00cbN Xantia Hatchback (X1, X2) (A\u00f1o 06.1995 &#8211; 01.1998, 109 , Gas\u00f3leo)<br \/>\nCITRO\u00cbN XM II Hatchback (Y4) (A\u00f1o 05.1994 &#8211; 10.2000, 109 , Gas\u00f3leo)<br \/>\nCITRO\u00cbN XM II Familiar (Y4) (A\u00f1o 05.1994 &#8211; 10.2000, 109 , Gas\u00f3leo)<br \/>\nFIAT Ulysse I (220) (A\u00f1o 03.1996 &#8211; 10.1999, 109 , Gas\u00f3leo)<br \/>\nLANCIA Zeta (220) (A\u00f1o 05.1996 &#8211; 09.1999, 109 , Gas\u00f3leo)<br \/>\nPEUGEOT 406 Berlina (A\u00f1o 01.1996 &#8211; 05.2004, 109 , Gas\u00f3leo)<br \/>\nPEUGEOT 406 Familiar (A\u00f1o 10.1996 &#8211; 10.2004, 109 , Gas\u00f3leo)<br \/>\nPEUGEOT 605 Berlina (A\u00f1o 06.1989 &#8211; 09.1999, 109 , Gas\u00f3leo)<br \/>\nPEUGEOT 806 (A\u00f1o 06.1996 &#8211; 08.1999, 109 , Gas\u00f3leo)<\/p>\n<p> LA PIEZA ES NUEVA Y ORIGINAL.<\/p>\n","protected":false},"excerpt":{"rendered":"<p>Filtro de combustible, gas\u00f3leo de: CITRO\u00cbN Evasion (22, U6) (A\u00f1o 05.1996 &#8211; 07.2002, 109 , Gas\u00f3leo) CITRO\u00cbN Xantia Familiar (X1, X2) (A\u00f1o 06.1996 &#8211; 01.1998, 109 , Gas\u00f3leo) CITRO\u00cbN Xantia Hatchback (X1, X2) (A\u00f1o 06.1995 &#8211; 01.1998, 109 , Gas\u00f3leo) CITRO\u00cbN XM II Hatchback (Y4) (A\u00f1o 05.1994 &#8211; 10.2000, 109 , Gas\u00f3leo) CITRO\u00cbN XM II [&hellip;]<\/p>\n","protected":false},"featured_media":22962,"template":"","meta":{"_seopress_robots_primary_cat":"","_seopress_titles_title":"","_seopress_titles_desc":"","_seopress_robots_index":""},"product_cat":[151,203,189,23,188,20,21,24,113,141,142,128],"product_tag":[],"class_list":{"0":"post-22961","1":"product","2":"type-product","3":"status-publish","4":"has-post-thumbnail","6":"product_cat-recambios-peugeot-406","7":"product_cat-recambios-peugeot-605","8":"product_cat-recambios-peugeot-806","9":"product_cat-recambios-citroen","10":"product_cat-recambios-citroen-evasion","11":"product_cat-recambios-fiat","12":"product_cat-recambios-lancia","13":"product_cat-recambios-peugeot","14":"product_cat-recambios-fiat-ulysse","15":"product_cat-recambios-citroen-xantia","16":"product_cat-recambios-citroen-xm","17":"product_cat-recambios-lancia-z","19":"first","20":"instock","21":"taxable","22":"shipping-taxable","23":"purchasable","24":"product-type-simple"},"_links":{"self":[{"href":"https:\/\/galicianparts.com\/shop\/wp-json\/wp\/v2\/product\/22961"}],"collection":[{"href":"https:\/\/galicianparts.com\/shop\/wp-json\/wp\/v2\/product"}],"about":[{"href":"https:\/\/galicianparts.com\/shop\/wp-json\/wp\/v2\/types\/product"}],"wp:featuredmedia":[{"embeddable":true,"href":"https:\/\/galicianparts.com\/shop\/wp-json\/wp\/v2\/media\/22962"}],"wp:attachment":[{"href":"https:\/\/galicianparts.com\/shop\/wp-json\/wp\/v2\/media?parent=22961"}],"wp:term":[{"taxonomy":"product_cat","embeddable":true,"href":"https:\/\/galicianparts.com\/shop\/wp-json\/wp\/v2\/product_cat?post=22961"},{"taxonomy":"product_tag","embeddable":true,"href":"https:\/\/galicianparts.com\/shop\/wp-json\/wp\/v2\/product_tag?post=22961"}],"curies":[{"name":"wp","href":"https:\/\/api.w.org\/{rel}","templated":true}]}}