{"id":22980,"date":"2021-05-20T12:50:35","date_gmt":"2021-05-20T10:50:35","guid":{"rendered":"https:\/\/galicianparts.com\/shop\/producto\/46810865-guia-electrica-izq-asiento-der-fiat-stilo-2001-2007-nuevo-original\/"},"modified":"2021-05-20T12:58:39","modified_gmt":"2021-05-20T10:58:39","slug":"46810865-guia-electrica-izq-asiento-der-fiat-stilo-2001-2007-nuevo-original","status":"publish","type":"product","link":"https:\/\/galicianparts.com\/shop\/producto\/46810865-guia-electrica-izq-asiento-der-fiat-stilo-2001-2007-nuevo-original\/","title":{"rendered":"46810865 Gu\u00eda el\u00e9ctrica IZQ. asiento DER. Fiat Stilo (2001-2007) NUEVO ORIGINAL"},"content":{"rendered":"<p>Gu\u00eda el\u00e9ctrica izquierda del asiento derecho de:<br \/>\nFIAT &#8211; 2C STILO BZ\/DS (2001-2003)<br \/>\nFIAT &#8211; 2V STILO F.L.L. 2003 (2003-2007)<\/p>\n<p>LA PIEZA ES NUEVA Y ORIGINAL.<\/p>\n","protected":false},"excerpt":{"rendered":"<p>Gu\u00eda el\u00e9ctrica izquierda del asiento derecho de: FIAT &#8211; 2C STILO BZ\/DS (2001-2003) FIAT &#8211; 2V STILO F.L.L. 2003 (2003-2007) LA PIEZA ES NUEVA Y ORIGINAL.<\/p>\n","protected":false},"featured_media":22981,"template":"","meta":{"_seopress_robots_primary_cat":"","_seopress_titles_title":"","_seopress_titles_desc":"","_seopress_robots_index":""},"product_cat":[20,108],"product_tag":[],"class_list":{"0":"post-22980","1":"product","2":"type-product","3":"status-publish","4":"has-post-thumbnail","6":"product_cat-recambios-fiat","7":"product_cat-recambios-fiat-stilo","9":"first","10":"instock","11":"taxable","12":"shipping-taxable","13":"purchasable","14":"product-type-simple"},"_links":{"self":[{"href":"https:\/\/galicianparts.com\/shop\/wp-json\/wp\/v2\/product\/22980"}],"collection":[{"href":"https:\/\/galicianparts.com\/shop\/wp-json\/wp\/v2\/product"}],"about":[{"href":"https:\/\/galicianparts.com\/shop\/wp-json\/wp\/v2\/types\/product"}],"wp:featuredmedia":[{"embeddable":true,"href":"https:\/\/galicianparts.com\/shop\/wp-json\/wp\/v2\/media\/22981"}],"wp:attachment":[{"href":"https:\/\/galicianparts.com\/shop\/wp-json\/wp\/v2\/media?parent=22980"}],"wp:term":[{"taxonomy":"product_cat","embeddable":true,"href":"https:\/\/galicianparts.com\/shop\/wp-json\/wp\/v2\/product_cat?post=22980"},{"taxonomy":"product_tag","embeddable":true,"href":"https:\/\/galicianparts.com\/shop\/wp-json\/wp\/v2\/product_tag?post=22980"}],"curies":[{"name":"wp","href":"https:\/\/api.w.org\/{rel}","templated":true}]}}