{"id":22993,"date":"2021-05-20T13:34:13","date_gmt":"2021-05-20T11:34:13","guid":{"rendered":"https:\/\/galicianparts.com\/shop\/producto\/7551040-manguito-recuperacion-agua-fiat-uno-1-3-turbo-1989-1993-nuevo-original\/"},"modified":"2022-04-11T09:08:11","modified_gmt":"2022-04-11T07:08:11","slug":"7551040-manguito-recuperacion-agua-fiat-uno-1-3-turbo-1989-1993-nuevo-original","status":"publish","type":"product","link":"https:\/\/galicianparts.com\/shop\/producto\/7551040-manguito-recuperacion-agua-fiat-uno-1-3-turbo-1989-1993-nuevo-original\/","title":{"rendered":"7551040 Manguito recuperaci\u00f3n agua Fiat Uno 1.3 Turbo (1989-1993) NUEVO ORIGINAL"},"content":{"rendered":"<p>Tubo, manguito de recuperaci\u00f3n de liquido refrigerante al bote expansi\u00f3n de:<br \/>\nFIAT &#8211; MT UNO 1300CC TURBO R\/89 (1989-1993)<\/p>\n<p>LA PIEZA ES NUEVA Y ORIGINAL.<\/p>\n","protected":false},"excerpt":{"rendered":"<p>Tubo, manguito de recuperaci\u00f3n de liquido refrigerante al bote expansi\u00f3n de: FIAT &#8211; MT UNO 1300CC TURBO R\/89 (1989-1993) LA PIEZA ES NUEVA Y ORIGINAL.<\/p>\n","protected":false},"featured_media":22993,"template":"","meta":{"_seopress_robots_primary_cat":"","_seopress_titles_title":"","_seopress_titles_desc":"","_seopress_robots_index":""},"product_cat":[20,114],"product_tag":[],"class_list":{"0":"post-22993","1":"product","2":"type-product","3":"status-publish","4":"has-post-thumbnail","6":"product_cat-recambios-fiat","7":"product_cat-recambios-fiat-uno","9":"first","10":"outofstock","11":"taxable","12":"shipping-taxable","13":"purchasable","14":"product-type-simple"},"_links":{"self":[{"href":"https:\/\/galicianparts.com\/shop\/wp-json\/wp\/v2\/product\/22993"}],"collection":[{"href":"https:\/\/galicianparts.com\/shop\/wp-json\/wp\/v2\/product"}],"about":[{"href":"https:\/\/galicianparts.com\/shop\/wp-json\/wp\/v2\/types\/product"}],"wp:featuredmedia":[{"embeddable":true,"href":"https:\/\/galicianparts.com\/shop\/wp-json\/wp\/v2\/product\/22993"}],"wp:attachment":[{"href":"https:\/\/galicianparts.com\/shop\/wp-json\/wp\/v2\/media?parent=22993"}],"wp:term":[{"taxonomy":"product_cat","embeddable":true,"href":"https:\/\/galicianparts.com\/shop\/wp-json\/wp\/v2\/product_cat?post=22993"},{"taxonomy":"product_tag","embeddable":true,"href":"https:\/\/galicianparts.com\/shop\/wp-json\/wp\/v2\/product_tag?post=22993"}],"curies":[{"name":"wp","href":"https:\/\/api.w.org\/{rel}","templated":true}]}}