{"id":23039,"date":"2021-05-24T11:48:54","date_gmt":"2021-05-24T09:48:54","guid":{"rendered":"https:\/\/galicianparts.com\/shop\/producto\/7604770-filtro-aceite-motores-diesel-fiat-citroen-peugeot-original\/"},"modified":"2024-12-22T20:51:51","modified_gmt":"2024-12-22T18:51:51","slug":"7604770-filtro-aceite-motores-diesel-fiat-citroen-peugeot-original","status":"publish","type":"product","link":"https:\/\/galicianparts.com\/shop\/producto\/7604770-filtro-aceite-motores-diesel-fiat-citroen-peugeot-original\/","title":{"rendered":"7604770 Filtro aceite motores Fiat Ducato 1.9D (90-94) Peugeot J5 2.5D-TD \/Citro\u00ebn ORIGINAL"},"content":{"rendered":"<p>Filtro de aceite de:<br \/>\nAltura: 142 mm<br \/>\nM\u00e9trica: 20&#215;1,5<br \/>\nDi\u00e1metro interior: 71 mm<br \/>\nDi\u00e1metro: 76 mm<\/p>\n<p>FIAT Ducato I (290)<br \/>\n1.9 D, A\u00f1o 07.1990 &#8211; 03.1994, 1929 ccm, 71 cv<br \/>\nFIAT Talento Furg\u00f3n (290)<br \/>\n1.9 D, A\u00f1o 03.1989 &#8211; 03.1994, 1929 ccm, 71 cv<\/p>\n<p>CITRO\u00cbN Jumper I Bus (230)<br \/>\n2.5 D, A\u00f1o 08.1994 &#8211; 04.2002, 2446 ccm, 86 cv<br \/>\n2.5 D 4&#215;4, A\u00f1o 08.1996 &#8211; 04.2002, 2446 ccm, 86 cv<br \/>\n2.5 TD, A\u00f1o 08.1994 &#8211; 04.2002, 2446 ccm, 103 cv<br \/>\n2.5 TD 4&#215;4, A\u00f1o 08.1996 &#8211; 04.2002, 2446 ccm, 103 cv<br \/>\n2.5 TDi, A\u00f1o 12.1996 &#8211; 11.2000, 2446 ccm, 107 cv<br \/>\n2.5 TDI 4&#215;4, A\u00f1o 12.1996 &#8211; 11.2000, 2446 ccm, 107 cv<\/p>\n<p>PEUGEOT 505 Berlina<br \/>\n2.5 Turbodi\u00e9sel, A\u00f1o 10.1983 &#8211; 12.1993, 2498 ccm, 90 cv<br \/>\n2.5 Turbodi\u00e9sel, A\u00f1o 10.1983 &#8211; 12.1990, 2498 ccm, 95 cv<br \/>\n2.5 Turbodi\u00e9sel, A\u00f1o 10.1986 &#8211; 12.1993, 2498 ccm, 105 cv<br \/>\n2.8 GTI V6, A\u00f1o 06.1986 &#8211; 12.1993, 2849 ccm, 143 cv<br \/>\nPEUGEOT 505 Familiar<br \/>\n2.3 Di\u00e9sel, A\u00f1o 04.1982 &#8211; 06.1986, 2304 ccm, 80 cv<br \/>\n2.5 Turbodi\u00e9sel, A\u00f1o 10.1985 &#8211; 11.1987, 2498 ccm, 90 cv<br \/>\n2.5 Turbodi\u00e9sel, A\u00f1o 10.1986 &#8211; 12.1993, 2498 ccm, 105 cv<br \/>\nPEUGEOT 604 Berlina<br \/>\n2.3 TD, A\u00f1o 09.1979 &#8211; 05.1983, 2304 ccm, 80 cv<br \/>\n2.5 TD, A\u00f1o 08.1983 &#8211; 12.1986, 2498 ccm, 90 cv<br \/>\nPEUGEOT 605 Berlina<br \/>\n2.5 Turbodi\u00e9sel, A\u00f1o 07.1994 &#8211; 09.1999, 2446 ccm, 129 cv<br \/>\n3.0, A\u00f1o 10.1989 &#8211; 09.1999, 2963 ccm, 167 cv<br \/>\n3.0 SV 24, A\u00f1o 08.1989 &#8211; 09.1999, 2963 ccm, 200 cv<br \/>\nPEUGEOT J5 Bus (280)<br \/>\n2.5 D, A\u00f1o 09.1981 &#8211; 09.1990, 2498 ccm, 73 cv<br \/>\nPEUGEOT J5 (290)<br \/>\n2.5 D, A\u00f1o 10.1990 &#8211; 02.1994, 2500 ccm, 73 cv<br \/>\n2.5 D 4&#215;4, A\u00f1o 10.1990 &#8211; 02.1994, 2500 ccm, 73 cv<br \/>\n2.5 TD, A\u00f1o 10.1990 &#8211; 02.1994, 2500 ccm, 95 cv<br \/>\n2.5 TD 4&#215;4, A\u00f1o 10.1990 &#8211; 02.1994, 2500 ccm, 95 cv<br \/>\nPEUGEOT Boxer (230)<br \/>\n2.5 D, A\u00f1o 08.1994 &#8211; 04.2002, 2446 ccm, 86 cv<br \/>\n2.5 D 4&#215;4, A\u00f1o 07.1996 &#8211; 04.2002, 2446 ccm, 86 cv<br \/>\n2.5 TD, A\u00f1o 07.1994 &#8211; 12.1997, 2446 ccm, 103 cv<br \/>\n2.5 TD 4&#215;4, A\u00f1o 07.1996 &#8211; 04.2002, 2446 ccm, 103 cv<\/p>\n<p>LA PIEZA ES NUEVA Y ORIGINAL.<\/p>\n","protected":false},"excerpt":{"rendered":"<p>Filtro de aceite de: Altura: 142 mm M\u00e9trica: 20&#215;1,5 Di\u00e1metro interior: 71 mm Di\u00e1metro: 76 mm FIAT Ducato I (290) 1.9 D, A\u00f1o 07.1990 &#8211; 03.1994, 1929 ccm, 71 cv FIAT Talento Furg\u00f3n (290) 1.9 D, A\u00f1o 03.1989 &#8211; 03.1994, 1929 ccm, 71 cv CITRO\u00cbN Jumper I Bus (230) 2.5 D, A\u00f1o 08.1994 &#8211; 04.2002, [&hellip;]<\/p>\n","protected":false},"featured_media":85327,"template":"","meta":{"_seopress_robots_primary_cat":"","_seopress_titles_title":"","_seopress_titles_desc":"","_seopress_robots_index":""},"product_cat":[153,349,203,155,23,88,20,157,137,24,110],"product_tag":[],"class_list":{"0":"post-23039","1":"product","2":"type-product","3":"status-publish","4":"has-post-thumbnail","6":"product_cat-recambios-peugeot-505","7":"product_cat-recambios-peugeot-604","8":"product_cat-recambios-peugeot-605","9":"product_cat-recambios-peugeot-boxer","10":"product_cat-recambios-citroen","11":"product_cat-recambios-fiat-ducato","12":"product_cat-recambios-fiat","13":"product_cat-recambios-peugeot-j5","14":"product_cat-recambios-citroen-jumper","15":"product_cat-recambios-peugeot","16":"product_cat-recambios-fiat-talento","18":"first","19":"instock","20":"taxable","21":"shipping-taxable","22":"purchasable","23":"product-type-simple"},"_links":{"self":[{"href":"https:\/\/galicianparts.com\/shop\/wp-json\/wp\/v2\/product\/23039"}],"collection":[{"href":"https:\/\/galicianparts.com\/shop\/wp-json\/wp\/v2\/product"}],"about":[{"href":"https:\/\/galicianparts.com\/shop\/wp-json\/wp\/v2\/types\/product"}],"wp:featuredmedia":[{"embeddable":true,"href":"https:\/\/galicianparts.com\/shop\/wp-json\/wp\/v2\/media\/85327"}],"wp:attachment":[{"href":"https:\/\/galicianparts.com\/shop\/wp-json\/wp\/v2\/media?parent=23039"}],"wp:term":[{"taxonomy":"product_cat","embeddable":true,"href":"https:\/\/galicianparts.com\/shop\/wp-json\/wp\/v2\/product_cat?post=23039"},{"taxonomy":"product_tag","embeddable":true,"href":"https:\/\/galicianparts.com\/shop\/wp-json\/wp\/v2\/product_tag?post=23039"}],"curies":[{"name":"wp","href":"https:\/\/api.w.org\/{rel}","templated":true}]}}