{"id":23082,"date":"2021-05-24T14:21:38","date_gmt":"2021-05-24T12:21:38","guid":{"rendered":"https:\/\/galicianparts.com\/shop\/producto\/71736145-filtro-aire-fiat-uno-punto-fiorino-elba-original\/"},"modified":"2026-03-23T10:18:06","modified_gmt":"2026-03-23T08:18:06","slug":"71736145-filtro-aire-fiat-uno-punto-fiorino-elba-original","status":"publish","type":"product","link":"https:\/\/galicianparts.com\/shop\/producto\/71736145-filtro-aire-fiat-uno-punto-fiorino-elba-original\/","title":{"rendered":"71736145 Filtro aire motor 1.7D Fiat Uno \/Punto \/Fiorino \/Elba ORIGINAL"},"content":{"rendered":"<p>71754227 Filtro del aire de:<br \/>\nFIAT Uno Hatchback (146)<br \/>\n1.7 D, A\u00f1o 11.1994 &#8211; 08.2000, 1697 ccm, 58 cv<br \/>\n1.7 Di\u00e9sel 60, A\u00f1o 07.1986 &#8211; 08.1989, 1698 ccm, 60 cv<br \/>\n60 Diesel 1.7 (146E), A\u00f1o 09.1989 &#8211; 12.1993, 1698 ccm, 57 cv<br \/>\nFIAT Fiorino II Furg\u00f3n (146)<br \/>\n60 1.7 D, A\u00f1o 05.1988 &#8211; 10.1996, 1697 ccm, 57 cv<br \/>\nFIAT Punto I Hatchback (176)<br \/>\n1.7 D, A\u00f1o 04.1994 &#8211; 09.1997, 1698 ccm, 57 cv<br \/>\nFIAT Elba Familiar<br \/>\n1.7 D, A\u00f1o 04.1989 &#8211; 12.1996, 1698 ccm, 58 cv<\/p>\n<p>LA PIEZA ES NUEVA Y ORIGINAL.<\/p>\n","protected":false},"excerpt":{"rendered":"<p>71754227 Filtro del aire de: FIAT Uno Hatchback (146) 1.7 D, A\u00f1o 11.1994 &#8211; 08.2000, 1697 ccm, 58 cv 1.7 Di\u00e9sel 60, A\u00f1o 07.1986 &#8211; 08.1989, 1698 ccm, 60 cv 60 Diesel 1.7 (146E), A\u00f1o 09.1989 &#8211; 12.1993, 1698 ccm, 57 cv FIAT Fiorino II Furg\u00f3n (146) 60 1.7 D, A\u00f1o 05.1988 &#8211; 10.1996, 1697 [&hellip;]<\/p>\n","protected":false},"featured_media":100706,"template":"","meta":{"_seopress_robots_primary_cat":"","_seopress_titles_title":"","_seopress_titles_desc":"","_seopress_robots_index":""},"product_cat":[90,20,91,101,114],"product_tag":[],"class_list":{"0":"post-23082","1":"product","2":"type-product","3":"status-publish","4":"has-post-thumbnail","6":"product_cat-recambios-fiat-elba","7":"product_cat-recambios-fiat","8":"product_cat-recambios-fiat-fiorino","9":"product_cat-recambios-fiat-punto","10":"product_cat-recambios-fiat-uno","12":"first","13":"outofstock","14":"taxable","15":"shipping-taxable","16":"purchasable","17":"product-type-simple"},"_links":{"self":[{"href":"https:\/\/galicianparts.com\/shop\/wp-json\/wp\/v2\/product\/23082"}],"collection":[{"href":"https:\/\/galicianparts.com\/shop\/wp-json\/wp\/v2\/product"}],"about":[{"href":"https:\/\/galicianparts.com\/shop\/wp-json\/wp\/v2\/types\/product"}],"wp:featuredmedia":[{"embeddable":true,"href":"https:\/\/galicianparts.com\/shop\/wp-json\/wp\/v2\/media\/100706"}],"wp:attachment":[{"href":"https:\/\/galicianparts.com\/shop\/wp-json\/wp\/v2\/media?parent=23082"}],"wp:term":[{"taxonomy":"product_cat","embeddable":true,"href":"https:\/\/galicianparts.com\/shop\/wp-json\/wp\/v2\/product_cat?post=23082"},{"taxonomy":"product_tag","embeddable":true,"href":"https:\/\/galicianparts.com\/shop\/wp-json\/wp\/v2\/product_tag?post=23082"}],"curies":[{"name":"wp","href":"https:\/\/api.w.org\/{rel}","templated":true}]}}