{"id":23186,"date":"2021-05-25T12:56:02","date_gmt":"2021-05-25T10:56:02","guid":{"rendered":"https:\/\/galicianparts.com\/shop\/producto\/9949339-kit-reparacion-pinzas-freno-fiat-lancia-alfa-citroen-peugeot-kia-nuevo-original\/"},"modified":"2026-02-12T14:38:14","modified_gmt":"2026-02-12T12:38:14","slug":"9949339-kit-reparacion-pinzas-freno-fiat-lancia-alfa-citroen-peugeot-kia-nuevo-original","status":"publish","type":"product","link":"https:\/\/galicianparts.com\/shop\/producto\/9949339-kit-reparacion-pinzas-freno-fiat-lancia-alfa-citroen-peugeot-kia-nuevo-original\/","title":{"rendered":"9949339 Kit reparaci\u00f3n pinza freno D 54mm Fiat \/Lancia \/Alfa \/Citroen \/Peugeot \/Kia ORIGINAL"},"content":{"rendered":"<p>Set, juego de reparaci\u00f3n de las pinzas de freno delantero de:<br \/>\nDi\u00e1metro: 54mm<br \/>\nALFA ROMEO Giulietta Hatchback (940) (A\u00f1o 11.2013 &#8211; &#8230;, 175 , Gas\u00f3leo)<br \/>\nALFA ROMEO MiTo (955) (A\u00f1o 09.2008 &#8211; 08.2013, 69 &#8211; 105 , Gasolina)<\/p>\n<p>CITRO\u00cbN Berlingo \/ Berlingo First I (MF, GJK, GFK) (A\u00f1o 07.1996 &#8211; 12.2011, 22 &#8211; 110 , El\u00e9ctrico,Gas\u00f3leo,Gasolina,Gasolina\/Gas natural (CNG))<br \/>\nCITRO\u00cbN Berlingo \/ Berlingo First I Furg\u00f3n (M) (A\u00f1o 07.1996 &#8211; 12.2011, 37 &#8211; 110 , El\u00e9ctrico,Gas\u00f3leo,Gasolina,Gasolina\/Gas (LPG),Gasolina\/Gas natural (CNG))<br \/>\nCITRO\u00cbN Berlingo II Furg\u00f3n (B9) (A\u00f1o 04.2008 &#8211; 12.2011, 57 &#8211; 90 , El\u00e9ctrico,Gas\u00f3leo)<br \/>\nCITRO\u00cbN C-Elys\u00e9e Berlina (A\u00f1o 11.2012 &#8211; &#8230;, 72 &#8211; 115 , Gas\u00f3leo,Gasolina)<br \/>\nCITRO\u00cbN C2 Hatchback (JM) (A\u00f1o 09.2003 &#8211; 10.2010, 68 &#8211; 122 , Gas\u00f3leo,Gasolina)<br \/>\nCITRO\u00cbN C3 Aircross II (2R, 2C) (A\u00f1o 06.2017 &#8211; &#8230;, 82 &#8211; 130 , Gas\u00f3leo,Gasolina)<br \/>\nCITRO\u00cbN C3 Aircross II Van (2C, 2R) (A\u00f1o 05.2019 &#8211; &#8230;, 82 &#8211; 120 , Gas\u00f3leo,Gasolina)<br \/>\nCITRO\u00cbN C3 I Hatchback (FC, FN) (A\u00f1o 02.2002 &#8211; 08.2010, 88 &#8211; 110 , Gas\u00f3leo,Gasolina)<br \/>\nCITRO\u00cbN C3 II (SC) (A\u00f1o 11.2009 &#8211; 09.2016, 60 &#8211; 120 , Gas\u00f3leo,Gasolina,Gasolina\/Gas (LPG))<br \/>\nCITRO\u00cbN C3 II Furg\u00f3n \/ Hatchback (SC) (A\u00f1o 06.2010 &#8211; 09.2016, 68 &#8211; 75 , Gas\u00f3leo)<br \/>\nCITRO\u00cbN C3 III (SX) (A\u00f1o 07.2016 &#8211; &#8230;, 68 &#8211; 115 , Gas\u00f3leo,Gasolina,Gasolina\/Gas (LPG))<br \/>\nCITRO\u00cbN C3 III Furg\u00f3n \/ Hatchback (SX, SY) (A\u00f1o 03.2019 &#8211; &#8230;, 75 &#8211; 110 , Gas\u00f3leo,Gasolina)<br \/>\nCITRO\u00cbN C3 Picasso (A\u00f1o 02.2009 &#8211; &#8230;, 90 &#8211; 120 , Gas\u00f3leo,Gasolina,Gasolina\/Gas (LPG))<br \/>\nCITRO\u00cbN C4 II Cactus (A\u00f1o 09.2014 &#8211; &#8230;, 75 &#8211; 131 , Gas\u00f3leo,Gasolina)<br \/>\nCITRO\u00cbN C4 Coup\u00e9 (A\u00f1o 11.2004 &#8211; 07.2011, 88 &#8211; 177 , Gas\u00f3leo,Gasolina)<br \/>\nCITRO\u00cbN C4 I Hatchback (A\u00f1o 11.2004 &#8211; 07.2011, 88 &#8211; 177 , Gas\u00f3leo,Gasolina,Gasolina\/Etanol)<br \/>\nCITRO\u00cbN C4 I Picasso (UD) (A\u00f1o 02.2007 &#8211; 08.2013, 109 &#8211; 125 , Gas\u00f3leo,Gasolina)<br \/>\nCITRO\u00cbN C4 I Berlina (A\u00f1o 07.2006 &#8211; 07.2011, 109 , Gas\u00f3leo,Gasolina)<br \/>\nCITRO\u00cbN DS3 Hatchback (A\u00f1o 11.2009 &#8211; 07.2015, 68 &#8211; 207 , Gas\u00f3leo,Gasolina,Gasolina\/Gas (LPG))<br \/>\nCITRO\u00cbN DS3 Cabrio (A\u00f1o 01.2013 &#8211; 07.2015, 82 &#8211; 165 , Gas\u00f3leo,Gasolina)<br \/>\nCITRO\u00cbN Nemo Furg\u00f3n (A\u00f1o 02.2008 &#8211; &#8230;, 68 &#8211; 80 , Gas\u00f3leo,Gasolina)<br \/>\nCITRO\u00cbN Nemo Familiar (A\u00f1o 04.2009 &#8211; &#8230;, 68 &#8211; 80 , Gas\u00f3leo,Gasolina)<br \/>\nCITRO\u00cbN Xsara Hatchback (N1) (A\u00f1o 04.1997 &#8211; 03.2005, 68 &#8211; 136 , Gas\u00f3leo,Gasolina)<br \/>\nCITRO\u00cbN Xsara Familiar (N2) (A\u00f1o 10.1997 &#8211; 08.2005, 68 &#8211; 136 , Gas\u00f3leo,Gasolina)<br \/>\nCITRO\u00cbN Xsara Coup\u00e9 (N0) (A\u00f1o 02.1998 &#8211; 03.2005, 68 &#8211; 163 , Gas\u00f3leo,Gasolina)<br \/>\nCITRO\u00cbN Xsara Furg\u00f3n \/ Familiar (A\u00f1o 06.1999 &#8211; 08.2005, 69 &#8211; 90 , Gas\u00f3leo,Gasolina)<br \/>\nCITRO\u00cbN Xsara Furg\u00f3n \/ Hatchback (N3) (A\u00f1o 05.1998 &#8211; 03.2005, 69 &#8211; 90 , Gas\u00f3leo,Gasolina)<br \/>\nCITRO\u00cbN Xsara Picasso (N68) (A\u00f1o 12.1999 &#8211; 06.2012, 88 &#8211; 138 , Gas\u00f3leo,Gasolina,Gasolina\/Gas (LPG))<\/p>\n<p>FIAT 500 Hatchback (312) (A\u00f1o 10.2007 &#8211; &#8230;, 75 &#8211; 105 , Gas\u00f3leo,Gasolina)<br \/>\nFIAT 500 C Cabrio (312) (A\u00f1o 09.2009 &#8211; &#8230;, 75 &#8211; 105 , Gas\u00f3leo,Gasolina)<br \/>\nFIAT ABARTH 500 \/ 595 \/ 695 Hatchback (312) (A\u00f1o 01.2008 &#8211; &#8230;)<br \/>\nFIAT ABARTH 500C \/ 595C \/ 695C Cabrio (312) (A\u00f1o 09.2009 &#8211; &#8230;)<br \/>\nFIAT ABARTH Grande Punto (199_) (A\u00f1o 12.2007 &#8211; 12.2012)<br \/>\nFIAT 500L (351, 352) (A\u00f1o 09.2012 &#8211; 05.2018, 80 &#8211; 105 , Gas\u00f3leo,Gasolina,Gasolina\/Gas natural (CNG))<br \/>\nFIAT Bravo II Hatchback (198) (A\u00f1o 11.2006 &#8211; 12.2014, 90 &#8211; 150 , Gas\u00f3leo,Gasolina,Gasolina\/Gas (LPG))<br \/>\nFIAT Bravo II Furg\u00f3n (198) (A\u00f1o 03.2008 &#8211; 12.2014, 105 , Gas\u00f3leo)<br \/>\nFIAT Doblo II Cami\u00f3n de plataforma\/Chasis (263) (A\u00f1o 02.2010 &#8211; &#8230;, 75 &#8211; 135 , Gas\u00f3leo,Gasolina,Gasolina\/Gas natural (CNG))<br \/>\nFIAT Doblo I Cargo (223) (A\u00f1o 10.2001 &#8211; 01.2010, 70 &#8211; 120 , Gas\u00f3leo,Gasolina,Gasolina\/Gas natural (CNG))<br \/>\nFIAT Doblo I Familiar (119, 223) (A\u00f1o 10.2001 &#8211; 05.2005, 70 &#8211; 120 , Gas\u00f3leo,Gasolina,Gasolina\/Gas natural (CNG))<br \/>\nFIAT Doblo II Familiar (263) (A\u00f1o 02.2010 &#8211; &#8230;, 90 &#8211; 135 , Gas\u00f3leo,Gasolina,Gasolina\/Gas natural (CNG))<br \/>\nFIAT Doblo II Furg\u00f3n \/ Familiar (263) (A\u00f1o 02.2010 &#8211; &#8230;, 75 &#8211; 135 , Gas\u00f3leo,Gasolina,Gasolina\/Gas natural (CNG))<br \/>\nFIAT Fiorino III Furg\u00f3n \/ Familiar (225) (A\u00f1o 11.2007 &#8211; &#8230;, 69 &#8211; 95 , Gas\u00f3leo,Gasolina,Gasolina\/Gas natural (CNG))<br \/>\nFIAT Grande Punto Hatchback (199) (A\u00f1o 10.2005 &#8211; 12.2015, 65 &#8211; 130 , Gas\u00f3leo,Gasolina,Gasolina\/Gas (LPG),Gasolina\/Gas natural (CNG))<br \/>\nFIAT Grande Punto Furg\u00f3n \/ Hatchback (199) (A\u00f1o 02.2006 &#8211; 06.2013, 75 &#8211; 90 , Gas\u00f3leo,Gasolina,Gasolina\/Gas (LPG),Gasolina\/Gas natural (CNG))<br \/>\nFIAT Idea (350) (A\u00f1o 12.2003 &#8211; 12.2012, 70 &#8211; 120 , Gas\u00f3leo,Gasolina,Gasolina\/Gas (LPG))<br \/>\nFIAT Linea (323, 110) (A\u00f1o 10.2006 &#8211; &#8230;, 77 &#8211; 120 , Gas\u00f3leo,Gasolina)<br \/>\nFIAT Multipla (186) (A\u00f1o 04.1999 &#8211; 06.2010, 95 &#8211; 120 , Gas\u00f3leo,Gasolina,Gasolina\/Gas (LPG),Gasolina\/Gas natural (CNG))<br \/>\nFIAT Palio I Hatchback (178) (A\u00f1o 09.2001 &#8211; 01.2012, 80 &#8211; 86 , Gasolina)<br \/>\nFIAT Panda II Hatchback (169) (A\u00f1o 10.2004 &#8211; 08.2013, 70 &#8211; 100 , Gas\u00f3leo,Gasolina)<br \/>\nFIAT Panda Van (169) (A\u00f1o 10.2009 &#8211; &#8230;, 69 &#8211; 78 , Gasolina,Gasolina\/Gas natural (CNG))<br \/>\nFIAT Punto III Hatchback (199) (A\u00f1o 03.2012 &#8211; &#8230;, 67 &#8211; 135 , Gas\u00f3leo,Gasolina,Gasolina\/Gas (LPG),Gasolina\/Gas natural (CNG))<br \/>\nFIAT Punto Evo Hatchback (199) (A\u00f1o 06.2009 &#8211; 02.2012, 65 &#8211; 135 , Gas\u00f3leo,Gasolina,Gasolina\/Gas (LPG),Gasolina\/Gas natural (CNG))<br \/>\nFIAT Punto Evo Furg\u00f3n (199) (A\u00f1o 03.2009 &#8211; 02.2012, 95 , Gas\u00f3leo)<br \/>\nFIAT Punto III Furg\u00f3n (199) (A\u00f1o 02.2006 &#8211; 02.2012, 75 &#8211; 95 , Gas\u00f3leo,Gasolina,Gasolina\/Gas (LPG),Gasolina\/Gas natural (CNG))<br \/>\nFIAT Qubo (225) (A\u00f1o 02.2008 &#8211; &#8230;, 73 &#8211; 95 , Gas\u00f3leo,Gasolina,Gasolina\/Gas natural (CNG))<br \/>\nFIAT Stilo Hatchback (192) (A\u00f1o 10.2001 &#8211; 11.2006, 80 &#8211; 170 , Gas\u00f3leo,Gasolina)<br \/>\nFIAT Stilo Furg\u00f3n \/ Familiar (192) (A\u00f1o 10.2001 &#8211; 08.2008, 80 &#8211; 136 , Gas\u00f3leo,Gasolina)<br \/>\nFIAT Stilo Multi Wagon (192) (A\u00f1o 01.2003 &#8211; 08.2008, 80 &#8211; 150 , Gas\u00f3leo,Gasolina)<\/p>\n<p>KIA Rio I Familiar (DC) (A\u00f1o 08.2000 &#8211; 02.2005, 75 &#8211; 98 , Gasolina)<br \/>\nKIA Rio I Berlina (DC) (A\u00f1o 09.2000 &#8211; 02.2005, 75 &#8211; 98 , Gasolina)<\/p>\n<p>LANCIA Delta III (844) (A\u00f1o 08.2008 &#8211; 08.2014, 116 &#8211; 120 , Gas\u00f3leo,Gasolina,Gasolina\/Gas (LPG))<br \/>\nLANCIA Musa (350) (A\u00f1o 10.2004 &#8211; 09.2012, 70 &#8211; 120 , Gas\u00f3leo,Gasolina,Gasolina\/Gas (LPG))<br \/>\nLANCIA Ypsilon II (843) (A\u00f1o 10.2003 &#8211; 12.2011, 70 , Gas\u00f3leo)<\/p>\n<p>PEUGEOT 1007 Hatchback (A\u00f1o 04.2005 &#8211; &#8230;, 68 &#8211; 109 , Gas\u00f3leo,Gasolina)<br \/>\nPEUGEOT 2008 Familiar (CU_) (A\u00f1o 03.2013 &#8211; &#8230;, 68 &#8211; 130 , Gas\u00f3leo,Gasolina)<br \/>\nPEUGEOT 206 CC (2D) (A\u00f1o 09.2000 &#8211; 12.2008, 109 &#8211; 136 , Gas\u00f3leo,Gasolina)<br \/>\nPEUGEOT 206 Hatchback (2A\/C) (A\u00f1o 04.1999 &#8211; 09.2009, 69 &#8211; 136 , Gas\u00f3leo,Gasolina,Gasolina\/Gas (LPG))<br \/>\nPEUGEOT 206 SW (2E\/K) (A\u00f1o 07.2002 &#8211; 02.2007, 88 &#8211; 136 , Gas\u00f3leo,Gasolina,Gasolina\/Gas (LPG))<br \/>\nPEUGEOT 207 Hatchback (A\u00f1o 02.2006 &#8211; 12.2015, 68 &#8211; 174 , Gas\u00f3leo,Gasolina,Gasolina\/Gas (LPG))<br \/>\nPEUGEOT 207 CC (A\u00f1o 02.2007 &#8211; 01.2015, 109 &#8211; 156 , Gas\u00f3leo,Gasolina)<br \/>\nPEUGEOT 207 Berlina (A\u00f1o 12.2007 &#8211; 12.2012, 73 , Gasolina)<br \/>\nPEUGEOT 207 SW (A\u00f1o 02.2007 &#8211; 10.2013, 73 &#8211; 150 , Gas\u00f3leo,Gasolina,Gasolina\/Gas (LPG))<br \/>\nPEUGEOT 207 SW Furg\u00f3n \/ Familiar (WK_) (A\u00f1o 08.2007 &#8211; 12.2012, 90 &#8211; 109 , Gas\u00f3leo)<br \/>\nPEUGEOT 207 Van (WA, WC) (A\u00f1o 04.2006 &#8211; 12.2012, 68 &#8211; 120 , Gas\u00f3leo,Gasolina)<br \/>\nPEUGEOT 208 Furg\u00f3n (CR_) (A\u00f1o 10.2012 &#8211; &#8230;, 68 &#8211; 102 , Gas\u00f3leo,Gasolina)<br \/>\nPEUGEOT 208 I Hatchback (CA_, CC_) (A\u00f1o 03.2012 &#8211; &#8230;, 68 &#8211; 208 , Gas\u00f3leo,Gasolina,Gasolina\/Gas (LPG))<br \/>\nPEUGEOT 301 Berlina (A\u00f1o 11.2012 &#8211; &#8230;, 72 &#8211; 116 , Gas\u00f3leo,Gasolina,Gasolina\/Gas (LPG))<br \/>\nPEUGEOT 306 Familiar (A\u00f1o 03.1997 &#8211; 10.2000, 89 , Gasolina)<br \/>\nPEUGEOT 307 Hatchback (3A\/C) (A\u00f1o 08.2000 &#8211; 04.2012, 68 &#8211; 177 , Gas\u00f3leo,Gasolina,Gasolina\/Etanol)<br \/>\nPEUGEOT 307 Familiar (3E) (A\u00f1o 03.2002 &#8211; 12.2009, 68 &#8211; 140 , Gas\u00f3leo,Gasolina,Gasolina\/Etanol)<br \/>\nPEUGEOT 307 CC (3B) (A\u00f1o 10.2003 &#8211; 04.2009, 110 &#8211; 140 , Gasolina)<br \/>\nPEUGEOT 307 SW (3H) (A\u00f1o 03.2002 &#8211; 12.2009, 75 &#8211; 140 , Gas\u00f3leo,Gasolina,Gasolina\/Etanol)<br \/>\nPEUGEOT Bipper Furg\u00f3n (A\u00f1o 02.2008 &#8211; &#8230;, 68 &#8211; 80 , Gas\u00f3leo,Gasolina)<br \/>\nPEUGEOT Bipper Tepee (A\u00f1o 04.2008 &#8211; &#8230;, 68 &#8211; 80 , Gas\u00f3leo,Gasolina)<br \/>\nPEUGEOT Partner I Cami\u00f3n de plataforma\/Chasis (A\u00f1o 01.1999 &#8211; 07.2008, 69 &#8211; 109 , Gas\u00f3leo,Gasolina)<br \/>\nPEUGEOT Partner I Combispace (A\u00f1o 06.1996 &#8211; 12.2015, 38 &#8211; 109 , El\u00e9ctrico,Gas\u00f3leo,Gasolina,Gasolina\/Etanol)<br \/>\nPEUGEOT Partner II Furg\u00f3n (A\u00f1o 04.2008 &#8211; &#8230;, 75 &#8211; 90 , Gas\u00f3leo,Gasolina)<br \/>\nPEUGEOT Partner I Furg\u00f3n (A\u00f1o 04.1996 &#8211; 12.2015, 34 &#8211; 109 , El\u00e9ctrico,Gas\u00f3leo,Gasolina,Gasolina\/Gas natural (CNG))<br \/>\nPEUGEOT Partner Origin Combispace (G_) (A\u00f1o 07.2008 &#8211; 12.2013, 69 &#8211; 110 , Gas\u00f3leo,Gasolina)<br \/>\nPEUGEOT Partner Origin Furg\u00f3n (G_) (A\u00f1o 08.2008 &#8211; 12.2015, 57 &#8211; 110 , El\u00e9ctrico,Gas\u00f3leo,Gasolina)<br \/>\nPEUGEOT Partner II Tepee (A\u00f1o 04.2008 &#8211; &#8230;, 90 , Gasolina)<\/p>\n<p>LA PIEZA ES NUEVA Y ORIGINAL.<\/p>\n","protected":false},"excerpt":{"rendered":"<p>Set, juego de reparaci\u00f3n de las pinzas de freno delantero de: Di\u00e1metro: 54mm ALFA ROMEO Giulietta Hatchback (940) (A\u00f1o 11.2013 &#8211; &#8230;, 175 , Gas\u00f3leo) ALFA ROMEO MiTo (955) (A\u00f1o 09.2008 &#8211; 08.2013, 69 &#8211; 105 , Gasolina) CITRO\u00cbN Berlingo \/ Berlingo First I (MF, GJK, GFK) (A\u00f1o 07.1996 &#8211; 12.2011, 22 &#8211; 110 , [&hellip;]<\/p>\n","protected":false},"featured_media":95057,"template":"","meta":{"_seopress_robots_primary_cat":"","_seopress_titles_title":"","_seopress_titles_desc":"","_seopress_robots_index":""},"product_cat":[176,334,146,328,335,250,147,148,74,16,129,154,82,174,175,134,23,118,87,330,329,20,91,53,92,93,22,21,47,96,121,139,98,99,158,24,101,346,253,108,143,127],"product_tag":[],"class_list":{"0":"post-23186","1":"product","2":"type-product","3":"status-publish","4":"has-post-thumbnail","6":"product_cat-recambios-peugeot-1007","7":"product_cat-recambios-peugeot-2008","8":"product_cat-recambios-peugeot-206","9":"product_cat-recambios-peugeot-207","10":"product_cat-recambios-peugeot-208","11":"product_cat-recambios-peugeot-301","12":"product_cat-recambios-peugeot-306","13":"product_cat-recambios-peugeot-307","14":"product_cat-recambios-fiat-500","15":"product_cat-recambios-alfa-romeo","16":"product_cat-recambios-citroen-berlingo","17":"product_cat-recambios-peugeot-bipper","18":"product_cat-recambios-fiat-bravo","19":"product_cat-recambios-citroen-c2","20":"product_cat-recambios-citroen-c3","21":"product_cat-recambios-citroen-c4","22":"product_cat-recambios-citroen","23":"product_cat-recambios-lancia-delta","24":"product_cat-recambios-fiat-doblo","25":"product_cat-recambios-citroen-ds3","26":"product_cat-recambios-citroen-elysee","27":"product_cat-recambios-fiat","28":"product_cat-recambios-fiat-fiorino","29":"product_cat-recambios-alfa-romeo-giulietta","30":"product_cat-recambios-fiat-grande-punto","31":"product_cat-recambios-fiat-idea","32":"product_cat-recambios-kia","33":"product_cat-recambios-lancia","34":"product_cat-recambios-alfa-romeo-mito","35":"product_cat-recambios-fiat-multipla","36":"product_cat-recambios-lancia-musa","37":"product_cat-recambios-citroen-nemo","38":"product_cat-recambios-fiat-palio","39":"product_cat-recambios-fiat-panda","40":"product_cat-recambios-peugeot-partner","41":"product_cat-recambios-peugeot","42":"product_cat-recambios-fiat-punto","43":"product_cat-recambios-fiat-qubo","44":"product_cat-recambios-kia-rio","45":"product_cat-recambios-fiat-stilo","46":"product_cat-recambios-citroen-xsara","47":"product_cat-recambios-lancia-ypsilon","49":"first","50":"instock","51":"taxable","52":"shipping-taxable","53":"purchasable","54":"product-type-simple"},"_links":{"self":[{"href":"https:\/\/galicianparts.com\/shop\/wp-json\/wp\/v2\/product\/23186"}],"collection":[{"href":"https:\/\/galicianparts.com\/shop\/wp-json\/wp\/v2\/product"}],"about":[{"href":"https:\/\/galicianparts.com\/shop\/wp-json\/wp\/v2\/types\/product"}],"wp:featuredmedia":[{"embeddable":true,"href":"https:\/\/galicianparts.com\/shop\/wp-json\/wp\/v2\/media\/95057"}],"wp:attachment":[{"href":"https:\/\/galicianparts.com\/shop\/wp-json\/wp\/v2\/media?parent=23186"}],"wp:term":[{"taxonomy":"product_cat","embeddable":true,"href":"https:\/\/galicianparts.com\/shop\/wp-json\/wp\/v2\/product_cat?post=23186"},{"taxonomy":"product_tag","embeddable":true,"href":"https:\/\/galicianparts.com\/shop\/wp-json\/wp\/v2\/product_tag?post=23186"}],"curies":[{"name":"wp","href":"https:\/\/api.w.org\/{rel}","templated":true}]}}