{"id":23231,"date":"2021-05-26T10:55:36","date_gmt":"2021-05-26T08:55:36","guid":{"rendered":"https:\/\/galicianparts.com\/shop\/producto\/4424174-valvula-escape-m1-3-fiat-127-panda-uno-fiorino-1986-1995-nuevo-original\/"},"modified":"2024-01-04T12:09:48","modified_gmt":"2024-01-04T10:09:48","slug":"4424174-valvula-escape-m1-3-fiat-127-panda-uno-fiorino-1986-1995-nuevo-original","status":"publish","type":"product","link":"https:\/\/galicianparts.com\/shop\/producto\/4424174-valvula-escape-m1-3-fiat-127-panda-uno-fiorino-1986-1995-nuevo-original\/","title":{"rendered":"4424174 V\u00e1lvula escape M1.3 D Fiat 127 \/Panda \/Uno \/Fiorino NUEVO ORIGINAL"},"content":{"rendered":"<p>V\u00e1lvula de escape de los modelos con motor 1300cc Di\u00e9sel de:<br \/>\nLargo: 112 mm<br \/>\nDi\u00e1metro v\u00e1stago: 8 mm<br \/>\nDi\u00e1metro plato: 29 mm<\/p>\n<p>FIAT &#8211; 127 DS<br \/>\nFIAT &#8211; 2P PANDA DS (1986-1993)<br \/>\nFIAT &#8211; MU UNO DIESEL R\/89 (1989-1995) 1300 ASPIRADO<br \/>\nFIAT PROFESSIONAL &#8211; 2M FIORINO (1991-1993) 1300 DS<\/p>\n<p>LA PIEZA ES NUEVA Y ORIGINAL.<\/p>\n","protected":false},"excerpt":{"rendered":"<p>V\u00e1lvula de escape de los modelos con motor 1300cc Di\u00e9sel de: Largo: 112 mm Di\u00e1metro v\u00e1stago: 8 mm Di\u00e1metro plato: 29 mm FIAT &#8211; 127 DS FIAT &#8211; 2P PANDA DS (1986-1993) FIAT &#8211; MU UNO DIESEL R\/89 (1989-1995) 1300 ASPIRADO FIAT PROFESSIONAL &#8211; 2M FIORINO (1991-1993) 1300 DS LA PIEZA ES NUEVA Y ORIGINAL.<\/p>\n","protected":false},"featured_media":59231,"template":"","meta":{"_seopress_robots_primary_cat":"","_seopress_titles_title":"","_seopress_titles_desc":"","_seopress_robots_index":""},"product_cat":[20,91,99,114],"product_tag":[],"class_list":{"0":"post-23231","1":"product","2":"type-product","3":"status-publish","4":"has-post-thumbnail","6":"product_cat-recambios-fiat","7":"product_cat-recambios-fiat-fiorino","8":"product_cat-recambios-fiat-panda","9":"product_cat-recambios-fiat-uno","11":"first","12":"instock","13":"taxable","14":"shipping-taxable","15":"purchasable","16":"product-type-simple"},"_links":{"self":[{"href":"https:\/\/galicianparts.com\/shop\/wp-json\/wp\/v2\/product\/23231"}],"collection":[{"href":"https:\/\/galicianparts.com\/shop\/wp-json\/wp\/v2\/product"}],"about":[{"href":"https:\/\/galicianparts.com\/shop\/wp-json\/wp\/v2\/types\/product"}],"wp:featuredmedia":[{"embeddable":true,"href":"https:\/\/galicianparts.com\/shop\/wp-json\/wp\/v2\/media\/59231"}],"wp:attachment":[{"href":"https:\/\/galicianparts.com\/shop\/wp-json\/wp\/v2\/media?parent=23231"}],"wp:term":[{"taxonomy":"product_cat","embeddable":true,"href":"https:\/\/galicianparts.com\/shop\/wp-json\/wp\/v2\/product_cat?post=23231"},{"taxonomy":"product_tag","embeddable":true,"href":"https:\/\/galicianparts.com\/shop\/wp-json\/wp\/v2\/product_tag?post=23231"}],"curies":[{"name":"wp","href":"https:\/\/api.w.org\/{rel}","templated":true}]}}