{"id":23260,"date":"2021-05-26T12:34:24","date_gmt":"2021-05-26T10:34:24","guid":{"rendered":"https:\/\/galicianparts.com\/shop\/producto\/4371578-filtro-aire-fiat-124-spider-500-1000-original\/"},"modified":"2024-04-20T14:23:30","modified_gmt":"2024-04-20T12:23:30","slug":"4371578-filtro-aire-fiat-124-spider-500-1000-original","status":"publish","type":"product","link":"https:\/\/galicianparts.com\/shop\/producto\/4371578-filtro-aire-fiat-124-spider-500-1000-original\/","title":{"rendered":"4371578 Filtro aire Fiat 124 Spider \/ 500 \/ 1000 ORIGINAL"},"content":{"rendered":"<p>Filtro del aire de:<br \/>\nFIAT 1000-Serie Berlina (A\u00f1o 07.1953 &#8211; 06.1961, 39 , Gasolina)<br \/>\n1100, A\u00f1o 07.1953 &#8211; 06.1961, 1082 , 39<br \/>\nFIAT 124 Sport Spider (124) (A\u00f1o 01.1966 &#8211; 12.1972, 90 , Gasolina)<br \/>\n1.4 Sport, A\u00f1o 01.1966 &#8211; 12.1972, 1438 , 90<br \/>\nFIAT 500 Berlina (A\u00f1o 01.1957 &#8211; 01.1976, 15 &#8211; 18 , Gasolina)<br \/>\n0.5, A\u00f1o 01.1957 &#8211; 12.1961, 476 , 15<br \/>\n0.5, A\u00f1o 01.1965 &#8211; 01.1976, 499 , 18<\/p>\n<p>LA PIEZA ES NUEVA Y ORIGINAL.<\/p>\n","protected":false},"excerpt":{"rendered":"<p>Filtro del aire de: FIAT 1000-Serie Berlina (A\u00f1o 07.1953 &#8211; 06.1961, 39 , Gasolina) 1100, A\u00f1o 07.1953 &#8211; 06.1961, 1082 , 39 FIAT 124 Sport Spider (124) (A\u00f1o 01.1966 &#8211; 12.1972, 90 , Gasolina) 1.4 Sport, A\u00f1o 01.1966 &#8211; 12.1972, 1438 , 90 FIAT 500 Berlina (A\u00f1o 01.1957 &#8211; 01.1976, 15 &#8211; 18 , Gasolina) [&hellip;]<\/p>\n","protected":false},"featured_media":60449,"template":"","meta":{"_seopress_robots_primary_cat":"","_seopress_titles_title":"","_seopress_titles_desc":"","_seopress_robots_index":""},"product_cat":[353,65,74,20],"product_tag":[],"class_list":{"0":"post-23260","1":"product","2":"type-product","3":"status-publish","4":"has-post-thumbnail","6":"product_cat-recambios-fiat-1000","7":"product_cat-recambios-fiat-124","8":"product_cat-recambios-fiat-500","9":"product_cat-recambios-fiat","11":"first","12":"outofstock","13":"taxable","14":"shipping-taxable","15":"purchasable","16":"product-type-simple"},"_links":{"self":[{"href":"https:\/\/galicianparts.com\/shop\/wp-json\/wp\/v2\/product\/23260"}],"collection":[{"href":"https:\/\/galicianparts.com\/shop\/wp-json\/wp\/v2\/product"}],"about":[{"href":"https:\/\/galicianparts.com\/shop\/wp-json\/wp\/v2\/types\/product"}],"wp:featuredmedia":[{"embeddable":true,"href":"https:\/\/galicianparts.com\/shop\/wp-json\/wp\/v2\/media\/60449"}],"wp:attachment":[{"href":"https:\/\/galicianparts.com\/shop\/wp-json\/wp\/v2\/media?parent=23260"}],"wp:term":[{"taxonomy":"product_cat","embeddable":true,"href":"https:\/\/galicianparts.com\/shop\/wp-json\/wp\/v2\/product_cat?post=23260"},{"taxonomy":"product_tag","embeddable":true,"href":"https:\/\/galicianparts.com\/shop\/wp-json\/wp\/v2\/product_tag?post=23260"}],"curies":[{"name":"wp","href":"https:\/\/api.w.org\/{rel}","templated":true}]}}