{"id":23437,"date":"2021-05-27T11:14:38","date_gmt":"2021-05-27T09:14:38","guid":{"rendered":"https:\/\/galicianparts.com\/shop\/producto\/9948296-rotula-axial-direccion-lancia-lybra-1999-2005-original\/"},"modified":"2023-01-15T00:15:34","modified_gmt":"2023-01-14T22:15:34","slug":"9948296-rotula-axial-direccion-lancia-lybra-1999-2005-original","status":"publish","type":"product","link":"https:\/\/galicianparts.com\/shop\/producto\/9948296-rotula-axial-direccion-lancia-lybra-1999-2005-original\/","title":{"rendered":"9948296 R\u00f3tula axial direcci\u00f3n Lancia Lybra (1999-2005) ORIGINAL"},"content":{"rendered":"<p>Tirante, r\u00f3tula axial de la cremallera de direcci\u00f3n de Lancia Lybra (1999-2005) <\/p>\n<p>LA PIEZA ES NUEVA Y ORIGINAL.<\/p>\n","protected":false},"excerpt":{"rendered":"<p>Tirante, r\u00f3tula axial de la cremallera de direcci\u00f3n de Lancia Lybra (1999-2005) LA PIEZA ES NUEVA Y ORIGINAL.<\/p>\n","protected":false},"featured_media":23439,"template":"","meta":{"_seopress_robots_primary_cat":"","_seopress_titles_title":"","_seopress_titles_desc":"","_seopress_robots_index":""},"product_cat":[21,120],"product_tag":[],"class_list":{"0":"post-23437","1":"product","2":"type-product","3":"status-publish","4":"has-post-thumbnail","6":"product_cat-recambios-lancia","7":"product_cat-recambios-lancia-lybra","9":"first","10":"outofstock","11":"taxable","12":"shipping-taxable","13":"purchasable","14":"product-type-simple"},"_links":{"self":[{"href":"https:\/\/galicianparts.com\/shop\/wp-json\/wp\/v2\/product\/23437"}],"collection":[{"href":"https:\/\/galicianparts.com\/shop\/wp-json\/wp\/v2\/product"}],"about":[{"href":"https:\/\/galicianparts.com\/shop\/wp-json\/wp\/v2\/types\/product"}],"wp:featuredmedia":[{"embeddable":true,"href":"https:\/\/galicianparts.com\/shop\/wp-json\/wp\/v2\/media\/23439"}],"wp:attachment":[{"href":"https:\/\/galicianparts.com\/shop\/wp-json\/wp\/v2\/media?parent=23437"}],"wp:term":[{"taxonomy":"product_cat","embeddable":true,"href":"https:\/\/galicianparts.com\/shop\/wp-json\/wp\/v2\/product_cat?post=23437"},{"taxonomy":"product_tag","embeddable":true,"href":"https:\/\/galicianparts.com\/shop\/wp-json\/wp\/v2\/product_tag?post=23437"}],"curies":[{"name":"wp","href":"https:\/\/api.w.org\/{rel}","templated":true}]}}