{"id":23547,"date":"2021-05-27T19:11:04","date_gmt":"2021-05-27T17:11:04","guid":{"rendered":"https:\/\/galicianparts.com\/shop\/producto\/4116223-casquillo-separador-17mm-pinon-ciguenal-fiat-850-nuevo-original\/"},"modified":"2021-05-27T19:19:29","modified_gmt":"2021-05-27T17:19:29","slug":"4116223-casquillo-separador-17mm-pinon-ciguenal-fiat-850-nuevo-original","status":"publish","type":"product","link":"https:\/\/galicianparts.com\/shop\/producto\/4116223-casquillo-separador-17mm-pinon-ciguenal-fiat-850-nuevo-original\/","title":{"rendered":"4116223 Casquillo separador 17mm pi\u00f1\u00f3n cig\u00fce\u00f1al Fiat 850 NUEVO ORIGINAL"},"content":{"rendered":"<p>Casquillo separador de 17mm de espesor, del sistema de lubricaci\u00f3n del motor de Fiat 850.<\/p>\n<p>LA PIEZA ES NUEVA Y ORIGINAL.<\/p>\n","protected":false},"excerpt":{"rendered":"<p>Casquillo separador de 17mm de espesor, del sistema de lubricaci\u00f3n del motor de Fiat 850. LA PIEZA ES NUEVA Y ORIGINAL.<\/p>\n","protected":false},"featured_media":23548,"template":"","meta":{"_seopress_robots_primary_cat":"","_seopress_titles_title":"","_seopress_titles_desc":"","_seopress_robots_index":""},"product_cat":[76,20],"product_tag":[],"class_list":{"0":"post-23547","1":"product","2":"type-product","3":"status-publish","4":"has-post-thumbnail","6":"product_cat-recambios-fiat-850","7":"product_cat-recambios-fiat","9":"first","10":"instock","11":"taxable","12":"shipping-taxable","13":"purchasable","14":"product-type-simple"},"_links":{"self":[{"href":"https:\/\/galicianparts.com\/shop\/wp-json\/wp\/v2\/product\/23547"}],"collection":[{"href":"https:\/\/galicianparts.com\/shop\/wp-json\/wp\/v2\/product"}],"about":[{"href":"https:\/\/galicianparts.com\/shop\/wp-json\/wp\/v2\/types\/product"}],"wp:featuredmedia":[{"embeddable":true,"href":"https:\/\/galicianparts.com\/shop\/wp-json\/wp\/v2\/media\/23548"}],"wp:attachment":[{"href":"https:\/\/galicianparts.com\/shop\/wp-json\/wp\/v2\/media?parent=23547"}],"wp:term":[{"taxonomy":"product_cat","embeddable":true,"href":"https:\/\/galicianparts.com\/shop\/wp-json\/wp\/v2\/product_cat?post=23547"},{"taxonomy":"product_tag","embeddable":true,"href":"https:\/\/galicianparts.com\/shop\/wp-json\/wp\/v2\/product_tag?post=23547"}],"curies":[{"name":"wp","href":"https:\/\/api.w.org\/{rel}","templated":true}]}}