{"id":23569,"date":"2021-05-27T21:28:04","date_gmt":"2021-05-27T19:28:04","guid":{"rendered":"https:\/\/galicianparts.com\/shop\/producto\/19250287-tubo-corrugado-cableado-electrico-l-3100mm-d-14mm\/"},"modified":"2022-07-11T11:54:03","modified_gmt":"2022-07-11T09:54:03","slug":"19250287-tubo-corrugado-cableado-electrico-l-3100mm-d-14mm","status":"publish","type":"product","link":"https:\/\/galicianparts.com\/shop\/producto\/19250287-tubo-corrugado-cableado-electrico-l-3100mm-d-14mm\/","title":{"rendered":"19250287 Tubo corrugado cableado el\u00e9ctrico L 3100mm D 14mm"},"content":{"rendered":"<p>Funda para cables el\u00e9ctricos, tubo pl\u00e1stico corrugado:<br \/>\nLargo: 3100mm<br \/>\nDi\u00e1metro: 14mm<\/p>\n<p>LA PIEZA ES NUEVA Y ORIGINAL.<\/p>\n","protected":false},"excerpt":{"rendered":"<p>Funda para cables el\u00e9ctricos, tubo pl\u00e1stico corrugado: Largo: 3100mm Di\u00e1metro: 14mm LA PIEZA ES NUEVA Y ORIGINAL.<\/p>\n","protected":false},"featured_media":23570,"template":"","meta":{"_seopress_robots_primary_cat":"none","_seopress_titles_title":"","_seopress_titles_desc":"","_seopress_robots_index":""},"product_cat":[16,25,23,20,271,22,21,24,26],"product_tag":[],"class_list":{"0":"post-23569","1":"product","2":"type-product","3":"status-publish","4":"has-post-thumbnail","6":"product_cat-recambios-alfa-romeo","7":"product_cat-recambios-autobianchi","8":"product_cat-recambios-citroen","9":"product_cat-recambios-fiat","10":"product_cat-recambios-hyundai","11":"product_cat-recambios-kia","12":"product_cat-recambios-lancia","13":"product_cat-recambios-peugeot","14":"product_cat-recambios-seat","15":"product_shipping_class-extra","17":"first","18":"outofstock","19":"taxable","20":"shipping-taxable","21":"purchasable","22":"product-type-simple"},"_links":{"self":[{"href":"https:\/\/galicianparts.com\/shop\/wp-json\/wp\/v2\/product\/23569"}],"collection":[{"href":"https:\/\/galicianparts.com\/shop\/wp-json\/wp\/v2\/product"}],"about":[{"href":"https:\/\/galicianparts.com\/shop\/wp-json\/wp\/v2\/types\/product"}],"wp:featuredmedia":[{"embeddable":true,"href":"https:\/\/galicianparts.com\/shop\/wp-json\/wp\/v2\/media\/23570"}],"wp:attachment":[{"href":"https:\/\/galicianparts.com\/shop\/wp-json\/wp\/v2\/media?parent=23569"}],"wp:term":[{"taxonomy":"product_cat","embeddable":true,"href":"https:\/\/galicianparts.com\/shop\/wp-json\/wp\/v2\/product_cat?post=23569"},{"taxonomy":"product_tag","embeddable":true,"href":"https:\/\/galicianparts.com\/shop\/wp-json\/wp\/v2\/product_tag?post=23569"}],"curies":[{"name":"wp","href":"https:\/\/api.w.org\/{rel}","templated":true}]}}