{"id":23677,"date":"2021-05-28T13:39:16","date_gmt":"2021-05-28T11:39:16","guid":{"rendered":"https:\/\/galicianparts.com\/shop\/producto\/7667643-pinon-marcha-atras-fiat-punto-uno-lancia-y10-nuevo-original\/"},"modified":"2025-09-15T15:19:58","modified_gmt":"2025-09-15T13:19:58","slug":"7667643-pinon-marcha-atras-fiat-punto-uno-lancia-y10-nuevo-original","status":"publish","type":"product","link":"https:\/\/galicianparts.com\/shop\/producto\/7667643-pinon-marcha-atras-fiat-punto-uno-lancia-y10-nuevo-original\/","title":{"rendered":"7667643 Pi\u00f1\u00f3n marcha atr\u00e1s Fiat Punto \/ Uno \/ Lancia Y10 NUEVO ORIGINAL"},"content":{"rendered":"<p>Engranaje de 26 dientes de la marcha atr\u00e1s de:<br \/>\nFIAT &#8211; NV PUNTO 55-60-75-90 (1994-1997)<br \/>\nFIAT &#8211; PF PUNTO CABRIO (1994-1997)<br \/>\nFIAT &#8211; MS UNO R\/89 1370-1.5 (1994-1995)<br \/>\nFIAT &#8211; MR UNO R\/89 1.0-1.1 (1994-1995)<br \/>\nLANCIA &#8211; ZM Y10 1.0 1.1 R.92 (1994-1995)<\/p>\n<p>LA PIEZA ES NUEVA Y ORIGINAL.<\/p>\n","protected":false},"excerpt":{"rendered":"<p>Engranaje de 26 dientes de la marcha atr\u00e1s de: FIAT &#8211; NV PUNTO 55-60-75-90 (1994-1997) FIAT &#8211; PF PUNTO CABRIO (1994-1997) FIAT &#8211; MS UNO R\/89 1370-1.5 (1994-1995) FIAT &#8211; MR UNO R\/89 1.0-1.1 (1994-1995) LANCIA &#8211; ZM Y10 1.0 1.1 R.92 (1994-1995) LA PIEZA ES NUEVA Y ORIGINAL.<\/p>\n","protected":false},"featured_media":23678,"template":"","meta":{"_seopress_robots_primary_cat":"","_seopress_titles_title":"","_seopress_titles_desc":"","_seopress_robots_index":""},"product_cat":[20,21,101,114,126],"product_tag":[],"class_list":{"0":"post-23677","1":"product","2":"type-product","3":"status-publish","4":"has-post-thumbnail","6":"product_cat-recambios-fiat","7":"product_cat-recambios-lancia","8":"product_cat-recambios-fiat-punto","9":"product_cat-recambios-fiat-uno","10":"product_cat-recambios-lancia-y10","12":"first","13":"outofstock","14":"taxable","15":"shipping-taxable","16":"purchasable","17":"product-type-simple"},"_links":{"self":[{"href":"https:\/\/galicianparts.com\/shop\/wp-json\/wp\/v2\/product\/23677"}],"collection":[{"href":"https:\/\/galicianparts.com\/shop\/wp-json\/wp\/v2\/product"}],"about":[{"href":"https:\/\/galicianparts.com\/shop\/wp-json\/wp\/v2\/types\/product"}],"wp:featuredmedia":[{"embeddable":true,"href":"https:\/\/galicianparts.com\/shop\/wp-json\/wp\/v2\/media\/23678"}],"wp:attachment":[{"href":"https:\/\/galicianparts.com\/shop\/wp-json\/wp\/v2\/media?parent=23677"}],"wp:term":[{"taxonomy":"product_cat","embeddable":true,"href":"https:\/\/galicianparts.com\/shop\/wp-json\/wp\/v2\/product_cat?post=23677"},{"taxonomy":"product_tag","embeddable":true,"href":"https:\/\/galicianparts.com\/shop\/wp-json\/wp\/v2\/product_tag?post=23677"}],"curies":[{"name":"wp","href":"https:\/\/api.w.org\/{rel}","templated":true}]}}