{"id":23724,"date":"2021-05-31T10:19:55","date_gmt":"2021-05-31T08:19:55","guid":{"rendered":"https:\/\/galicianparts.com\/shop\/producto\/71737378-goma-pedal-freno-fiat-idea-lancia-ypsilon-automatico-2003-2012-nuevo-original\/"},"modified":"2022-02-24T14:13:16","modified_gmt":"2022-02-24T12:13:16","slug":"71737378-goma-pedal-freno-fiat-idea-lancia-ypsilon-automatico-2003-2012-nuevo-original","status":"publish","type":"product","link":"https:\/\/galicianparts.com\/shop\/producto\/71737378-goma-pedal-freno-fiat-idea-lancia-ypsilon-automatico-2003-2012-nuevo-original\/","title":{"rendered":"71737378 Goma pedal freno Fiat Idea \/ Lancia Ypsil\u00f3n autom\u00e1tico (2003-2012) NUEVO ORIGINAL"},"content":{"rendered":"<p>Almohadilla de goma del pedal de freno de los modelos autom\u00e1ticos de: FIAT &#8211; 2S IDEA (2003-2008)<br \/>\nFIAT &#8211; 4D IDEA (2008-2012)<br \/>\nLANCIA &#8211; TE YPSILON (2003-2009)<br \/>\nLANCIA &#8211; TI YPSILON (2009-2011)<\/p>\n<p> LA PIEZA ES NUEVA Y ORIGINAL.<\/p>\n","protected":false},"excerpt":{"rendered":"<p>Almohadilla de goma del pedal de freno de los modelos autom\u00e1ticos de: FIAT &#8211; 2S IDEA (2003-2008) FIAT &#8211; 4D IDEA (2008-2012) LANCIA &#8211; TE YPSILON (2003-2009) LANCIA &#8211; TI YPSILON (2009-2011) LA PIEZA ES NUEVA Y ORIGINAL.<\/p>\n","protected":false},"featured_media":23725,"template":"","meta":{"_seopress_robots_primary_cat":"","_seopress_titles_title":"","_seopress_titles_desc":"","_seopress_robots_index":""},"product_cat":[20,93,21,127],"product_tag":[],"class_list":{"0":"post-23724","1":"product","2":"type-product","3":"status-publish","4":"has-post-thumbnail","6":"product_cat-recambios-fiat","7":"product_cat-recambios-fiat-idea","8":"product_cat-recambios-lancia","9":"product_cat-recambios-lancia-ypsilon","11":"first","12":"outofstock","13":"taxable","14":"shipping-taxable","15":"purchasable","16":"product-type-simple"},"_links":{"self":[{"href":"https:\/\/galicianparts.com\/shop\/wp-json\/wp\/v2\/product\/23724"}],"collection":[{"href":"https:\/\/galicianparts.com\/shop\/wp-json\/wp\/v2\/product"}],"about":[{"href":"https:\/\/galicianparts.com\/shop\/wp-json\/wp\/v2\/types\/product"}],"wp:featuredmedia":[{"embeddable":true,"href":"https:\/\/galicianparts.com\/shop\/wp-json\/wp\/v2\/media\/23725"}],"wp:attachment":[{"href":"https:\/\/galicianparts.com\/shop\/wp-json\/wp\/v2\/media?parent=23724"}],"wp:term":[{"taxonomy":"product_cat","embeddable":true,"href":"https:\/\/galicianparts.com\/shop\/wp-json\/wp\/v2\/product_cat?post=23724"},{"taxonomy":"product_tag","embeddable":true,"href":"https:\/\/galicianparts.com\/shop\/wp-json\/wp\/v2\/product_tag?post=23724"}],"curies":[{"name":"wp","href":"https:\/\/api.w.org\/{rel}","templated":true}]}}