{"id":23775,"date":"2021-05-31T13:10:05","date_gmt":"2021-05-31T11:10:05","guid":{"rendered":"https:\/\/galicianparts.com\/shop\/producto\/7768644-deposito-servofreno-fiat-barcheta-bravo-brava-marea-nuevo-original\/"},"modified":"2024-06-03T00:10:13","modified_gmt":"2024-06-02T22:10:13","slug":"7768644-deposito-servofreno-fiat-barcheta-bravo-brava-marea-nuevo-original","status":"publish","type":"product","link":"https:\/\/galicianparts.com\/shop\/producto\/7768644-deposito-servofreno-fiat-barcheta-bravo-brava-marea-nuevo-original\/","title":{"rendered":"7768644 Deposito servodirecci\u00f3n Fiat Barcheta \/ Bravo \/ Brava \/ Marea NUEVO ORIGINAL"},"content":{"rendered":"<p>Dep\u00f3sito de l\u00edquido de direcci\u00f3n de la cremallera de direcci\u00f3n de:<br \/>\nFIAT &#8211; PK BARCHETTA (1998-2004)<br \/>\nFIAT &#8211; 1V BRAVA 1370CC 12V (1995-1998)<br \/>\nFIAT &#8211; 1U BRAVO 1370CC 12V (1995-1998)<br \/>\nFIAT &#8211; PT MAREA 1370VV 12V BENZINA (1996-1999)<\/p>\n<p>LA PIEZA ES NUEVA Y ORIGINAL.<\/p>\n","protected":false},"excerpt":{"rendered":"<p>Dep\u00f3sito de l\u00edquido de direcci\u00f3n de la cremallera de direcci\u00f3n de: FIAT &#8211; PK BARCHETTA (1998-2004) FIAT &#8211; 1V BRAVA 1370CC 12V (1995-1998) FIAT &#8211; 1U BRAVO 1370CC 12V (1995-1998) FIAT &#8211; PT MAREA 1370VV 12V BENZINA (1996-1999) LA PIEZA ES NUEVA Y ORIGINAL.<\/p>\n","protected":false},"featured_media":23784,"template":"","meta":{"_seopress_robots_primary_cat":"","_seopress_titles_title":"","_seopress_titles_desc":"","_seopress_robots_index":""},"product_cat":[80,81,82,20,95],"product_tag":[],"class_list":{"0":"post-23775","1":"product","2":"type-product","3":"status-publish","4":"has-post-thumbnail","6":"product_cat-recambios-fiat-barchetta","7":"product_cat-recambios-fiat-brava","8":"product_cat-recambios-fiat-bravo","9":"product_cat-recambios-fiat","10":"product_cat-recambios-fiat-marea","12":"first","13":"outofstock","14":"taxable","15":"shipping-taxable","16":"purchasable","17":"product-type-simple"},"_links":{"self":[{"href":"https:\/\/galicianparts.com\/shop\/wp-json\/wp\/v2\/product\/23775"}],"collection":[{"href":"https:\/\/galicianparts.com\/shop\/wp-json\/wp\/v2\/product"}],"about":[{"href":"https:\/\/galicianparts.com\/shop\/wp-json\/wp\/v2\/types\/product"}],"wp:featuredmedia":[{"embeddable":true,"href":"https:\/\/galicianparts.com\/shop\/wp-json\/wp\/v2\/media\/23784"}],"wp:attachment":[{"href":"https:\/\/galicianparts.com\/shop\/wp-json\/wp\/v2\/media?parent=23775"}],"wp:term":[{"taxonomy":"product_cat","embeddable":true,"href":"https:\/\/galicianparts.com\/shop\/wp-json\/wp\/v2\/product_cat?post=23775"},{"taxonomy":"product_tag","embeddable":true,"href":"https:\/\/galicianparts.com\/shop\/wp-json\/wp\/v2\/product_tag?post=23775"}],"curies":[{"name":"wp","href":"https:\/\/api.w.org\/{rel}","templated":true}]}}