{"id":24007,"date":"2021-06-02T11:44:48","date_gmt":"2021-06-02T09:44:48","guid":{"rendered":"https:\/\/galicianparts.com\/shop\/producto\/9623441087-amortiguador-trasero-fiat-ulysse-lancia-z-citroen-peugeot-nuevo-original\/"},"modified":"2023-12-01T00:02:27","modified_gmt":"2023-11-30T22:02:27","slug":"9623441087-amortiguador-trasero-fiat-ulysse-lancia-z-citroen-peugeot-nuevo-original","status":"publish","type":"product","link":"https:\/\/galicianparts.com\/shop\/producto\/9623441087-amortiguador-trasero-fiat-ulysse-lancia-z-citroen-peugeot-nuevo-original\/","title":{"rendered":"9623441087 Amortiguador trasero Fiat Ulysse \/ Lancia Z \/ Citroen \/ Peugeot NUEVO ORIGINAL"},"content":{"rendered":"<p>Amortiguador de la suspensi\u00f3n trasera de:<br \/>\nCITRO\u00cbN Evasion (22, U6) (A\u00f1o 06.1994 &#8211; 07.2002, 90 &#8211; 147 , Gas\u00f3leo,Gasolina)<br \/>\n1.8, A\u00f1o 05.1997 &#8211; 07.2002, 1761 , 99<br \/>\n1.8, A\u00f1o 02.1996 &#8211; 12.1996, 1761 , 103<br \/>\n1.9 TD, A\u00f1o 11.1994 &#8211; 07.2002, 1905 , 90<br \/>\n1.9 TD, A\u00f1o 10.1995 &#8211; 12.1998, 1905 , 92<br \/>\n2.0, A\u00f1o 06.1994 &#8211; 07.2002, 1998 , 121<br \/>\n2.0 Turbo C.T., A\u00f1o 06.1994 &#8211; 07.2002, 1998 , 147<br \/>\n2.1 TD, A\u00f1o 05.1996 &#8211; 07.2002, 2088 , 109<br \/>\nFIAT Ulysse I (220) (A\u00f1o 06.1994 &#8211; 08.2002, 90 &#8211; 147 , Gas\u00f3leo,Gasolina)<br \/>\n1.8, A\u00f1o 05.1997 &#8211; 08.2002, 1761 , 99<br \/>\n1.9 TD, A\u00f1o 05.1997 &#8211; 12.1999, 1905 , 92<br \/>\n1.9 TD, A\u00f1o 02.1995 &#8211; 08.2002, 1905 , 90<br \/>\n2.0, A\u00f1o 06.1994 &#8211; 08.2002, 1998 , 121<br \/>\n2.0 Turbo, A\u00f1o 06.1994 &#8211; 08.2002, 1998 , 147<br \/>\n2.1 TD, A\u00f1o 03.1996 &#8211; 10.1999, 2088 , 109<br \/>\nLANCIA Zeta (220) (A\u00f1o 05.1995 &#8211; 09.2002, 109 &#8211; 147 , Gas\u00f3leo,Gasolina)<br \/>\n2.0 Turbo, A\u00f1o 05.1995 &#8211; 09.2002, 1998 , 147<br \/>\n2.1 TD, A\u00f1o 05.1996 &#8211; 09.1999, 2088 , 109<br \/>\nPEUGEOT 806 (A\u00f1o 06.1994 &#8211; 08.2002, 90 &#8211; 147 , Gas\u00f3leo,Gasolina)<br \/>\n1.8, A\u00f1o 07.1995 &#8211; 08.2002, 1761 , 99<br \/>\n1.9 TD, A\u00f1o 07.1995 &#8211; 08.2002, 1905 , 90<br \/>\n1.9 TD, A\u00f1o 05.1997 &#8211; 08.2002, 1905 , 92<br \/>\n2.0, A\u00f1o 06.1994 &#8211; 08.2002, 1998 , 121<br \/>\n2.0 Turbo, A\u00f1o 06.1994 &#8211; 08.2002, 1998 , 147<br \/>\n2.1 td 12V, A\u00f1o 06.1996 &#8211; 08.1999, 2088 , 109<\/p>\n<p>LA PIEZA ES NUEVA Y ORIGINAL.<\/p>\n","protected":false},"excerpt":{"rendered":"<p>Amortiguador de la suspensi\u00f3n trasera de: CITRO\u00cbN Evasion (22, U6) (A\u00f1o 06.1994 &#8211; 07.2002, 90 &#8211; 147 , Gas\u00f3leo,Gasolina) 1.8, A\u00f1o 05.1997 &#8211; 07.2002, 1761 , 99 1.8, A\u00f1o 02.1996 &#8211; 12.1996, 1761 , 103 1.9 TD, A\u00f1o 11.1994 &#8211; 07.2002, 1905 , 90 1.9 TD, A\u00f1o 10.1995 &#8211; 12.1998, 1905 , 92 2.0, A\u00f1o [&hellip;]<\/p>\n","protected":false},"featured_media":24013,"template":"","meta":{"_seopress_robots_primary_cat":"","_seopress_titles_title":"","_seopress_titles_desc":"","_seopress_robots_index":""},"product_cat":[189,23,188,20,21,24,113,128],"product_tag":[],"class_list":{"0":"post-24007","1":"product","2":"type-product","3":"status-publish","4":"has-post-thumbnail","6":"product_cat-recambios-peugeot-806","7":"product_cat-recambios-citroen","8":"product_cat-recambios-citroen-evasion","9":"product_cat-recambios-fiat","10":"product_cat-recambios-lancia","11":"product_cat-recambios-peugeot","12":"product_cat-recambios-fiat-ulysse","13":"product_cat-recambios-lancia-z","15":"first","16":"instock","17":"taxable","18":"shipping-taxable","19":"purchasable","20":"product-type-simple"},"_links":{"self":[{"href":"https:\/\/galicianparts.com\/shop\/wp-json\/wp\/v2\/product\/24007"}],"collection":[{"href":"https:\/\/galicianparts.com\/shop\/wp-json\/wp\/v2\/product"}],"about":[{"href":"https:\/\/galicianparts.com\/shop\/wp-json\/wp\/v2\/types\/product"}],"wp:featuredmedia":[{"embeddable":true,"href":"https:\/\/galicianparts.com\/shop\/wp-json\/wp\/v2\/media\/24013"}],"wp:attachment":[{"href":"https:\/\/galicianparts.com\/shop\/wp-json\/wp\/v2\/media?parent=24007"}],"wp:term":[{"taxonomy":"product_cat","embeddable":true,"href":"https:\/\/galicianparts.com\/shop\/wp-json\/wp\/v2\/product_cat?post=24007"},{"taxonomy":"product_tag","embeddable":true,"href":"https:\/\/galicianparts.com\/shop\/wp-json\/wp\/v2\/product_tag?post=24007"}],"curies":[{"name":"wp","href":"https:\/\/api.w.org\/{rel}","templated":true}]}}