{"id":24113,"date":"2021-06-02T14:37:13","date_gmt":"2021-06-02T12:37:13","guid":{"rendered":"https:\/\/galicianparts.com\/shop\/producto\/4110038-ferodos-disco-embrague-d-155mm-fiat-lancia-alfa-romeo\/"},"modified":"2024-11-25T13:04:40","modified_gmt":"2024-11-25T11:04:40","slug":"4110038-ferodos-disco-embrague-d-155mm-fiat-lancia-alfa-romeo","status":"publish","type":"product","link":"https:\/\/galicianparts.com\/shop\/producto\/4110038-ferodos-disco-embrague-d-155mm-fiat-lancia-alfa-romeo\/","title":{"rendered":"4110038 Ferodos disco embrague D 155mm Fiat \/ Lancia \/ Alfa Romeo"},"content":{"rendered":"<p>Discos de fricci\u00f3n para remachar el disco de embrague:<br \/>\nDi\u00e1metro exterior: 155mm<br \/>\nDi\u00e1metro interior: 115mm<br \/>\nEspesor: 4mm<\/p>\n<p>LA PIEZA ES NUEVA Y ORIGINAL.<\/p>\n","protected":false},"excerpt":{"rendered":"<p>Discos de fricci\u00f3n para remachar el disco de embrague: Di\u00e1metro exterior: 155mm Di\u00e1metro interior: 115mm Espesor: 4mm LA PIEZA ES NUEVA Y ORIGINAL.<\/p>\n","protected":false},"featured_media":24114,"template":"","meta":{"_seopress_robots_primary_cat":"","_seopress_titles_title":"","_seopress_titles_desc":"","_seopress_robots_index":""},"product_cat":[16,20,21],"product_tag":[],"class_list":{"0":"post-24113","1":"product","2":"type-product","3":"status-publish","4":"has-post-thumbnail","6":"product_cat-recambios-alfa-romeo","7":"product_cat-recambios-fiat","8":"product_cat-recambios-lancia","10":"first","11":"outofstock","12":"taxable","13":"shipping-taxable","14":"purchasable","15":"product-type-simple"},"_links":{"self":[{"href":"https:\/\/galicianparts.com\/shop\/wp-json\/wp\/v2\/product\/24113"}],"collection":[{"href":"https:\/\/galicianparts.com\/shop\/wp-json\/wp\/v2\/product"}],"about":[{"href":"https:\/\/galicianparts.com\/shop\/wp-json\/wp\/v2\/types\/product"}],"wp:featuredmedia":[{"embeddable":true,"href":"https:\/\/galicianparts.com\/shop\/wp-json\/wp\/v2\/media\/24114"}],"wp:attachment":[{"href":"https:\/\/galicianparts.com\/shop\/wp-json\/wp\/v2\/media?parent=24113"}],"wp:term":[{"taxonomy":"product_cat","embeddable":true,"href":"https:\/\/galicianparts.com\/shop\/wp-json\/wp\/v2\/product_cat?post=24113"},{"taxonomy":"product_tag","embeddable":true,"href":"https:\/\/galicianparts.com\/shop\/wp-json\/wp\/v2\/product_tag?post=24113"}],"curies":[{"name":"wp","href":"https:\/\/api.w.org\/{rel}","templated":true}]}}