{"id":24117,"date":"2021-06-03T09:22:56","date_gmt":"2021-06-03T07:22:56","guid":{"rendered":"https:\/\/galicianparts.com\/shop\/producto\/7593341-latiguillo-freno-fiat-127-fiorino-1977-1989-nuevo-original\/"},"modified":"2025-03-20T14:29:42","modified_gmt":"2025-03-20T12:29:42","slug":"7593341-latiguillo-freno-fiat-127-fiorino-1977-1989-nuevo-original","status":"publish","type":"product","link":"https:\/\/galicianparts.com\/shop\/producto\/7593341-latiguillo-freno-fiat-127-fiorino-1977-1989-nuevo-original\/","title":{"rendered":"7593341 Latiguillo freno L 300mm Fiat 127 \/Fiorino NUEVO ORIGINAL"},"content":{"rendered":"<p>Tubo de freno de:<br \/>\nM\u00e9trica: 10&#215;1<br \/>\nLargo: 300 mm<\/p>\n<p>FIAT 127 Hatchback (127)<br \/>\n1.0 Sport, A\u00f1o 07.1978 &#8211; 02.1982, 1049 , 70<br \/>\nFIAT Fiorino I Furg\u00f3n (147)<br \/>\n1.0, A\u00f1o 01.1980 &#8211; 12.1987, 1049 , 50<br \/>\n1.0, A\u00f1o 12.1986 &#8211; 04.1988, 1049 , 56<br \/>\n1.3 D, A\u00f1o 03.1982 &#8211; 01.1988, 1288 , 45<br \/>\nFIAT Fiorino Furg\u00f3n (127)<br \/>\n1.0, A\u00f1o 01.1980 &#8211; 12.1987, 1049 , 50<br \/>\n0.9, A\u00f1o 10.1977 &#8211; 10.1986, 903 , 45<br \/>\nFIAT Fiorino Pick-up (147)<br \/>\n1.0, A\u00f1o 06.1982 &#8211; 10.1987, 1036 , 50<br \/>\n1.0, A\u00f1o 12.1986 &#8211; 10.1989, 1036 , 56<br \/>\n1.3 D, A\u00f1o 05.1984 &#8211; 12.1988, 1302 , 45<\/p>\n<p>LA PIEZA ES NUEVA Y ORIGINAL.<\/p>\n","protected":false},"excerpt":{"rendered":"<p>Tubo de freno de: M\u00e9trica: 10&#215;1 Largo: 300 mm FIAT 127 Hatchback (127) 1.0 Sport, A\u00f1o 07.1978 &#8211; 02.1982, 1049 , 70 FIAT Fiorino I Furg\u00f3n (147) 1.0, A\u00f1o 01.1980 &#8211; 12.1987, 1049 , 50 1.0, A\u00f1o 12.1986 &#8211; 04.1988, 1049 , 56 1.3 D, A\u00f1o 03.1982 &#8211; 01.1988, 1288 , 45 FIAT Fiorino Furg\u00f3n [&hellip;]<\/p>\n","protected":false},"featured_media":79220,"template":"","meta":{"_seopress_robots_primary_cat":"","_seopress_titles_title":"","_seopress_titles_desc":"","_seopress_robots_index":""},"product_cat":[68,20,91],"product_tag":[],"class_list":{"0":"post-24117","1":"product","2":"type-product","3":"status-publish","4":"has-post-thumbnail","6":"product_cat-recambios-fiat-127","7":"product_cat-recambios-fiat","8":"product_cat-recambios-fiat-fiorino","10":"first","11":"outofstock","12":"taxable","13":"shipping-taxable","14":"purchasable","15":"product-type-simple"},"_links":{"self":[{"href":"https:\/\/galicianparts.com\/shop\/wp-json\/wp\/v2\/product\/24117"}],"collection":[{"href":"https:\/\/galicianparts.com\/shop\/wp-json\/wp\/v2\/product"}],"about":[{"href":"https:\/\/galicianparts.com\/shop\/wp-json\/wp\/v2\/types\/product"}],"wp:featuredmedia":[{"embeddable":true,"href":"https:\/\/galicianparts.com\/shop\/wp-json\/wp\/v2\/media\/79220"}],"wp:attachment":[{"href":"https:\/\/galicianparts.com\/shop\/wp-json\/wp\/v2\/media?parent=24117"}],"wp:term":[{"taxonomy":"product_cat","embeddable":true,"href":"https:\/\/galicianparts.com\/shop\/wp-json\/wp\/v2\/product_cat?post=24117"},{"taxonomy":"product_tag","embeddable":true,"href":"https:\/\/galicianparts.com\/shop\/wp-json\/wp\/v2\/product_tag?post=24117"}],"curies":[{"name":"wp","href":"https:\/\/api.w.org\/{rel}","templated":true}]}}