{"id":24128,"date":"2021-06-03T10:00:50","date_gmt":"2021-06-03T08:00:50","guid":{"rendered":"https:\/\/galicianparts.com\/shop\/producto\/7614141-pinon-marcha-atras-fiat-cinquecento-704cc-carb-1992-1998-nuevo-original\/"},"modified":"2021-06-03T10:05:01","modified_gmt":"2021-06-03T08:05:01","slug":"7614141-pinon-marcha-atras-fiat-cinquecento-704cc-carb-1992-1998-nuevo-original","status":"publish","type":"product","link":"https:\/\/galicianparts.com\/shop\/producto\/7614141-pinon-marcha-atras-fiat-cinquecento-704cc-carb-1992-1998-nuevo-original\/","title":{"rendered":"7614141 Pi\u00f1\u00f3n marcha atr\u00e1s Fiat Cinquecento 704cc CARB. (1992-1998) NUEVO ORIGINAL"},"content":{"rendered":"<p>Engranaje de 26 dientes de la marcha atr\u00e1s de:<br \/>\nFIAT &#8211; NM CINQUECENTO (1992-1998)<\/p>\n<p>LA PIEZA ES NUEVA Y ORIGINAL.<\/p>\n","protected":false},"excerpt":{"rendered":"<p>Engranaje de 26 dientes de la marcha atr\u00e1s de: FIAT &#8211; NM CINQUECENTO (1992-1998) LA PIEZA ES NUEVA Y ORIGINAL.<\/p>\n","protected":false},"featured_media":24129,"template":"","meta":{"_seopress_robots_primary_cat":"","_seopress_titles_title":"","_seopress_titles_desc":"","_seopress_robots_index":""},"product_cat":[84,20],"product_tag":[],"class_list":{"0":"post-24128","1":"product","2":"type-product","3":"status-publish","4":"has-post-thumbnail","6":"product_cat-recambios-fiat-cinquecento","7":"product_cat-recambios-fiat","9":"first","10":"instock","11":"taxable","12":"shipping-taxable","13":"purchasable","14":"product-type-simple"},"_links":{"self":[{"href":"https:\/\/galicianparts.com\/shop\/wp-json\/wp\/v2\/product\/24128"}],"collection":[{"href":"https:\/\/galicianparts.com\/shop\/wp-json\/wp\/v2\/product"}],"about":[{"href":"https:\/\/galicianparts.com\/shop\/wp-json\/wp\/v2\/types\/product"}],"wp:featuredmedia":[{"embeddable":true,"href":"https:\/\/galicianparts.com\/shop\/wp-json\/wp\/v2\/media\/24129"}],"wp:attachment":[{"href":"https:\/\/galicianparts.com\/shop\/wp-json\/wp\/v2\/media?parent=24128"}],"wp:term":[{"taxonomy":"product_cat","embeddable":true,"href":"https:\/\/galicianparts.com\/shop\/wp-json\/wp\/v2\/product_cat?post=24128"},{"taxonomy":"product_tag","embeddable":true,"href":"https:\/\/galicianparts.com\/shop\/wp-json\/wp\/v2\/product_tag?post=24128"}],"curies":[{"name":"wp","href":"https:\/\/api.w.org\/{rel}","templated":true}]}}