{"id":24154,"date":"2021-06-03T10:45:09","date_gmt":"2021-06-03T08:45:09","guid":{"rendered":"https:\/\/galicianparts.com\/shop\/producto\/55185801-correa-auxiliar-fiat-stilo-1-8-16v-seat-leon-2-8-cupra-seat-toledo-2-3-v5-original\/"},"modified":"2025-09-19T14:18:22","modified_gmt":"2025-09-19T12:18:22","slug":"55185801-correa-auxiliar-fiat-stilo-1-8-16v-seat-leon-2-8-cupra-seat-toledo-2-3-v5-original","status":"publish","type":"product","link":"https:\/\/galicianparts.com\/shop\/producto\/55185801-correa-auxiliar-fiat-stilo-1-8-16v-seat-leon-2-8-cupra-seat-toledo-2-3-v5-original\/","title":{"rendered":"55185801 Correa auxiliar Fiat Stilo 1.8 16v \/ Seat Le\u00f3n 2.8 Cupra \/ Toledo 2.3 V5 ORIGINAL"},"content":{"rendered":"<p>Correa trapecial de instrumentos de:<br \/>\nFIAT Stilo Hatchback (192) 1.8 16V, A\u00f1o 10.2001 &#8211; 11.2006, 1747 , 133<br \/>\nFIAT Stilo Multi Wagon (192) 1.8 16V, A\u00f1o 01.2003 &#8211; 08.2008, 1747 , 133<br \/>\nSEAT Leon I Hatchback (1M1) 2.8 Cupra 4, A\u00f1o 02.2001 &#8211; 06.2006, 2792 , 204<br \/>\nSEAT Toledo II Berlina (1M2) 2.3 V5 20V, A\u00f1o 09.2000 &#8211; 11.2003, 2324 , 170<\/p>\n<p>LA PIEZA ES NUEVA Y ORIGINAL.<\/p>\n","protected":false},"excerpt":{"rendered":"<p>Correa trapecial de instrumentos de: FIAT Stilo Hatchback (192) 1.8 16V, A\u00f1o 10.2001 &#8211; 11.2006, 1747 , 133 FIAT Stilo Multi Wagon (192) 1.8 16V, A\u00f1o 01.2003 &#8211; 08.2008, 1747 , 133 SEAT Leon I Hatchback (1M1) 2.8 Cupra 4, A\u00f1o 02.2001 &#8211; 06.2006, 2792 , 204 SEAT Toledo II Berlina (1M2) 2.3 V5 20V, [&hellip;]<\/p>\n","protected":false},"featured_media":100229,"template":"","meta":{"_seopress_robots_primary_cat":"","_seopress_titles_title":"","_seopress_titles_desc":"","_seopress_robots_index":""},"product_cat":[20,163,26,108,166],"product_tag":[],"class_list":{"0":"post-24154","1":"product","2":"type-product","3":"status-publish","4":"has-post-thumbnail","6":"product_cat-recambios-fiat","7":"product_cat-recambios-seat-leon","8":"product_cat-recambios-seat","9":"product_cat-recambios-fiat-stilo","10":"product_cat-recambios-seat-toledo","12":"first","13":"instock","14":"taxable","15":"shipping-taxable","16":"purchasable","17":"product-type-simple"},"_links":{"self":[{"href":"https:\/\/galicianparts.com\/shop\/wp-json\/wp\/v2\/product\/24154"}],"collection":[{"href":"https:\/\/galicianparts.com\/shop\/wp-json\/wp\/v2\/product"}],"about":[{"href":"https:\/\/galicianparts.com\/shop\/wp-json\/wp\/v2\/types\/product"}],"wp:featuredmedia":[{"embeddable":true,"href":"https:\/\/galicianparts.com\/shop\/wp-json\/wp\/v2\/media\/100229"}],"wp:attachment":[{"href":"https:\/\/galicianparts.com\/shop\/wp-json\/wp\/v2\/media?parent=24154"}],"wp:term":[{"taxonomy":"product_cat","embeddable":true,"href":"https:\/\/galicianparts.com\/shop\/wp-json\/wp\/v2\/product_cat?post=24154"},{"taxonomy":"product_tag","embeddable":true,"href":"https:\/\/galicianparts.com\/shop\/wp-json\/wp\/v2\/product_tag?post=24154"}],"curies":[{"name":"wp","href":"https:\/\/api.w.org\/{rel}","templated":true}]}}