{"id":24172,"date":"2021-06-03T11:15:37","date_gmt":"2021-06-03T09:15:37","guid":{"rendered":"https:\/\/galicianparts.com\/shop\/producto\/71753679-correa-auxiliar-dayco-6pk-1145-peugeot-seat-fiat-citroen-l-1145mm\/"},"modified":"2022-08-08T18:57:35","modified_gmt":"2022-08-08T16:57:35","slug":"71753679-correa-auxiliar-dayco-6pk-1145-peugeot-seat-fiat-citroen-l-1145mm","status":"publish","type":"product","link":"https:\/\/galicianparts.com\/shop\/producto\/71753679-correa-auxiliar-dayco-6pk-1145-peugeot-seat-fiat-citroen-l-1145mm\/","title":{"rendered":"71753679 Correa auxiliar L1145mm Peugeot \/Seat \/Fiat \/Citro\u00ebn ORIGINAL"},"content":{"rendered":"<p>Correa trapecial de instrumentos de:<br \/>\nLargo: 1145 mm<br \/>\nN\u00famero de nervaduras: 6<br \/>\nAncho: 20 mm<\/p>\n<p>FIAT Stilo Hatchback (192)<br \/>\n2.4 20V, A\u00f1o 10.2001 &#8211; 11.2006, 2446 , 170<br \/>\nFIAT Stilo Multi Wagon (192)<br \/>\n2.4 20V, A\u00f1o 01.2004 &#8211; 08.2008, 2446 , 167<\/p>\n<p>SEAT Inca (6K9)<br \/>\n1.7 D, A\u00f1o 09.1996 &#8211; 06.2003, 1716 , 57<br \/>\n1.9 D, A\u00f1o 11.1995 &#8211; 06.2003, 1896 , 64<br \/>\n1.9 SDI, A\u00f1o 11.1995 &#8211; 06.2003, 1896 , 64<\/p>\n<p>LA PIEZA ES NUEVA Y ORIGINAL.<\/p>\n","protected":false},"excerpt":{"rendered":"<p>Correa trapecial de instrumentos de: Largo: 1145 mm N\u00famero de nervaduras: 6 Ancho: 20 mm FIAT Stilo Hatchback (192) 2.4 20V, A\u00f1o 10.2001 &#8211; 11.2006, 2446 , 170 FIAT Stilo Multi Wagon (192) 2.4 20V, A\u00f1o 01.2004 &#8211; 08.2008, 2446 , 167 SEAT Inca (6K9) 1.7 D, A\u00f1o 09.1996 &#8211; 06.2003, 1716 , 57 1.9 [&hellip;]<\/p>\n","protected":false},"featured_media":55068,"template":"","meta":{"_seopress_robots_primary_cat":"","_seopress_titles_title":"","_seopress_titles_desc":"","_seopress_robots_index":""},"product_cat":[20,211,26,108],"product_tag":[],"class_list":{"0":"post-24172","1":"product","2":"type-product","3":"status-publish","4":"has-post-thumbnail","6":"product_cat-recambios-fiat","7":"product_cat-recambios-seat-inca","8":"product_cat-recambios-seat","9":"product_cat-recambios-fiat-stilo","11":"first","12":"instock","13":"taxable","14":"shipping-taxable","15":"purchasable","16":"product-type-simple"},"_links":{"self":[{"href":"https:\/\/galicianparts.com\/shop\/wp-json\/wp\/v2\/product\/24172"}],"collection":[{"href":"https:\/\/galicianparts.com\/shop\/wp-json\/wp\/v2\/product"}],"about":[{"href":"https:\/\/galicianparts.com\/shop\/wp-json\/wp\/v2\/types\/product"}],"wp:featuredmedia":[{"embeddable":true,"href":"https:\/\/galicianparts.com\/shop\/wp-json\/wp\/v2\/media\/55068"}],"wp:attachment":[{"href":"https:\/\/galicianparts.com\/shop\/wp-json\/wp\/v2\/media?parent=24172"}],"wp:term":[{"taxonomy":"product_cat","embeddable":true,"href":"https:\/\/galicianparts.com\/shop\/wp-json\/wp\/v2\/product_cat?post=24172"},{"taxonomy":"product_tag","embeddable":true,"href":"https:\/\/galicianparts.com\/shop\/wp-json\/wp\/v2\/product_tag?post=24172"}],"curies":[{"name":"wp","href":"https:\/\/api.w.org\/{rel}","templated":true}]}}