{"id":24459,"date":"2021-06-07T13:07:38","date_gmt":"2021-06-07T11:07:38","guid":{"rendered":"https:\/\/galicianparts.com\/shop\/producto\/95569117-valvula-escape-m-2-2d-2-5d-fiat-citroen-peugeot\/"},"modified":"2021-06-07T13:35:52","modified_gmt":"2021-06-07T11:35:52","slug":"95569117-valvula-escape-m-2-2d-2-5d-fiat-citroen-peugeot","status":"publish","type":"product","link":"https:\/\/galicianparts.com\/shop\/producto\/95569117-valvula-escape-m-2-2d-2-5d-fiat-citroen-peugeot\/","title":{"rendered":"95569117 V\u00e1lvula escape M 2.2\/2.5D Fiat 242 \/ Citroen C35 \/ C25 \/ CX \/ Peugeot J5 ORIGINAL"},"content":{"rendered":"<p>V\u00e1lvula de escape de los motores 2200CC D 2500CC D de:<br \/>\nCITRO\u00cbN C25 Bus (A\u00f1o 08.1987 &#8211; 02.1994, 95 , Gas\u00f3leo)<br \/>\nCITRO\u00cbN C25 Cami\u00f3n de plataforma\/Chasis (A\u00f1o 01.1987 &#8211; 01.1994, 95 , Gas\u00f3leo)<br \/>\nCITRO\u00cbN C25 Furg\u00f3n (A\u00f1o 08.1991 &#8211; 01.1994, 95 , Gas\u00f3leo)<br \/>\nCITRO\u00cbN C35 Van (A\u00f1o 11.1973 &#8211; 01.1980, 61 , Gas\u00f3leo)<br \/>\nCITRO\u00cbN C35 Pick-up (A\u00f1o 11.1973 &#8211; 01.1980, 61 , Gas\u00f3leo)<br \/>\nCITRO\u00cbN CX I Hatchback (A\u00f1o 10.1975 &#8211; 08.1985, 67 &#8211; 95 , Gas\u00f3leo)<br \/>\nCITRO\u00cbN CX I Familiar (A\u00f1o 08.1976 &#8211; 08.1985, 67 &#8211; 95 , Gas\u00f3leo)<br \/>\nCITRO\u00cbN CX II Hatchback (A\u00f1o 08.1985 &#8211; 12.1992, 73 &#8211; 120 , Gas\u00f3leo)<br \/>\nCITRO\u00cbN CX II Familiar (A\u00f1o 08.1985 &#8211; 12.1992, 73 &#8211; 120 , Gas\u00f3leo)<br \/>\nFIAT 242 Bus (242_) (A\u00f1o 10.1975 &#8211; 07.1982, 63)<br \/>\nFIAT 242-Serie Furg\u00f3n (A\u00f1o 10.1975 &#8211; 07.1982, 63 &#8211; 71 , Gas\u00f3leo)<br \/>\nPEUGEOT J5 Bus (290) (A\u00f1o 10.1990 &#8211; 02.1994, 95 , Gas\u00f3leo)<br \/>\nPEUGEOT J5 Cami\u00f3n de plataforma\/Chasis (280) (A\u00f1o 09.1981 &#8211; 08.1990, 95 , Gas\u00f3leo)<br \/>\nPEUGEOT J5 Cami\u00f3n de plataforma\/Chasis (290) (A\u00f1o 10.1990 &#8211; 02.1994, 95 , Gas\u00f3leo)<br \/>\nPEUGEOT J5 Furg\u00f3n (280) (A\u00f1o 09.1981 &#8211; 08.1990, 95 , Gas\u00f3leo)<br \/>\nPEUGEOT J5 Furg\u00f3n (290) (A\u00f1o 09.1990 &#8211; 03.1994, 95 , Gas\u00f3leo)<\/p>\n<p>V\u00e1stago v\u00e1lvula de 121.5mm<br \/>\nDi\u00e1metro v\u00e1stago 9mm<br \/>\nDi\u00e1metro plato 35mm<\/p>\n<p>LA PIEZA ES NUEVA Y ORIGINAL.<\/p>\n","protected":false},"excerpt":{"rendered":"<p>V\u00e1lvula de escape de los motores 2200CC D 2500CC D de: CITRO\u00cbN C25 Bus (A\u00f1o 08.1987 &#8211; 02.1994, 95 , Gas\u00f3leo) CITRO\u00cbN C25 Cami\u00f3n de plataforma\/Chasis (A\u00f1o 01.1987 &#8211; 01.1994, 95 , Gas\u00f3leo) CITRO\u00cbN C25 Furg\u00f3n (A\u00f1o 08.1991 &#8211; 01.1994, 95 , Gas\u00f3leo) CITRO\u00cbN C35 Van (A\u00f1o 11.1973 &#8211; 01.1980, 61 , Gas\u00f3leo) CITRO\u00cbN C35 [&hellip;]<\/p>\n","protected":false},"featured_media":24460,"template":"","meta":{"_seopress_robots_primary_cat":"","_seopress_titles_title":"","_seopress_titles_desc":"","_seopress_robots_index":""},"product_cat":[73,132,133,23,136,20,157,24],"product_tag":[],"class_list":{"0":"post-24459","1":"product","2":"type-product","3":"status-publish","4":"has-post-thumbnail","6":"product_cat-recambios-fiat-242","7":"product_cat-recambios-citroen-c25","8":"product_cat-recambios-citroen-c35","9":"product_cat-recambios-citroen","10":"product_cat-recambios-citroen-cx","11":"product_cat-recambios-fiat","12":"product_cat-recambios-peugeot-j5","13":"product_cat-recambios-peugeot","15":"first","16":"instock","17":"taxable","18":"shipping-taxable","19":"purchasable","20":"product-type-simple"},"_links":{"self":[{"href":"https:\/\/galicianparts.com\/shop\/wp-json\/wp\/v2\/product\/24459"}],"collection":[{"href":"https:\/\/galicianparts.com\/shop\/wp-json\/wp\/v2\/product"}],"about":[{"href":"https:\/\/galicianparts.com\/shop\/wp-json\/wp\/v2\/types\/product"}],"wp:featuredmedia":[{"embeddable":true,"href":"https:\/\/galicianparts.com\/shop\/wp-json\/wp\/v2\/media\/24460"}],"wp:attachment":[{"href":"https:\/\/galicianparts.com\/shop\/wp-json\/wp\/v2\/media?parent=24459"}],"wp:term":[{"taxonomy":"product_cat","embeddable":true,"href":"https:\/\/galicianparts.com\/shop\/wp-json\/wp\/v2\/product_cat?post=24459"},{"taxonomy":"product_tag","embeddable":true,"href":"https:\/\/galicianparts.com\/shop\/wp-json\/wp\/v2\/product_tag?post=24459"}],"curies":[{"name":"wp","href":"https:\/\/api.w.org\/{rel}","templated":true}]}}