{"id":24489,"date":"2021-06-07T14:02:56","date_gmt":"2021-06-07T12:02:56","guid":{"rendered":"https:\/\/galicianparts.com\/shop\/producto\/7538263-empunadura-marron-mando-calefaccion-fiat-lancia-nuevo-original\/"},"modified":"2021-06-07T14:05:45","modified_gmt":"2021-06-07T12:05:45","slug":"7538263-empunadura-marron-mando-calefaccion-fiat-lancia-nuevo-original","status":"publish","type":"product","link":"https:\/\/galicianparts.com\/shop\/producto\/7538263-empunadura-marron-mando-calefaccion-fiat-lancia-nuevo-original\/","title":{"rendered":"7538263 Empu\u00f1adura marr\u00f3n mando calefacci\u00f3n Fiat \/ Lancia NUEVO ORIGINAL"},"content":{"rendered":"<p>Embellecedor color marr\u00f3n de la palanca de control de la calefacci\u00f3n de Fiat \/ Lancia cl\u00e1sico.<\/p>\n<p>LA PIEZA ES NUEVA Y ORIGINAL.<\/p>\n","protected":false},"excerpt":{"rendered":"<p>Embellecedor color marr\u00f3n de la palanca de control de la calefacci\u00f3n de Fiat \/ Lancia cl\u00e1sico. LA PIEZA ES NUEVA Y ORIGINAL.<\/p>\n","protected":false},"featured_media":24490,"template":"","meta":{"_seopress_robots_primary_cat":"","_seopress_titles_title":"","_seopress_titles_desc":"","_seopress_robots_index":""},"product_cat":[20,21],"product_tag":[],"class_list":{"0":"post-24489","1":"product","2":"type-product","3":"status-publish","4":"has-post-thumbnail","6":"product_cat-recambios-fiat","7":"product_cat-recambios-lancia","9":"first","10":"instock","11":"taxable","12":"shipping-taxable","13":"purchasable","14":"product-type-simple"},"_links":{"self":[{"href":"https:\/\/galicianparts.com\/shop\/wp-json\/wp\/v2\/product\/24489"}],"collection":[{"href":"https:\/\/galicianparts.com\/shop\/wp-json\/wp\/v2\/product"}],"about":[{"href":"https:\/\/galicianparts.com\/shop\/wp-json\/wp\/v2\/types\/product"}],"wp:featuredmedia":[{"embeddable":true,"href":"https:\/\/galicianparts.com\/shop\/wp-json\/wp\/v2\/media\/24490"}],"wp:attachment":[{"href":"https:\/\/galicianparts.com\/shop\/wp-json\/wp\/v2\/media?parent=24489"}],"wp:term":[{"taxonomy":"product_cat","embeddable":true,"href":"https:\/\/galicianparts.com\/shop\/wp-json\/wp\/v2\/product_cat?post=24489"},{"taxonomy":"product_tag","embeddable":true,"href":"https:\/\/galicianparts.com\/shop\/wp-json\/wp\/v2\/product_tag?post=24489"}],"curies":[{"name":"wp","href":"https:\/\/api.w.org\/{rel}","templated":true}]}}