{"id":24503,"date":"2021-06-07T14:28:48","date_gmt":"2021-06-07T12:28:48","guid":{"rendered":"https:\/\/galicianparts.com\/shop\/producto\/82393405-latiguillo-freno-trasero-lancia-delta-evo-integrale-prisma-nuevo-original\/"},"modified":"2025-09-27T14:58:31","modified_gmt":"2025-09-27T12:58:31","slug":"82393405-latiguillo-freno-trasero-lancia-delta-evo-integrale-prisma-nuevo-original","status":"publish","type":"product","link":"https:\/\/galicianparts.com\/shop\/producto\/82393405-latiguillo-freno-trasero-lancia-delta-evo-integrale-prisma-nuevo-original\/","title":{"rendered":"82393405 Latiguillo freno trasero Lancia Delta Evo \/ Integrale \/ Prisma NUEVO ORIGINAL"},"content":{"rendered":"<p>Tubo, latiguillo L 460mm de los frenos traseros de:<br \/>\nLANCIA DELTA I (831) 2.0 16V HF Evoluzione (1993-1994) 211cv<br \/>\n2.0 16V HF Integrale, A\u00f1o 03.1989 &#8211; 09.1991, 1995 , 196<br \/>\n2.0 HF Integrale, A\u00f1o 11.1986 &#8211; 08.1988, 1995 , 166<br \/>\n2.0 HF Integrale, A\u00f1o 10.1987 &#8211; 12.1991, 1995 , 181<br \/>\n2.0 HF Integrale, A\u00f1o 12.1986 &#8211; 12.1992, 1995 , 177<br \/>\n1.6 GT, A\u00f1o 11.1982 &#8211; 04.1986, 1585 , 105<br \/>\n1.6 GT i.e., A\u00f1o 08.1986 &#8211; 08.1988, 1585 , 109<br \/>\n1.6 HF Turbo, A\u00f1o 10.1983 &#8211; 12.1986, 1585 , 131<br \/>\n1.6 HF Turbo, A\u00f1o 08.1986 &#8211; 05.1993, 1585 , 166<br \/>\n1.6 HF Turbo, A\u00f1o 08.1986 &#8211; 08.1988, 1585 , 140<br \/>\n1.6 HF Turbo, A\u00f1o 04.1987 &#8211; 03.1989, 1585 , 132<br \/>\nLANCIA PRISMA (831) (A\u00f1o 01.1983 &#8211; 02.1992, 80 &#8211; 115 , Gas\u00f3leo,Gasolina)<br \/>\n1.6, A\u00f1o 08.1986 &#8211; 02.1992, 1585 , 99<br \/>\n1.6, A\u00f1o 01.1983 &#8211; 04.1986, 1585 , 105<br \/>\n1.6 i.e., A\u00f1o 05.1986 &#8211; 12.1989, 1585 , 108<br \/>\n1.9 Turbodi\u00e9sel, A\u00f1o 05.1985 &#8211; 12.1989, 1928 , 80<br \/>\n2.0 i.e. 4&#215;4, A\u00f1o 04.1986 &#8211; 12.1989, 1995 , 115<\/p>\n<p>LA PIEZA ES NUEVA Y ORIGINAL.<\/p>\n","protected":false},"excerpt":{"rendered":"<p>Tubo, latiguillo L 460mm de los frenos traseros de: LANCIA DELTA I (831) 2.0 16V HF Evoluzione (1993-1994) 211cv 2.0 16V HF Integrale, A\u00f1o 03.1989 &#8211; 09.1991, 1995 , 196 2.0 HF Integrale, A\u00f1o 11.1986 &#8211; 08.1988, 1995 , 166 2.0 HF Integrale, A\u00f1o 10.1987 &#8211; 12.1991, 1995 , 181 2.0 HF Integrale, A\u00f1o 12.1986 [&hellip;]<\/p>\n","protected":false},"featured_media":24509,"template":"","meta":{"_seopress_robots_primary_cat":"","_seopress_titles_title":"","_seopress_titles_desc":"","_seopress_robots_index":""},"product_cat":[118,21,123],"product_tag":[],"class_list":{"0":"post-24503","1":"product","2":"type-product","3":"status-publish","4":"has-post-thumbnail","6":"product_cat-recambios-lancia-delta","7":"product_cat-recambios-lancia","8":"product_cat-recambios-lancia-prisma","10":"first","11":"outofstock","12":"taxable","13":"shipping-taxable","14":"purchasable","15":"product-type-simple"},"_links":{"self":[{"href":"https:\/\/galicianparts.com\/shop\/wp-json\/wp\/v2\/product\/24503"}],"collection":[{"href":"https:\/\/galicianparts.com\/shop\/wp-json\/wp\/v2\/product"}],"about":[{"href":"https:\/\/galicianparts.com\/shop\/wp-json\/wp\/v2\/types\/product"}],"wp:featuredmedia":[{"embeddable":true,"href":"https:\/\/galicianparts.com\/shop\/wp-json\/wp\/v2\/media\/24509"}],"wp:attachment":[{"href":"https:\/\/galicianparts.com\/shop\/wp-json\/wp\/v2\/media?parent=24503"}],"wp:term":[{"taxonomy":"product_cat","embeddable":true,"href":"https:\/\/galicianparts.com\/shop\/wp-json\/wp\/v2\/product_cat?post=24503"},{"taxonomy":"product_tag","embeddable":true,"href":"https:\/\/galicianparts.com\/shop\/wp-json\/wp\/v2\/product_tag?post=24503"}],"curies":[{"name":"wp","href":"https:\/\/api.w.org\/{rel}","templated":true}]}}