{"id":24860,"date":"2021-06-10T11:01:02","date_gmt":"2021-06-10T09:01:02","guid":{"rendered":"https:\/\/galicianparts.com\/shop\/producto\/82401672-cable-embrague-lancia-delta-prisma-1-1-1-3-1-5-carb-1986-1992-nuevo-original\/"},"modified":"2021-06-16T21:40:39","modified_gmt":"2021-06-16T19:40:39","slug":"82401672-cable-embrague-lancia-delta-prisma-1-1-1-3-1-5-carb-1986-1992-nuevo-original","status":"publish","type":"product","link":"https:\/\/galicianparts.com\/shop\/producto\/82401672-cable-embrague-lancia-delta-prisma-1-1-1-3-1-5-carb-1986-1992-nuevo-original\/","title":{"rendered":"82401672 Cable embrague Lancia Delta \/ Prisma 1.1 1.3 1.5 CARB (1986-1992) NUEVO ORIGINAL"},"content":{"rendered":"<p>Cable del embrague de 680mm de largo de:<br \/>\nLANCIA &#8211; TB DELTA R.86 1100CC 1300CC 1500CC CARBURACI\u00d3N (1986-1992)<br \/>\nLANCIA Prisma (831) (A\u00f1o 01.1983 &#8211; 02.1992, 75 &#8211; 86 , Gasolina)<br \/>\n1.3, A\u00f1o 01.1983 &#8211; 12.1989, 1301 , 79<br \/>\n1.5, A\u00f1o 09.1985 &#8211; 02.1992, 1498 , 75<br \/>\n1.5, A\u00f1o 08.1986 &#8211; 02.1992, 1498 , 80<br \/>\n1.5, A\u00f1o 01.1983 &#8211; 04.1986, 1498 , 86<\/p>\n<p>LA PIEZA ES NUEVA Y ORIGINAL.<\/p>\n","protected":false},"excerpt":{"rendered":"<p>Cable del embrague de 680mm de largo de: LANCIA &#8211; TB DELTA R.86 1100CC 1300CC 1500CC CARBURACI\u00d3N (1986-1992) LANCIA Prisma (831) (A\u00f1o 01.1983 &#8211; 02.1992, 75 &#8211; 86 , Gasolina) 1.3, A\u00f1o 01.1983 &#8211; 12.1989, 1301 , 79 1.5, A\u00f1o 09.1985 &#8211; 02.1992, 1498 , 75 1.5, A\u00f1o 08.1986 &#8211; 02.1992, 1498 , 80 1.5, [&hellip;]<\/p>\n","protected":false},"featured_media":24861,"template":"","meta":{"_seopress_robots_primary_cat":"","_seopress_titles_title":"","_seopress_titles_desc":"","_seopress_robots_index":""},"product_cat":[118,21],"product_tag":[],"class_list":{"0":"post-24860","1":"product","2":"type-product","3":"status-publish","4":"has-post-thumbnail","6":"product_cat-recambios-lancia-delta","7":"product_cat-recambios-lancia","9":"first","10":"outofstock","11":"taxable","12":"shipping-taxable","13":"purchasable","14":"product-type-simple"},"_links":{"self":[{"href":"https:\/\/galicianparts.com\/shop\/wp-json\/wp\/v2\/product\/24860"}],"collection":[{"href":"https:\/\/galicianparts.com\/shop\/wp-json\/wp\/v2\/product"}],"about":[{"href":"https:\/\/galicianparts.com\/shop\/wp-json\/wp\/v2\/types\/product"}],"wp:featuredmedia":[{"embeddable":true,"href":"https:\/\/galicianparts.com\/shop\/wp-json\/wp\/v2\/media\/24861"}],"wp:attachment":[{"href":"https:\/\/galicianparts.com\/shop\/wp-json\/wp\/v2\/media?parent=24860"}],"wp:term":[{"taxonomy":"product_cat","embeddable":true,"href":"https:\/\/galicianparts.com\/shop\/wp-json\/wp\/v2\/product_cat?post=24860"},{"taxonomy":"product_tag","embeddable":true,"href":"https:\/\/galicianparts.com\/shop\/wp-json\/wp\/v2\/product_tag?post=24860"}],"curies":[{"name":"wp","href":"https:\/\/api.w.org\/{rel}","templated":true}]}}