{"id":24892,"date":"2021-06-10T12:06:23","date_gmt":"2021-06-10T10:06:23","guid":{"rendered":"https:\/\/galicianparts.com\/shop\/producto\/46423415-disco-freno-delantero-257mm-fiat-lancia-alfa-romeo-original\/"},"modified":"2023-04-26T17:47:07","modified_gmt":"2023-04-26T15:47:07","slug":"46423415-disco-freno-delantero-257mm-fiat-lancia-alfa-romeo-original","status":"publish","type":"product","link":"https:\/\/galicianparts.com\/shop\/producto\/46423415-disco-freno-delantero-257mm-fiat-lancia-alfa-romeo-original\/","title":{"rendered":"46423415 Disco freno delantero 257mm Fiat \/ Lancia \/ Alfa Romeo ORIGINAL"},"content":{"rendered":"<p>Disco de freno ventilado delantero de:<br \/>\nDi\u00e1metro exterior: 257mm<br \/>\nDi\u00e1metro interior: 59mm<br \/>\nALFA ROMEO 145 (930) (A\u00f1o 07.1994 &#8211; 01.2001, 90 &#8211; 140 , Gas\u00f3leo,Gasolina)<br \/>\nALFA ROMEO 146 (930) (A\u00f1o 12.1994 &#8211; 01.2001, 90 &#8211; 140 , Gas\u00f3leo,Gasolina)<br \/>\nALFA ROMEO 155 (167) (A\u00f1o 01.1992 &#8211; 12.1997, 90 &#8211; 150 , Gas\u00f3leo,Gasolina)<br \/>\nFIAT Barchetta (183) (A\u00f1o 04.1995 &#8211; 05.2005, 130 , Gasolina)<br \/>\nFIAT Brava Hatchback (182) (A\u00f1o 10.1995 &#8211; 12.2002, 90 &#8211; 113 , Gas\u00f3leo,Gasolina)<br \/>\nFIAT Bravo I Hatchback (182) (A\u00f1o 10.1995 &#8211; 10.2001, 90 &#8211; 113 , Gas\u00f3leo,Gasolina)<br \/>\nFIAT Doblo I Cargo (223) (A\u00f1o 03.2001 &#8211; 07.2009, 63 &#8211; 106 , Gas\u00f3leo,Gasolina,Gasolina\/Gas natural (CNG))<br \/>\nFIAT Doblo I Familiar (119, 223) (A\u00f1o 03.2001 &#8211; 06.2004, 63 &#8211; 106 , Gas\u00f3leo,Gasolina,Gasolina\/Gas natural (CNG))<br \/>\nFIAT Marea Berlina (185) (A\u00f1o 09.1996 &#8211; 12.2007, 92 &#8211; 113 , Gas\u00f3leo,Gasolina,Gasolina\/Gas natural (CNG))<br \/>\nFIAT Marea Weekend (185) (A\u00f1o 09.1996 &#8211; 08.2002, 75 &#8211; 113 , Gas\u00f3leo,Gasolina)<br \/>\nFIAT Palio I Hatchback (178) (A\u00f1o 04.1996 &#8211; 10.2002, 72 &#8211; 100 , Gas\u00f3leo,Gasolina)<br \/>\nFIAT Palio I Weekend (178) (A\u00f1o 04.1996 &#8211; 01.2012, 60 &#8211; 106 , Gas\u00f3leo,Gasolina)<br \/>\nFIAT Punto I Hatchback (176) (A\u00f1o 01.1994 &#8211; 09.1999, 131 &#8211; 133 , Gasolina)<br \/>\nFIAT Punto II Hatchback (188) (A\u00f1o 09.1999 &#8211; 03.2012, 60 &#8211; 97 , Gas\u00f3leo,Gasolina)<br \/>\nFIAT Punto II Van (188) (A\u00f1o 02.2000 &#8211; 10.2009, 60 &#8211; 86 , Gas\u00f3leo)<br \/>\nFIAT Strada Pick-up (178) (A\u00f1o 06.1999 &#8211; 01.2010, 60 &#8211; 116 , Gas\u00f3leo,Gasolina)<br \/>\nFIAT Strada Pick-up (278) (A\u00f1o 03.2010 &#8211; &#8230;, 87 &#8211; 95 , Gas\u00f3leo)<br \/>\nFIAT Tempra Berlina (159) (A\u00f1o 03.1990 &#8211; 12.1998, 65 &#8211; 113 , Gas\u00f3leo,Gasolina)<br \/>\nFIAT Tempra S.W. (159) (A\u00f1o 03.1990 &#8211; 08.1996, 65 &#8211; 113 , Gas\u00f3leo,Gasolina)<br \/>\nFIAT Tipo Hatchback (160) (A\u00f1o 11.1989 &#8211; 04.1995, 94 &#8211; 136 , Gas\u00f3leo,Gasolina)<br \/>\nLANCIA Dedra Berlina (835) (A\u00f1o 04.1989 &#8211; 07.1999, 90 &#8211; 117 , Gas\u00f3leo,Gasolina)<br \/>\nLANCIA Dedra Familiar (835) (A\u00f1o 07.1994 &#8211; 07.1999, 90 &#8211; 113 , Gas\u00f3leo,Gasolina)<br \/>\nLANCIA Delta II (836) (A\u00f1o 06.1993 &#8211; 08.1999, 90 &#8211; 113 , Gas\u00f3leo,Gasolina)<\/p>\n<p>LA PIEZA ES NUEVA Y ORIGINAL.<\/p>\n","protected":false},"excerpt":{"rendered":"<p>Disco de freno ventilado delantero de: Di\u00e1metro exterior: 257mm Di\u00e1metro interior: 59mm ALFA ROMEO 145 (930) (A\u00f1o 07.1994 &#8211; 01.2001, 90 &#8211; 140 , Gas\u00f3leo,Gasolina) ALFA ROMEO 146 (930) (A\u00f1o 12.1994 &#8211; 01.2001, 90 &#8211; 140 , Gas\u00f3leo,Gasolina) ALFA ROMEO 155 (167) (A\u00f1o 01.1992 &#8211; 12.1997, 90 &#8211; 150 , Gas\u00f3leo,Gasolina) FIAT Barchetta (183) (A\u00f1o [&hellip;]<\/p>\n","protected":false},"featured_media":72743,"template":"","meta":{"_seopress_robots_primary_cat":"","_seopress_titles_title":"","_seopress_titles_desc":"","_seopress_robots_index":""},"product_cat":[45,46,48,16,80,81,82,117,118,87,20,21,95,98,101,109,111,112],"product_tag":[],"class_list":{"0":"post-24892","1":"product","2":"type-product","3":"status-publish","4":"has-post-thumbnail","6":"product_cat-recambios-alfa-romeo-145","7":"product_cat-recambios-alfa-romeo-146","8":"product_cat-recambios-alfa-romeo-155","9":"product_cat-recambios-alfa-romeo","10":"product_cat-recambios-fiat-barchetta","11":"product_cat-recambios-fiat-brava","12":"product_cat-recambios-fiat-bravo","13":"product_cat-recambios-lancia-dedra","14":"product_cat-recambios-lancia-delta","15":"product_cat-recambios-fiat-doblo","16":"product_cat-recambios-fiat","17":"product_cat-recambios-lancia","18":"product_cat-recambios-fiat-marea","19":"product_cat-recambios-fiat-palio","20":"product_cat-recambios-fiat-punto","21":"product_cat-recambios-fiat-strada","22":"product_cat-recambios-fiat-tempra","23":"product_cat-recambios-fiat-tipo","25":"first","26":"instock","27":"taxable","28":"shipping-taxable","29":"purchasable","30":"product-type-simple"},"_links":{"self":[{"href":"https:\/\/galicianparts.com\/shop\/wp-json\/wp\/v2\/product\/24892"}],"collection":[{"href":"https:\/\/galicianparts.com\/shop\/wp-json\/wp\/v2\/product"}],"about":[{"href":"https:\/\/galicianparts.com\/shop\/wp-json\/wp\/v2\/types\/product"}],"wp:featuredmedia":[{"embeddable":true,"href":"https:\/\/galicianparts.com\/shop\/wp-json\/wp\/v2\/media\/72743"}],"wp:attachment":[{"href":"https:\/\/galicianparts.com\/shop\/wp-json\/wp\/v2\/media?parent=24892"}],"wp:term":[{"taxonomy":"product_cat","embeddable":true,"href":"https:\/\/galicianparts.com\/shop\/wp-json\/wp\/v2\/product_cat?post=24892"},{"taxonomy":"product_tag","embeddable":true,"href":"https:\/\/galicianparts.com\/shop\/wp-json\/wp\/v2\/product_tag?post=24892"}],"curies":[{"name":"wp","href":"https:\/\/api.w.org\/{rel}","templated":true}]}}