{"id":24998,"date":"2021-06-11T14:10:35","date_gmt":"2021-06-11T12:10:35","guid":{"rendered":"https:\/\/galicianparts.com\/shop\/producto\/9626493880-amortiguador-porton-trasero-fiat-ulysse-citroen-lancia-peugeot-nuevo-original\/"},"modified":"2021-06-11T14:14:00","modified_gmt":"2021-06-11T12:14:00","slug":"9626493880-amortiguador-porton-trasero-fiat-ulysse-citroen-lancia-peugeot-nuevo-original","status":"publish","type":"product","link":"https:\/\/galicianparts.com\/shop\/producto\/9626493880-amortiguador-porton-trasero-fiat-ulysse-citroen-lancia-peugeot-nuevo-original\/","title":{"rendered":"9626493880 Amortiguador port\u00f3n trasero Fiat Ulysse \/ Citroen \/ Lancia \/ Peugeot NUEVO ORIGINAL"},"content":{"rendered":"<p>Amortiguador del port\u00f3n del maletero de<br \/>\nCITRO\u00cbN Evasion (22, U6) (A\u00f1o 06.1995 &#8211; 07.2002, 90 &#8211; 147 , Gas\u00f3leo,Gasolina)<br \/>\nFIAT Ulysse I (220) (A\u00f1o 06.1995 &#8211; 08.2002, 90 &#8211; 147 , Gas\u00f3leo,Gasolina)<br \/>\nLANCIA Zeta (220) (A\u00f1o 05.1995 &#8211; 10.2003, 109 &#8211; 147 , Gas\u00f3leo,Gasolina)<br \/>\nPEUGEOT 806 (A\u00f1o 06.1995 &#8211; 08.2002, 90 &#8211; 147 , Gas\u00f3leo,Gasolina)<\/p>\n<p>LA PIEZA ES NUEVA Y ORIGINAL.<\/p>\n","protected":false},"excerpt":{"rendered":"<p>Amortiguador del port\u00f3n del maletero de CITRO\u00cbN Evasion (22, U6) (A\u00f1o 06.1995 &#8211; 07.2002, 90 &#8211; 147 , Gas\u00f3leo,Gasolina) FIAT Ulysse I (220) (A\u00f1o 06.1995 &#8211; 08.2002, 90 &#8211; 147 , Gas\u00f3leo,Gasolina) LANCIA Zeta (220) (A\u00f1o 05.1995 &#8211; 10.2003, 109 &#8211; 147 , Gas\u00f3leo,Gasolina) PEUGEOT 806 (A\u00f1o 06.1995 &#8211; 08.2002, 90 &#8211; 147 , Gas\u00f3leo,Gasolina) [&hellip;]<\/p>\n","protected":false},"featured_media":24999,"template":"","meta":{"_seopress_robots_primary_cat":"","_seopress_titles_title":"","_seopress_titles_desc":"","_seopress_robots_index":""},"product_cat":[189,23,188,20,21,24,113,128],"product_tag":[],"class_list":{"0":"post-24998","1":"product","2":"type-product","3":"status-publish","4":"has-post-thumbnail","6":"product_cat-recambios-peugeot-806","7":"product_cat-recambios-citroen","8":"product_cat-recambios-citroen-evasion","9":"product_cat-recambios-fiat","10":"product_cat-recambios-lancia","11":"product_cat-recambios-peugeot","12":"product_cat-recambios-fiat-ulysse","13":"product_cat-recambios-lancia-z","15":"first","16":"instock","17":"taxable","18":"shipping-taxable","19":"purchasable","20":"product-type-simple"},"_links":{"self":[{"href":"https:\/\/galicianparts.com\/shop\/wp-json\/wp\/v2\/product\/24998"}],"collection":[{"href":"https:\/\/galicianparts.com\/shop\/wp-json\/wp\/v2\/product"}],"about":[{"href":"https:\/\/galicianparts.com\/shop\/wp-json\/wp\/v2\/types\/product"}],"wp:featuredmedia":[{"embeddable":true,"href":"https:\/\/galicianparts.com\/shop\/wp-json\/wp\/v2\/media\/24999"}],"wp:attachment":[{"href":"https:\/\/galicianparts.com\/shop\/wp-json\/wp\/v2\/media?parent=24998"}],"wp:term":[{"taxonomy":"product_cat","embeddable":true,"href":"https:\/\/galicianparts.com\/shop\/wp-json\/wp\/v2\/product_cat?post=24998"},{"taxonomy":"product_tag","embeddable":true,"href":"https:\/\/galicianparts.com\/shop\/wp-json\/wp\/v2\/product_tag?post=24998"}],"curies":[{"name":"wp","href":"https:\/\/api.w.org\/{rel}","templated":true}]}}