{"id":25082,"date":"2021-06-14T12:40:59","date_gmt":"2021-06-14T10:40:59","guid":{"rendered":"https:\/\/galicianparts.com\/shop\/producto\/51725392-instalacion-electrica-motor-fiat-panda-1250-mjtd-2005-2009-nuevo-original\/"},"modified":"2021-06-14T12:43:03","modified_gmt":"2021-06-14T10:43:03","slug":"51725392-instalacion-electrica-motor-fiat-panda-1250-mjtd-2005-2009-nuevo-original","status":"publish","type":"product","link":"https:\/\/galicianparts.com\/shop\/producto\/51725392-instalacion-electrica-motor-fiat-panda-1250-mjtd-2005-2009-nuevo-original\/","title":{"rendered":"51725392 Instalaci\u00f3n el\u00e9ctrica Motor Fiat Panda 1250 MJTD (2005-2009) NUEVO ORIGINAL"},"content":{"rendered":"<p>Cableado el\u00e9ctrico del motor con caja de fusibles, rel\u00e9s de:<br \/>\nFIAT &#8211; 2Q NUOVA PANDA 1250CC MJTD (2003-2009)<\/p>\n<p>LA PIEZA ES NUEVA Y ORIGINAL.<\/p>\n","protected":false},"excerpt":{"rendered":"<p>Cableado el\u00e9ctrico del motor con caja de fusibles, rel\u00e9s de: FIAT &#8211; 2Q NUOVA PANDA 1250CC MJTD (2003-2009) LA PIEZA ES NUEVA Y ORIGINAL.<\/p>\n","protected":false},"featured_media":25083,"template":"","meta":{"_seopress_robots_primary_cat":"","_seopress_titles_title":"","_seopress_titles_desc":"","_seopress_robots_index":""},"product_cat":[20,99],"product_tag":[],"class_list":{"0":"post-25082","1":"product","2":"type-product","3":"status-publish","4":"has-post-thumbnail","6":"product_cat-recambios-fiat","7":"product_cat-recambios-fiat-panda","9":"first","10":"instock","11":"taxable","12":"shipping-taxable","13":"purchasable","14":"product-type-simple"},"_links":{"self":[{"href":"https:\/\/galicianparts.com\/shop\/wp-json\/wp\/v2\/product\/25082"}],"collection":[{"href":"https:\/\/galicianparts.com\/shop\/wp-json\/wp\/v2\/product"}],"about":[{"href":"https:\/\/galicianparts.com\/shop\/wp-json\/wp\/v2\/types\/product"}],"wp:featuredmedia":[{"embeddable":true,"href":"https:\/\/galicianparts.com\/shop\/wp-json\/wp\/v2\/media\/25083"}],"wp:attachment":[{"href":"https:\/\/galicianparts.com\/shop\/wp-json\/wp\/v2\/media?parent=25082"}],"wp:term":[{"taxonomy":"product_cat","embeddable":true,"href":"https:\/\/galicianparts.com\/shop\/wp-json\/wp\/v2\/product_cat?post=25082"},{"taxonomy":"product_tag","embeddable":true,"href":"https:\/\/galicianparts.com\/shop\/wp-json\/wp\/v2\/product_tag?post=25082"}],"curies":[{"name":"wp","href":"https:\/\/api.w.org\/{rel}","templated":true}]}}