{"id":25100,"date":"2021-06-14T13:09:37","date_gmt":"2021-06-14T11:09:37","guid":{"rendered":"https:\/\/galicianparts.com\/shop\/producto\/4852376-correa-distribucion-fiat-croma-lancia-thema-original\/"},"modified":"2021-06-14T13:11:12","modified_gmt":"2021-06-14T11:11:12","slug":"4852376-correa-distribucion-fiat-croma-lancia-thema-original","status":"publish","type":"product","link":"https:\/\/galicianparts.com\/shop\/producto\/4852376-correa-distribucion-fiat-croma-lancia-thema-original\/","title":{"rendered":"4852376 Correa distribuci\u00f3n Fiat Croma \/ Lancia Thema ORIGINAL"},"content":{"rendered":"<p>Correa dentada de 95 dientes de:<br \/>\nFIAT Croma I Hatchback (154) (A\u00f1o 05.1989 &#8211; 08.1996, 115 , Gas\u00f3leo)<br \/>\n2.5 TD, A\u00f1o 05.1989 &#8211; 08.1996, 2500 , 115<br \/>\nLANCIA Thema Berlina (834) (A\u00f1o 05.1992 &#8211; 07.1994, 116 , Gas\u00f3leo)<br \/>\n2.5 Turbo DS, A\u00f1o 05.1992 &#8211; 07.1994, 2500 , 116<br \/>\nLANCIA Thema Familiar (834) (A\u00f1o 09.1992 &#8211; 07.1994, 116 , Gas\u00f3leo)<br \/>\n2.5 Turbo DS, A\u00f1o 09.1992 &#8211; 07.1994, 2500 , 116<\/p>\n<p>LA PIEZA ES NUEVA Y ORIGINAL.<\/p>\n","protected":false},"excerpt":{"rendered":"<p>Correa dentada de 95 dientes de: FIAT Croma I Hatchback (154) (A\u00f1o 05.1989 &#8211; 08.1996, 115 , Gas\u00f3leo) 2.5 TD, A\u00f1o 05.1989 &#8211; 08.1996, 2500 , 115 LANCIA Thema Berlina (834) (A\u00f1o 05.1992 &#8211; 07.1994, 116 , Gas\u00f3leo) 2.5 Turbo DS, A\u00f1o 05.1992 &#8211; 07.1994, 2500 , 116 LANCIA Thema Familiar (834) (A\u00f1o 09.1992 &#8211; [&hellip;]<\/p>\n","protected":false},"featured_media":25101,"template":"","meta":{"_seopress_robots_primary_cat":"","_seopress_titles_title":"","_seopress_titles_desc":"","_seopress_robots_index":""},"product_cat":[86,20,21,124],"product_tag":[],"class_list":{"0":"post-25100","1":"product","2":"type-product","3":"status-publish","4":"has-post-thumbnail","6":"product_cat-recambios-fiat-croma","7":"product_cat-recambios-fiat","8":"product_cat-recambios-lancia","9":"product_cat-recambios-lancia-thema","11":"first","12":"instock","13":"taxable","14":"shipping-taxable","15":"purchasable","16":"product-type-simple"},"_links":{"self":[{"href":"https:\/\/galicianparts.com\/shop\/wp-json\/wp\/v2\/product\/25100"}],"collection":[{"href":"https:\/\/galicianparts.com\/shop\/wp-json\/wp\/v2\/product"}],"about":[{"href":"https:\/\/galicianparts.com\/shop\/wp-json\/wp\/v2\/types\/product"}],"wp:featuredmedia":[{"embeddable":true,"href":"https:\/\/galicianparts.com\/shop\/wp-json\/wp\/v2\/media\/25101"}],"wp:attachment":[{"href":"https:\/\/galicianparts.com\/shop\/wp-json\/wp\/v2\/media?parent=25100"}],"wp:term":[{"taxonomy":"product_cat","embeddable":true,"href":"https:\/\/galicianparts.com\/shop\/wp-json\/wp\/v2\/product_cat?post=25100"},{"taxonomy":"product_tag","embeddable":true,"href":"https:\/\/galicianparts.com\/shop\/wp-json\/wp\/v2\/product_tag?post=25100"}],"curies":[{"name":"wp","href":"https:\/\/api.w.org\/{rel}","templated":true}]}}