{"id":25153,"date":"2021-06-14T16:40:40","date_gmt":"2021-06-14T14:40:40","guid":{"rendered":"https:\/\/galicianparts.com\/shop\/producto\/4049811-separador-pinon-ciguenal-distribucion-fiat-500-126-nuevo-original\/"},"modified":"2021-06-16T09:29:03","modified_gmt":"2021-06-16T07:29:03","slug":"4049811-separador-pinon-ciguenal-distribucion-fiat-500-126-nuevo-original","status":"publish","type":"product","link":"https:\/\/galicianparts.com\/shop\/producto\/4049811-separador-pinon-ciguenal-distribucion-fiat-500-126-nuevo-original\/","title":{"rendered":"4049811 Separador pi\u00f1\u00f3n cig\u00fce\u00f1al distribuci\u00f3n Fiat 500 \/ 126 NUEVO ORIGINAL"},"content":{"rendered":"<p>Arandela del engranaje inferior de la distribuci\u00f3n de:<br \/>\nFIAT 500<br \/>\nFIAT 126<\/p>\n<p>LA PIEZA ES NUEVA Y ORIGINAL.<\/p>\n","protected":false},"excerpt":{"rendered":"<p>Arandela del engranaje inferior de la distribuci\u00f3n de: FIAT 500 FIAT 126 LA PIEZA ES NUEVA Y ORIGINAL.<\/p>\n","protected":false},"featured_media":25154,"template":"","meta":{"_seopress_robots_primary_cat":"","_seopress_titles_title":"","_seopress_titles_desc":"","_seopress_robots_index":""},"product_cat":[67,74,20],"product_tag":[],"class_list":{"0":"post-25153","1":"product","2":"type-product","3":"status-publish","4":"has-post-thumbnail","6":"product_cat-recambios-fiat-126","7":"product_cat-recambios-fiat-500","8":"product_cat-recambios-fiat","10":"first","11":"instock","12":"taxable","13":"shipping-taxable","14":"purchasable","15":"product-type-simple"},"_links":{"self":[{"href":"https:\/\/galicianparts.com\/shop\/wp-json\/wp\/v2\/product\/25153"}],"collection":[{"href":"https:\/\/galicianparts.com\/shop\/wp-json\/wp\/v2\/product"}],"about":[{"href":"https:\/\/galicianparts.com\/shop\/wp-json\/wp\/v2\/types\/product"}],"wp:featuredmedia":[{"embeddable":true,"href":"https:\/\/galicianparts.com\/shop\/wp-json\/wp\/v2\/media\/25154"}],"wp:attachment":[{"href":"https:\/\/galicianparts.com\/shop\/wp-json\/wp\/v2\/media?parent=25153"}],"wp:term":[{"taxonomy":"product_cat","embeddable":true,"href":"https:\/\/galicianparts.com\/shop\/wp-json\/wp\/v2\/product_cat?post=25153"},{"taxonomy":"product_tag","embeddable":true,"href":"https:\/\/galicianparts.com\/shop\/wp-json\/wp\/v2\/product_tag?post=25153"}],"curies":[{"name":"wp","href":"https:\/\/api.w.org\/{rel}","templated":true}]}}