{"id":25220,"date":"2021-06-15T10:24:01","date_gmt":"2021-06-15T08:24:01","guid":{"rendered":"https:\/\/galicianparts.com\/shop\/producto\/7798722-correa-auxiliar-fiat-cupe-ducato-citroen-peugeot-nuevo-original\/"},"modified":"2021-06-15T10:27:51","modified_gmt":"2021-06-15T08:27:51","slug":"7798722-correa-auxiliar-fiat-cupe-ducato-citroen-peugeot-nuevo-original","status":"publish","type":"product","link":"https:\/\/galicianparts.com\/shop\/producto\/7798722-correa-auxiliar-fiat-cupe-ducato-citroen-peugeot-nuevo-original\/","title":{"rendered":"7798722 Correa Auxiliar Fiat Cupe \/ Ducato \/ Citroen \/ Peugeot NUEVO ORIGINAL"},"content":{"rendered":"<p>Correa trapecial de instrumentos de:<br \/>\nCITRO\u00cbN Jumper I Bus (230) (A\u00f1o 02.1994 &#8211; 04.2002, 109 , Gasolina)<br \/>\nCITRO\u00cbN Jumper I Bus (244) (A\u00f1o 04.2002 &#8211; &#8230;, 110 , Gasolina,Gasolina\/Gas natural (CNG))<br \/>\nCITRO\u00cbN Jumper I Cami\u00f3n de plataforma\/Chasis (230) (A\u00f1o 03.1994 &#8211; 04.2002, 109 , Gasolina)<br \/>\nCITRO\u00cbN Jumper I Furg\u00f3n (230) (A\u00f1o 03.1994 &#8211; 04.2002, 109 , Gasolina)<br \/>\nCITRO\u00cbN Jumper I Furg\u00f3n (244) (A\u00f1o 04.2002 &#8211; &#8230;, 110 , Gasolina,Gasolina\/Gas natural (CNG))<br \/>\nCITRO\u00cbN ZX Hatchback (N2) (A\u00f1o 07.1992 &#8211; 10.1997, 90 &#8211; 103 , Gasolina)<br \/>\nCITRO\u00cbN ZX Familiar (N2) (A\u00f1o 10.1993 &#8211; 10.1997, 88 &#8211; 101 , Gasolina)<br \/>\nFIAT Bravo I Hatchback (182) (A\u00f1o 10.1995 &#8211; 10.2001, 147 &#8211; 154 , Gasolina)<br \/>\nFIAT Coupe (175) (A\u00f1o 08.1996 &#8211; 08.2000, 147 &#8211; 220 , Gasolina)<br \/>\nFIAT Ducato II Bus (230) (A\u00f1o 03.1994 &#8211; 04.2002, 109 , Gasolina)<br \/>\nFIAT Ducato II Bus (244) (A\u00f1o 04.2002 &#8211; 07.2006, 97 &#8211; 110 , Gasolina,Gasolina\/Gas (LPG),Gasolina\/Gas natural (CNG))<br \/>\nFIAT Ducato II Cami\u00f3n de plataforma\/Chasis (230) (A\u00f1o 03.1994 &#8211; 04.2002, 109 , Gasolina)<br \/>\nFIAT Ducato II Cami\u00f3n de plataforma\/Chasis (244) (A\u00f1o 04.2002 &#8211; 07.2006, 110 , Gasolina)<br \/>\nFIAT Ducato II Furg\u00f3n (230L) (A\u00f1o 03.1994 &#8211; 04.2002, 109 , Gasolina)<br \/>\nFIAT Ducato II Furg\u00f3n (244) (A\u00f1o 04.2002 &#8211; 07.2006, 97 &#8211; 110 , Gasolina,Gasolina\/Gas (LPG),Gasolina\/Gas natural (CNG))<br \/>\nFIAT Marea Berlina (185) (A\u00f1o 09.1996 &#8211; 05.2002, 147 &#8211; 154 , Gasolina)<br \/>\nFIAT Marea Weekend (185) (A\u00f1o 09.1996 &#8211; 02.2003, 147 &#8211; 154 , Gasolina)<br \/>\nPEUGEOT 306 Berlina (A\u00f1o 06.1994 &#8211; 05.2001, 101 , Gasolina)<br \/>\nPEUGEOT 306 Cabrio (A\u00f1o 03.1994 &#8211; 04.2002, 101 , Gasolina)<br \/>\nPEUGEOT 306 Hatchback (A\u00f1o 05.1993 &#8211; 05.2001, 101 , Gasolina)<br \/>\nPEUGEOT 405 II Berlina (4B) (A\u00f1o 08.1992 &#8211; 11.1999, 88 &#8211; 103 , Gasolina)<br \/>\nPEUGEOT 405 II Familiar (4E) (A\u00f1o 08.1992 &#8211; 05.1997, 88 &#8211; 101 , Gasolina)<br \/>\nPEUGEOT Boxer Bus (244) (A\u00f1o 04.2002 &#8211; &#8230;, 110 , Gasolina)<br \/>\nPEUGEOT Boxer Furg\u00f3n (244) (A\u00f1o 04.2002 &#8211; &#8230;, 110 , Gasolina)<\/p>\n<p>LA PIEZA ES NUEVA Y ORIGINAL.<\/p>\n","protected":false},"excerpt":{"rendered":"<p>Correa trapecial de instrumentos de: CITRO\u00cbN Jumper I Bus (230) (A\u00f1o 02.1994 &#8211; 04.2002, 109 , Gasolina) CITRO\u00cbN Jumper I Bus (244) (A\u00f1o 04.2002 &#8211; &#8230;, 110 , Gasolina,Gasolina\/Gas natural (CNG)) CITRO\u00cbN Jumper I Cami\u00f3n de plataforma\/Chasis (230) (A\u00f1o 03.1994 &#8211; 04.2002, 109 , Gasolina) CITRO\u00cbN Jumper I Furg\u00f3n (230) (A\u00f1o 03.1994 &#8211; 04.2002, 109 [&hellip;]<\/p>\n","protected":false},"featured_media":25221,"template":"","meta":{"_seopress_robots_primary_cat":"","_seopress_titles_title":"","_seopress_titles_desc":"","_seopress_robots_index":""},"product_cat":[147,150,155,82,23,85,88,20,137,95,24,144],"product_tag":[],"class_list":{"0":"post-25220","1":"product","2":"type-product","3":"status-publish","4":"has-post-thumbnail","6":"product_cat-recambios-peugeot-306","7":"product_cat-recambios-peugeot-405","8":"product_cat-recambios-peugeot-boxer","9":"product_cat-recambios-fiat-bravo","10":"product_cat-recambios-citroen","11":"product_cat-recambios-fiat-coupe","12":"product_cat-recambios-fiat-ducato","13":"product_cat-recambios-fiat","14":"product_cat-recambios-citroen-jumper","15":"product_cat-recambios-fiat-marea","16":"product_cat-recambios-peugeot","17":"product_cat-recambios-citroen-zx","19":"first","20":"instock","21":"taxable","22":"shipping-taxable","23":"purchasable","24":"product-type-simple"},"_links":{"self":[{"href":"https:\/\/galicianparts.com\/shop\/wp-json\/wp\/v2\/product\/25220"}],"collection":[{"href":"https:\/\/galicianparts.com\/shop\/wp-json\/wp\/v2\/product"}],"about":[{"href":"https:\/\/galicianparts.com\/shop\/wp-json\/wp\/v2\/types\/product"}],"wp:featuredmedia":[{"embeddable":true,"href":"https:\/\/galicianparts.com\/shop\/wp-json\/wp\/v2\/media\/25221"}],"wp:attachment":[{"href":"https:\/\/galicianparts.com\/shop\/wp-json\/wp\/v2\/media?parent=25220"}],"wp:term":[{"taxonomy":"product_cat","embeddable":true,"href":"https:\/\/galicianparts.com\/shop\/wp-json\/wp\/v2\/product_cat?post=25220"},{"taxonomy":"product_tag","embeddable":true,"href":"https:\/\/galicianparts.com\/shop\/wp-json\/wp\/v2\/product_tag?post=25220"}],"curies":[{"name":"wp","href":"https:\/\/api.w.org\/{rel}","templated":true}]}}