{"id":25370,"date":"2021-06-16T11:35:19","date_gmt":"2021-06-16T09:35:19","guid":{"rendered":"https:\/\/galicianparts.com\/shop\/producto\/7685362-correa-auxiliar-fiat-127-uno-panda-fiorino-original\/"},"modified":"2022-10-17T20:42:36","modified_gmt":"2022-10-17T18:42:36","slug":"7685362-correa-auxiliar-fiat-127-uno-panda-fiorino-original","status":"publish","type":"product","link":"https:\/\/galicianparts.com\/shop\/producto\/7685362-correa-auxiliar-fiat-127-uno-panda-fiorino-original\/","title":{"rendered":"7685362 Correa auxiliar Fiat 127 \/ Uno \/ Panda \/ Fiorino ORIGINAL"},"content":{"rendered":"<p>Correa trapezoidal de instrumentos de:<br \/>\nFIAT 127 Hatchback (127) (A\u00f1o 04.1981 &#8211; 12.1986, 45 , Gas\u00f3leo)<br \/>\nFIAT 127 Panorama (127) (A\u00f1o 06.1981 &#8211; 12.1986, 45 , Gas\u00f3leo)<br \/>\nFIAT Fiorino I Furg\u00f3n (147) (A\u00f1o 03.1982 &#8211; 01.1988, 45 , Gas\u00f3leo)<br \/>\nFIAT Fiorino Pick-up (147) (A\u00f1o 05.1984 &#8211; 12.1988, 45 , Gas\u00f3leo)<br \/>\nFIAT Panda I Hatchback (141) (A\u00f1o 04.1986 &#8211; 12.1992, 37 , Gas\u00f3leo)<br \/>\nFIAT Uno Hatchback (146) (A\u00f1o 06.1983 &#8211; 03.1992, 45 , Gas\u00f3leo)<\/p>\n<p>LA PIEZA ES NUEVA Y ORIGINAL.<\/p>\n","protected":false},"excerpt":{"rendered":"<p>Correa trapezoidal de instrumentos de: FIAT 127 Hatchback (127) (A\u00f1o 04.1981 &#8211; 12.1986, 45 , Gas\u00f3leo) FIAT 127 Panorama (127) (A\u00f1o 06.1981 &#8211; 12.1986, 45 , Gas\u00f3leo) FIAT Fiorino I Furg\u00f3n (147) (A\u00f1o 03.1982 &#8211; 01.1988, 45 , Gas\u00f3leo) FIAT Fiorino Pick-up (147) (A\u00f1o 05.1984 &#8211; 12.1988, 45 , Gas\u00f3leo) FIAT Panda I Hatchback (141) [&hellip;]<\/p>\n","protected":false},"featured_media":25377,"template":"","meta":{"_seopress_robots_primary_cat":"","_seopress_titles_title":"","_seopress_titles_desc":"","_seopress_robots_index":""},"product_cat":[68,20,91,99,114],"product_tag":[],"class_list":{"0":"post-25370","1":"product","2":"type-product","3":"status-publish","4":"has-post-thumbnail","6":"product_cat-recambios-fiat-127","7":"product_cat-recambios-fiat","8":"product_cat-recambios-fiat-fiorino","9":"product_cat-recambios-fiat-panda","10":"product_cat-recambios-fiat-uno","12":"first","13":"outofstock","14":"taxable","15":"shipping-taxable","16":"purchasable","17":"product-type-simple"},"_links":{"self":[{"href":"https:\/\/galicianparts.com\/shop\/wp-json\/wp\/v2\/product\/25370"}],"collection":[{"href":"https:\/\/galicianparts.com\/shop\/wp-json\/wp\/v2\/product"}],"about":[{"href":"https:\/\/galicianparts.com\/shop\/wp-json\/wp\/v2\/types\/product"}],"wp:featuredmedia":[{"embeddable":true,"href":"https:\/\/galicianparts.com\/shop\/wp-json\/wp\/v2\/media\/25377"}],"wp:attachment":[{"href":"https:\/\/galicianparts.com\/shop\/wp-json\/wp\/v2\/media?parent=25370"}],"wp:term":[{"taxonomy":"product_cat","embeddable":true,"href":"https:\/\/galicianparts.com\/shop\/wp-json\/wp\/v2\/product_cat?post=25370"},{"taxonomy":"product_tag","embeddable":true,"href":"https:\/\/galicianparts.com\/shop\/wp-json\/wp\/v2\/product_tag?post=25370"}],"curies":[{"name":"wp","href":"https:\/\/api.w.org\/{rel}","templated":true}]}}