{"id":25387,"date":"2021-06-16T12:06:49","date_gmt":"2021-06-16T10:06:49","guid":{"rendered":"https:\/\/galicianparts.com\/shop\/producto\/5892650-kit-pastillas-freno-trasero-lancia-thema-8-32-fiat-alfa-romeo-original\/"},"modified":"2022-07-04T10:59:45","modified_gmt":"2022-07-04T08:59:45","slug":"5892650-kit-pastillas-freno-trasero-lancia-thema-8-32-fiat-alfa-romeo-original","status":"publish","type":"product","link":"https:\/\/galicianparts.com\/shop\/producto\/5892650-kit-pastillas-freno-trasero-lancia-thema-8-32-fiat-alfa-romeo-original\/","title":{"rendered":"5892650 Kit pastillas freno trasero Lancia Thema 8.32 Fiat \/ Alfa Romeo ORIGINAL"},"content":{"rendered":"<p>Set, juego de pastillas de freno traseras de:<br \/>\nALFA ROMEO 164 (164) (A\u00f1o 06.1987 &#8211; 09.1998, 114 &#8211; 211 , Gas\u00f3leo,Gasolina)<br \/>\nFIAT Croma I Hatchback (154) (A\u00f1o 12.1985 &#8211; 12.1996, 75 &#8211; 162 , Gas\u00f3leo,Gasolina)<br \/>\nLANCIA Thema Berlina (834) (A\u00f1o 11.1984 &#8211; 07.1994, 101 &#8211; 201 , Gas\u00f3leo,Gasolina)<br \/>\nLANCIA Thema Berlina Ferrari 8.32<br \/>\nLANCIA Thema Familiar (834) (A\u00f1o 12.1988 &#8211; 07.1994, 147 &#8211; 201 , Gasolina)<\/p>\n<p>LA PIEZA ES NUEVA Y ORIGINAL.<\/p>\n","protected":false},"excerpt":{"rendered":"<p>Set, juego de pastillas de freno traseras de: ALFA ROMEO 164 (164) (A\u00f1o 06.1987 &#8211; 09.1998, 114 &#8211; 211 , Gas\u00f3leo,Gasolina) FIAT Croma I Hatchback (154) (A\u00f1o 12.1985 &#8211; 12.1996, 75 &#8211; 162 , Gas\u00f3leo,Gasolina) LANCIA Thema Berlina (834) (A\u00f1o 11.1984 &#8211; 07.1994, 101 &#8211; 201 , Gas\u00f3leo,Gasolina) LANCIA Thema Berlina Ferrari 8.32 LANCIA Thema [&hellip;]<\/p>\n","protected":false},"featured_media":37748,"template":"","meta":{"_seopress_robots_primary_cat":"","_seopress_titles_title":"","_seopress_titles_desc":"","_seopress_robots_index":""},"product_cat":[54,16,86,20,21,124],"product_tag":[],"class_list":{"0":"post-25387","1":"product","2":"type-product","3":"status-publish","4":"has-post-thumbnail","6":"product_cat-recambios-alfa-romeo-164","7":"product_cat-recambios-alfa-romeo","8":"product_cat-recambios-fiat-croma","9":"product_cat-recambios-fiat","10":"product_cat-recambios-lancia","11":"product_cat-recambios-lancia-thema","13":"first","14":"outofstock","15":"taxable","16":"shipping-taxable","17":"purchasable","18":"product-type-simple"},"_links":{"self":[{"href":"https:\/\/galicianparts.com\/shop\/wp-json\/wp\/v2\/product\/25387"}],"collection":[{"href":"https:\/\/galicianparts.com\/shop\/wp-json\/wp\/v2\/product"}],"about":[{"href":"https:\/\/galicianparts.com\/shop\/wp-json\/wp\/v2\/types\/product"}],"wp:featuredmedia":[{"embeddable":true,"href":"https:\/\/galicianparts.com\/shop\/wp-json\/wp\/v2\/media\/37748"}],"wp:attachment":[{"href":"https:\/\/galicianparts.com\/shop\/wp-json\/wp\/v2\/media?parent=25387"}],"wp:term":[{"taxonomy":"product_cat","embeddable":true,"href":"https:\/\/galicianparts.com\/shop\/wp-json\/wp\/v2\/product_cat?post=25387"},{"taxonomy":"product_tag","embeddable":true,"href":"https:\/\/galicianparts.com\/shop\/wp-json\/wp\/v2\/product_tag?post=25387"}],"curies":[{"name":"wp","href":"https:\/\/api.w.org\/{rel}","templated":true}]}}