{"id":25408,"date":"2021-06-16T13:41:57","date_gmt":"2021-06-16T11:41:57","guid":{"rendered":"https:\/\/galicianparts.com\/shop\/producto\/82357469-kit-pastillas-freno-delantero-lancia-delta-gamma-prisma-seat-original\/"},"modified":"2024-10-10T12:35:20","modified_gmt":"2024-10-10T10:35:20","slug":"82357469-kit-pastillas-freno-delantero-lancia-delta-gamma-prisma-seat-original","status":"publish","type":"product","link":"https:\/\/galicianparts.com\/shop\/producto\/82357469-kit-pastillas-freno-delantero-lancia-delta-gamma-prisma-seat-original\/","title":{"rendered":"82357469 Kit pastillas freno delantero Lancia Delta I \/Prisma \/Seat Panda \/131 ORIGINAL"},"content":{"rendered":"<p>9941718 Set, juego de pastillas de freno delanteras de:<\/p>\n<p>AUTOBIANCHI A 112 Hatchback<br \/>\n0.9 Junior, A\u00f1o 07.1975 &#8211; 12.1985, 903 ccm, 42 cv<br \/>\n1.0 Abarth, A\u00f1o 01.1974 &#8211; 12.1984, 1050 ccm, 70 cv<br \/>\n1.0 E,Elite,LX, A\u00f1o 11.1977 &#8211; 12.1985, 965 ccm, 48 cv<\/p>\n<p>LANCIA A 112 Hatchback<br \/>\n0.9 Junior (A112B\/2), A\u00f1o 03.1981 &#8211; 06.1986, 903 ccm, 40 cv<br \/>\n1.0 Abarth (A112B2\/5), A\u00f1o 03.1978 &#8211; 02.1984, 1050 ccm, 69 cv<br \/>\n1.0 LX (A112), A\u00f1o 03.1984 &#8211; 12.1986, 965 ccm, 48 cv<br \/>\nLANCIA Delta I (831)<br \/>\n1.1, A\u00f1o 01.1986 &#8211; 12.1990, 1116 ccm, 64 cv<br \/>\n1.3 (831.AB), A\u00f1o 09.1983 &#8211; 08.1992, 1301 ccm, 79 cv<br \/>\n1.3, A\u00f1o 09.1979 &#8211; 08.1992, 1301 ccm, 75 cv<br \/>\n1.5, A\u00f1o 09.1979 &#8211; 12.1992, 1498 ccm, 86 cv<br \/>\nLANCIA Prisma (831)<br \/>\n1.3 (831AB), A\u00f1o 01.1983 &#8211; 12.1989, 1301 ccm, 79 cv<br \/>\n1.5 (831AB), A\u00f1o 09.1985 &#8211; 02.1992, 1498 ccm, 75 cv<\/p>\n<p>SEAT Ronda (022A)<br \/>\n1.2, A\u00f1o 08.1983 &#8211; 05.1985, 1197 ccm, 64 cv<br \/>\n1.4, A\u00f1o 06.1982 &#8211; 11.1988, 1438 ccm, 73 cv<br \/>\n1.5, A\u00f1o 09.1984 &#8211; 12.1986, 1461 ccm, 85 cv<br \/>\n1.6, A\u00f1o 08.1983 &#8211; 09.1985, 1592 ccm, 92 cv<br \/>\n1.7 Di\u00e9sel, A\u00f1o 06.1982 &#8211; 12.1986, 1714 ccm, 56 cv<br \/>\nSEAT Malaga (023A)<br \/>\n1.2, A\u00f1o 05.1985 &#8211; 12.1993, 1193 ccm, 60 cv<br \/>\n1.2, A\u00f1o 11.1984 &#8211; 12.1993, 1193 ccm, 64 cv<br \/>\n1.2 i, A\u00f1o 12.1989 &#8211; 12.1993, 1193 ccm, 71 cv<br \/>\n1.5, A\u00f1o 05.1985 &#8211; 12.1993, 1461 ccm, 85 cv<br \/>\n1.5 i, A\u00f1o 01.1987 &#8211; 12.1993, 1461 ccm, 100 cv<br \/>\n1.5 i Cat, A\u00f1o 10.1986 &#8211; 12.1993, 1461 ccm, 90 cv<br \/>\n1.7 D, A\u00f1o 05.1985 &#8211; 12.1993, 1714 ccm, 54 cv<br \/>\n1.7 D, A\u00f1o 05.1990 &#8211; 12.1993, 1714 ccm, 57 cv<br \/>\nSEAT Marbella (28)<br \/>\n0.8, A\u00f1o 08.1986 &#8211; 12.1993, 843 ccm, 34 cv<br \/>\n0.9, A\u00f1o 01.1987 &#8211; 12.1993, 903 ccm, 40 cv<br \/>\n0.9 Cat, A\u00f1o 01.1990 &#8211; 11.1996, 903 ccm, 40 cv<br \/>\nSEAT Terra (24)<br \/>\n0.9, A\u00f1o 02.1987 &#8211; 12.1996, 903 ccm, 40 cv<br \/>\n0.9 Cat, A\u00f1o 02.1992 &#8211; 12.1994, 903 ccm, 40 cv<br \/>\n1.3 D, A\u00f1o 03.1990 &#8211; 12.1994, 1272 ccm, 45 cv<br \/>\n1.4 D, A\u00f1o 10.1990 &#8211; 12.1995, 1398 ccm, 48 cv<br \/>\nSEAT Ibiza I Hatchback (021A)<br \/>\n0.9, A\u00f1o 08.1990 &#8211; 05.1993, 903 ccm, 40 cv<br \/>\n0.9, A\u00f1o 08.1986 &#8211; 05.1993, 903 ccm, 44 cv<br \/>\n1.2, A\u00f1o 11.1984 &#8211; 12.1993, 1193 ccm, 60 cv<br \/>\n1.2, A\u00f1o 11.1984 &#8211; 12.1993, 1193 ccm, 63 cv<br \/>\n1.2 i, A\u00f1o 01.1989 &#8211; 05.1993, 1193 ccm, 71 cv<br \/>\n1.5, A\u00f1o 11.1984 &#8211; 05.1993, 1461 ccm, 85 cv<br \/>\n1.5, A\u00f1o 10.1986 &#8211; 05.1993, 1461 ccm, 87 cv<br \/>\n1.5 i, A\u00f1o 10.1986 &#8211; 05.1993, 1461 ccm, 100 cv<br \/>\n1.5 i Cat, A\u00f1o 10.1986 &#8211; 05.1993, 1461 ccm, 90 cv<br \/>\n1.7, A\u00f1o 01.1991 &#8211; 05.1993, 1675 ccm, 98 cv<br \/>\nSEAT 131<br \/>\n1.6, A\u00f1o 03.1982 &#8211; 01.1985, 1592 ccm, 97 cv<br \/>\n2.0, A\u00f1o 06.1978 &#8211; 12.1985, 1994 ccm, 116 cv<br \/>\n2.4 Di\u00e9sel, A\u00f1o 06.1978 &#8211; 12.1986, 2445 ccm, 72 cv<br \/>\nSEAT Panda (141A)<br \/>\n0.9, A\u00f1o 10.1980 &#8211; 12.1986, 903 ccm, 42 cv<\/p>\n<p> LA PIEZA ES NUEVA Y ORIGINAL.<\/p>\n","protected":false},"excerpt":{"rendered":"<p>9941718 Set, juego de pastillas de freno delanteras de: AUTOBIANCHI A 112 Hatchback 0.9 Junior, A\u00f1o 07.1975 &#8211; 12.1985, 903 ccm, 42 cv 1.0 Abarth, A\u00f1o 01.1974 &#8211; 12.1984, 1050 ccm, 70 cv 1.0 E,Elite,LX, A\u00f1o 11.1977 &#8211; 12.1985, 965 ccm, 48 cv LANCIA A 112 Hatchback 0.9 Junior (A112B\/2), A\u00f1o 03.1981 &#8211; 06.1986, 903 [&hellip;]<\/p>\n","protected":false},"featured_media":54295,"template":"","meta":{"_seopress_robots_primary_cat":"","_seopress_titles_title":"","_seopress_titles_desc":"","_seopress_robots_index":""},"product_cat":[199,63,369,25,118,162,21,164,207,237,123,165,26,233],"product_tag":[],"class_list":{"0":"post-25408","1":"product","2":"type-product","3":"status-publish","4":"has-post-thumbnail","6":"product_cat-recambios-seat-131","7":"product_cat-recambios-autobianchi-a112","8":"product_cat-recambios-lancia-a112","9":"product_cat-recambios-autobianchi","10":"product_cat-recambios-lancia-delta","11":"product_cat-recambios-seat-ibiza","12":"product_cat-recambios-lancia","13":"product_cat-recambios-seat-malaga","14":"product_cat-recambios-seat-marbella","15":"product_cat-recambios-seat-panda","16":"product_cat-recambios-lancia-prisma","17":"product_cat-recambios-seat-ronda","18":"product_cat-recambios-seat","19":"product_cat-recambios-seat-terra","21":"first","22":"outofstock","23":"taxable","24":"shipping-taxable","25":"purchasable","26":"product-type-simple"},"_links":{"self":[{"href":"https:\/\/galicianparts.com\/shop\/wp-json\/wp\/v2\/product\/25408"}],"collection":[{"href":"https:\/\/galicianparts.com\/shop\/wp-json\/wp\/v2\/product"}],"about":[{"href":"https:\/\/galicianparts.com\/shop\/wp-json\/wp\/v2\/types\/product"}],"wp:featuredmedia":[{"embeddable":true,"href":"https:\/\/galicianparts.com\/shop\/wp-json\/wp\/v2\/media\/54295"}],"wp:attachment":[{"href":"https:\/\/galicianparts.com\/shop\/wp-json\/wp\/v2\/media?parent=25408"}],"wp:term":[{"taxonomy":"product_cat","embeddable":true,"href":"https:\/\/galicianparts.com\/shop\/wp-json\/wp\/v2\/product_cat?post=25408"},{"taxonomy":"product_tag","embeddable":true,"href":"https:\/\/galicianparts.com\/shop\/wp-json\/wp\/v2\/product_tag?post=25408"}],"curies":[{"name":"wp","href":"https:\/\/api.w.org\/{rel}","templated":true}]}}