{"id":25425,"date":"2021-06-16T16:57:45","date_gmt":"2021-06-16T14:57:45","guid":{"rendered":"https:\/\/galicianparts.com\/shop\/producto\/4126221-pinon-9-dientes-bomba-de-aceite-fiat-124-125-238-nuevo-original\/"},"modified":"2021-06-16T17:02:37","modified_gmt":"2021-06-16T15:02:37","slug":"4126221-pinon-9-dientes-bomba-de-aceite-fiat-124-125-238-nuevo-original","status":"publish","type":"product","link":"https:\/\/galicianparts.com\/shop\/producto\/4126221-pinon-9-dientes-bomba-de-aceite-fiat-124-125-238-nuevo-original\/","title":{"rendered":"4126221 Pi\u00f1\u00f3n 9 dientes bomba de aceite Fiat 124 \/ 125 \/ 238 NUEVO ORIGINAL"},"content":{"rendered":"<p>Engranaje de la bomba de aceite:<br \/>\nDientes: 9<br \/>\nDi\u00e1metro exterior: 33,5mm<br \/>\nDi\u00e1metro interior: 12mm<br \/>\nAlto: 26mm<\/p>\n<p>V\u00e1lido para:<br \/>\nFIAT 124<br \/>\nFIAT 125<br \/>\nFIAT 238<\/p>\n<p>LA PIEZA ES NUEVA Y ORIGINAL.<\/p>\n","protected":false},"excerpt":{"rendered":"<p>Engranaje de la bomba de aceite: Dientes: 9 Di\u00e1metro exterior: 33,5mm Di\u00e1metro interior: 12mm Alto: 26mm V\u00e1lido para: FIAT 124 FIAT 125 FIAT 238 LA PIEZA ES NUEVA Y ORIGINAL.<\/p>\n","protected":false},"featured_media":25426,"template":"","meta":{"_seopress_robots_primary_cat":"","_seopress_titles_title":"","_seopress_titles_desc":"","_seopress_robots_index":""},"product_cat":[65,66,209,20],"product_tag":[],"class_list":{"0":"post-25425","1":"product","2":"type-product","3":"status-publish","4":"has-post-thumbnail","6":"product_cat-recambios-fiat-124","7":"product_cat-recambios-fiat-125","8":"product_cat-recambios-fiat-238","9":"product_cat-recambios-fiat","11":"first","12":"instock","13":"taxable","14":"shipping-taxable","15":"purchasable","16":"product-type-simple"},"_links":{"self":[{"href":"https:\/\/galicianparts.com\/shop\/wp-json\/wp\/v2\/product\/25425"}],"collection":[{"href":"https:\/\/galicianparts.com\/shop\/wp-json\/wp\/v2\/product"}],"about":[{"href":"https:\/\/galicianparts.com\/shop\/wp-json\/wp\/v2\/types\/product"}],"wp:featuredmedia":[{"embeddable":true,"href":"https:\/\/galicianparts.com\/shop\/wp-json\/wp\/v2\/media\/25426"}],"wp:attachment":[{"href":"https:\/\/galicianparts.com\/shop\/wp-json\/wp\/v2\/media?parent=25425"}],"wp:term":[{"taxonomy":"product_cat","embeddable":true,"href":"https:\/\/galicianparts.com\/shop\/wp-json\/wp\/v2\/product_cat?post=25425"},{"taxonomy":"product_tag","embeddable":true,"href":"https:\/\/galicianparts.com\/shop\/wp-json\/wp\/v2\/product_tag?post=25425"}],"curies":[{"name":"wp","href":"https:\/\/api.w.org\/{rel}","templated":true}]}}