{"id":25451,"date":"2021-06-17T08:40:30","date_gmt":"2021-06-17T06:40:30","guid":{"rendered":"https:\/\/galicianparts.com\/shop\/producto\/12371889-concesion-electrica-fiat-punto-1993-20010-nuevo-original\/"},"modified":"2021-06-17T08:47:19","modified_gmt":"2021-06-17T06:47:19","slug":"12371889-concesion-electrica-fiat-punto-1993-20010-nuevo-original","status":"publish","type":"product","link":"https:\/\/galicianparts.com\/shop\/producto\/12371889-concesion-electrica-fiat-punto-1993-20010-nuevo-original\/","title":{"rendered":"12371889 Concesi\u00f3n el\u00e9ctrica Fiat Punto (1993-20010) NUEVO ORIGINAL"},"content":{"rendered":"<p>Ficha de conexi\u00f3n el\u00e9ctrica de:<br \/>\nFIAT &#8211; 1N PUNTO BZ (1999-2003)<br \/>\nFIAT &#8211; 1P PUNTO DS (1999-2003)<br \/>\nFIAT &#8211; 2U PUNTO FL.&#8217;03 (2003-2010)<\/p>\n<p>LA PIEZA ES NUEVA Y ORIGINAL.<\/p>\n","protected":false},"excerpt":{"rendered":"<p>Ficha de conexi\u00f3n el\u00e9ctrica de: FIAT &#8211; 1N PUNTO BZ (1999-2003) FIAT &#8211; 1P PUNTO DS (1999-2003) FIAT &#8211; 2U PUNTO FL.&#8217;03 (2003-2010) LA PIEZA ES NUEVA Y ORIGINAL.<\/p>\n","protected":false},"featured_media":25452,"template":"","meta":{"_seopress_robots_primary_cat":"","_seopress_titles_title":"","_seopress_titles_desc":"","_seopress_robots_index":""},"product_cat":[20,101],"product_tag":[],"class_list":{"0":"post-25451","1":"product","2":"type-product","3":"status-publish","4":"has-post-thumbnail","6":"product_cat-recambios-fiat","7":"product_cat-recambios-fiat-punto","9":"first","10":"instock","11":"taxable","12":"shipping-taxable","13":"purchasable","14":"product-type-simple"},"_links":{"self":[{"href":"https:\/\/galicianparts.com\/shop\/wp-json\/wp\/v2\/product\/25451"}],"collection":[{"href":"https:\/\/galicianparts.com\/shop\/wp-json\/wp\/v2\/product"}],"about":[{"href":"https:\/\/galicianparts.com\/shop\/wp-json\/wp\/v2\/types\/product"}],"wp:featuredmedia":[{"embeddable":true,"href":"https:\/\/galicianparts.com\/shop\/wp-json\/wp\/v2\/media\/25452"}],"wp:attachment":[{"href":"https:\/\/galicianparts.com\/shop\/wp-json\/wp\/v2\/media?parent=25451"}],"wp:term":[{"taxonomy":"product_cat","embeddable":true,"href":"https:\/\/galicianparts.com\/shop\/wp-json\/wp\/v2\/product_cat?post=25451"},{"taxonomy":"product_tag","embeddable":true,"href":"https:\/\/galicianparts.com\/shop\/wp-json\/wp\/v2\/product_tag?post=25451"}],"curies":[{"name":"wp","href":"https:\/\/api.w.org\/{rel}","templated":true}]}}