{"id":25657,"date":"2021-06-18T10:44:35","date_gmt":"2021-06-18T08:44:35","guid":{"rendered":"https:\/\/galicianparts.com\/shop\/producto\/9946021-kit-reparacion-pinza-freno-fiat-punto-gt-lancia-alfa-romeo-nuevo-original\/"},"modified":"2026-03-06T13:39:27","modified_gmt":"2026-03-06T11:39:27","slug":"9946021-kit-reparacion-pinza-freno-fiat-punto-gt-lancia-alfa-romeo-nuevo-original","status":"publish","type":"product","link":"https:\/\/galicianparts.com\/shop\/producto\/9946021-kit-reparacion-pinza-freno-fiat-punto-gt-lancia-alfa-romeo-nuevo-original\/","title":{"rendered":"9946021 Kit reparaci\u00f3n pinza freno D 54mm Fiat Punto GT \/Lancia \/Alfa NUEVO ORIGINAL"},"content":{"rendered":"<p>Set, juego de reparaci\u00f3n de la pinza de freno delantero de:<br \/>\nDi\u00e1metro: 54mm<\/p>\n<p>ALFA ROMEO 145 (930) (A\u00f1o 07.1994 &#8211; 01.2001)<br \/>\nALFA ROMEO 155 (167) (A\u00f1o 01.1992 &#8211; 12.1997)<br \/>\nALFA ROMEO 164 (164) (A\u00f1o 01.1987 &#8211; 09.1998)<br \/>\nALFA ROMEO 146 (930) (A\u00f1o 12.1994 &#8211; 01.2001)<br \/>\nALFA ROMEO GTV (916, 916C) (A\u00f1o 09.1994 &#8211; 10.2005)<br \/>\nALFA ROMEO Spider (916, 916S) (A\u00f1o 09.1994 &#8211; 04.2005)<br \/>\nALFA ROMEO 147 (937) (A\u00f1o 11.2000 &#8211; 12.2010)<\/p>\n<p>FIAT Croma I Hatchback (154) (A\u00f1o 12.1985 &#8211; 12.1996)<br \/>\nFIAT Argenta (132) (A\u00f1o 05.1977 &#8211; 03.1987)<br \/>\nFIAT Tempra Berlina (159) (A\u00f1o 03.1990 &#8211; 12.1998)<br \/>\nFIAT Tempra S.W. (159) (A\u00f1o 03.1990 &#8211; 10.1997)<br \/>\nFIAT Tipo Hatchback (160) (A\u00f1o 07.1987 &#8211; 10.1997)<br \/>\nFIAT Punto I Hatchback (176) (A\u00f1o 09.1993 &#8211; 09.1999)<br \/>\nFIAT Uno Hatchback (146) (A\u00f1o 01.1983 &#8211; 06.2006)<br \/>\nFIAT Barchetta (183) (A\u00f1o 03.1995 &#8211; 05.2005)<br \/>\nFIAT Seicento \/ 600 Hatchback (187) (A\u00f1o 01.1998 &#8211; 01.2010)<br \/>\nFIAT Coupe (175) (A\u00f1o 11.1993 &#8211; 08.2000)<\/p>\n<p>LANCIA Dedra Berlina (835) (A\u00f1o 01.1989 &#8211; 07.1999)<br \/>\nLANCIA Delta II (836) (A\u00f1o 06.1993 &#8211; 09.1999)<br \/>\nLANCIA Thema Berlina (834) (A\u00f1o 11.1984 &#8211; 07.1994)<br \/>\nLANCIA Thema Familiar (834) (A\u00f1o 03.1987 &#8211; 07.1994)<br \/>\nLANCIA Dedra Familiar (835) (A\u00f1o 07.1994 &#8211; 07.1999)<br \/>\nLANCIA Y10 (156) (A\u00f1o 03.1985 &#8211; 12.1995)<br \/>\nLANCIA Ypsilon II (843) (A\u00f1o 10.2003 &#8211; 12.2011)<\/p>\n<p>CITRO\u00cbN Xantia Hatchback (X1, X2) (A\u00f1o 03.1993 &#8211; 07.1999)<br \/>\nCITRO\u00cbN ZX Hatchback (N2) (A\u00f1o 03.1991 &#8211; 07.1999)<br \/>\nCITRO\u00cbN C15 Furgoneta (A\u00f1o 10.1984 &#8211; 10.2006)<br \/>\nCITRO\u00cbN Xsara Hatchback (N1) (A\u00f1o 04.1997 &#8211; 12.2005)<br \/>\nCITRO\u00cbN Xsara Familiar (N2) (A\u00f1o 10.1997 &#8211; 03.2010)<br \/>\nCITRO\u00cbN Xsara Coup\u00e9 (N0) (A\u00f1o 01.1998 &#8211; 04.2005)<br \/>\nCITRO\u00cbN C4 I Picasso (UD) (A\u00f1o 10.2006 &#8211; 10.2013)<\/p>\n<p>PEUGEOT 306 Hatchback (A\u00f1o 01.1993 &#8211; 10.2003)<br \/>\nPEUGEOT 306 Cabrio (A\u00f1o 01.1994 &#8211; 04.2002)<br \/>\nPEUGEOT 306 Berlina (A\u00f1o 04.1993 &#8211; 10.2003)<br \/>\nPEUGEOT 405 I Familiar (15E) (A\u00f1o 06.1987 &#8211; 08.1992)<br \/>\nPEUGEOT 405 II Familiar (4E) (A\u00f1o 08.1992 &#8211; 10.1998)<br \/>\nPEUGEOT 405 I Berlina (15B) (A\u00f1o 01.1987 &#8211; 12.1993)<br \/>\nPEUGEOT 405 II Berlina (4B) (A\u00f1o 01.1992 &#8211; 11.1999)<br \/>\nPEUGEOT J7 Furg\u00f3n (A\u00f1o 08.1968 &#8211; 03.1980)<br \/>\nPEUGEOT J9 Furg\u00f3n (A\u00f1o 03.1980 &#8211; 06.1987)<br \/>\nPEUGEOT J7 Bus (A\u00f1o 08.1968 &#8211; 03.1980)<br \/>\nPEUGEOT J7 Cami\u00f3n de plataforma\/Chasis (A\u00f1o 08.1968 &#8211; 03.1980)<br \/>\nPEUGEOT J9 Bus (A\u00f1o 03.1980 &#8211; 06.1987)<br \/>\nPEUGEOT J9 Cami\u00f3n de plataforma\/Chasis (A\u00f1o 03.1980 &#8211; 06.1987)<br \/>\nPEUGEOT 405 I Furg\u00f3n \/ Familiar (15_) (A\u00f1o 09.1989 &#8211; 07.1992)<br \/>\nPEUGEOT 405 II Furgoneta \/ Familiar (4E) (A\u00f1o 08.1992 &#8211; 12.1995)<\/p>\n<p>SEAT C\u00f3rdoba I Sed\u00e1n (6K1, 6K2) (A\u00f1o 02.1993 &#8211; 10.2002)<br \/>\nSEAT Toledo I Hatchback (1L) (A\u00f1o 01.1991 &#8211; 10.1999)<br \/>\nSEAT Ibiza II (6K1) (A\u00f1o 03.1993 &#8211; 02.2002)<br \/>\nSEAT Inca (6K9) (A\u00f1o 11.1995 &#8211; 06.2003)<br \/>\nSEAT Arosa (6H) (A\u00f1o 05.1997 &#8211; 06.2004)<br \/>\nSEAT C\u00f3rdoba I Vario (6K5) (A\u00f1o 08.1996 &#8211; 12.2002)<br \/>\nSEAT Toledo II Sed\u00e1n (1M2) (A\u00f1o 10.1998 &#8211; 05.2006)<br \/>\nSEAT Ibiza III Hatchback (6L) (A\u00f1o 02.2002 &#8211; 11.2009)<br \/>\nSEAT Exeo Sed\u00e1n (3R2) (A\u00f1o 12.2008 &#8211; &#8230;)<br \/>\nSEAT Exeo ST (3R5) (A\u00f1o 05.2009 &#8211; &#8230;)<br \/>\nSEAT Cordoba I Vario Furgoneta \/ Familiar (6K5) (A\u00f1o 08.2000 &#8211; 12.2002)<\/p>\n<p>LA PIEZA ES NUEVA Y ORIGINAL.<\/p>\n","protected":false},"excerpt":{"rendered":"<p>Set, juego de reparaci\u00f3n de la pinza de freno delantero de: Di\u00e1metro: 54mm ALFA ROMEO 145 (930) (A\u00f1o 07.1994 &#8211; 01.2001) ALFA ROMEO 155 (167) (A\u00f1o 01.1992 &#8211; 12.1997) ALFA ROMEO 164 (164) (A\u00f1o 01.1987 &#8211; 09.1998) ALFA ROMEO 146 (930) (A\u00f1o 12.1994 &#8211; 01.2001) ALFA ROMEO GTV (916, 916C) (A\u00f1o 09.1994 &#8211; 10.2005) ALFA [&hellip;]<\/p>\n","protected":false},"featured_media":100623,"template":"","meta":{"_seopress_robots_primary_cat":"","_seopress_titles_title":"","_seopress_titles_desc":"","_seopress_robots_index":""},"product_cat":[45,46,48,54,16,80,86,117,118,20,21,101,106,56,111,124,112],"product_tag":[],"class_list":{"0":"post-25657","1":"product","2":"type-product","3":"status-publish","4":"has-post-thumbnail","6":"product_cat-recambios-alfa-romeo-145","7":"product_cat-recambios-alfa-romeo-146","8":"product_cat-recambios-alfa-romeo-155","9":"product_cat-recambios-alfa-romeo-164","10":"product_cat-recambios-alfa-romeo","11":"product_cat-recambios-fiat-barchetta","12":"product_cat-recambios-fiat-croma","13":"product_cat-recambios-lancia-dedra","14":"product_cat-recambios-lancia-delta","15":"product_cat-recambios-fiat","16":"product_cat-recambios-lancia","17":"product_cat-recambios-fiat-punto","18":"product_cat-recambios-fiat-seicento","19":"product_cat-recambios-alfa-romeo-spider","20":"product_cat-recambios-fiat-tempra","21":"product_cat-recambios-lancia-thema","22":"product_cat-recambios-fiat-tipo","24":"first","25":"instock","26":"taxable","27":"shipping-taxable","28":"purchasable","29":"product-type-simple"},"_links":{"self":[{"href":"https:\/\/galicianparts.com\/shop\/wp-json\/wp\/v2\/product\/25657"}],"collection":[{"href":"https:\/\/galicianparts.com\/shop\/wp-json\/wp\/v2\/product"}],"about":[{"href":"https:\/\/galicianparts.com\/shop\/wp-json\/wp\/v2\/types\/product"}],"wp:featuredmedia":[{"embeddable":true,"href":"https:\/\/galicianparts.com\/shop\/wp-json\/wp\/v2\/media\/100623"}],"wp:attachment":[{"href":"https:\/\/galicianparts.com\/shop\/wp-json\/wp\/v2\/media?parent=25657"}],"wp:term":[{"taxonomy":"product_cat","embeddable":true,"href":"https:\/\/galicianparts.com\/shop\/wp-json\/wp\/v2\/product_cat?post=25657"},{"taxonomy":"product_tag","embeddable":true,"href":"https:\/\/galicianparts.com\/shop\/wp-json\/wp\/v2\/product_tag?post=25657"}],"curies":[{"name":"wp","href":"https:\/\/api.w.org\/{rel}","templated":true}]}}