{"id":25802,"date":"2021-06-21T10:12:20","date_gmt":"2021-06-21T08:12:20","guid":{"rendered":"https:\/\/galicianparts.com\/shop\/producto\/46307847-capuchon-palier-alfa-romeo-156-13-9-jtd-2001-2005-nuevo-original\/"},"modified":"2023-12-04T09:51:15","modified_gmt":"2023-12-04T07:51:15","slug":"46307847-capuchon-palier-alfa-romeo-156-13-9-jtd-2001-2005-nuevo-original","status":"publish","type":"product","link":"https:\/\/galicianparts.com\/shop\/producto\/46307847-capuchon-palier-alfa-romeo-156-13-9-jtd-2001-2005-nuevo-original\/","title":{"rendered":"46307847 Capuch\u00f3n palier Alfa Romeo 156 1.9 JTD 4&#215;4 (2001-2005) NUEVO ORIGINAL"},"content":{"rendered":"<p>Capuch\u00f3n del lado del cambio del semieje de la transmisi\u00f3n de:<br \/>\nALFA ROMEO &#8211; X1 156 M.Y.2002 (2001-2005) 1910\u00a0JTD\u00a0CF3\u00a016V\u00a0150CV\/110KW\u00a04X4 \/ 1910\u00a0JTD\u00a0CF4\u00a016V\u00a0150CV\/110KW\u00a04X4<\/p>\n<p>LA PIEZA ES NUEVA Y ORIGINAL.<\/p>\n","protected":false},"excerpt":{"rendered":"<p>Capuch\u00f3n del lado del cambio del semieje de la transmisi\u00f3n de: ALFA ROMEO &#8211; X1 156 M.Y.2002 (2001-2005) 1910\u00a0JTD\u00a0CF3\u00a016V\u00a0150CV\/110KW\u00a04X4 \/ 1910\u00a0JTD\u00a0CF4\u00a016V\u00a0150CV\/110KW\u00a04X4 LA PIEZA ES NUEVA Y ORIGINAL.<\/p>\n","protected":false},"featured_media":77928,"template":"","meta":{"_seopress_robots_primary_cat":"","_seopress_titles_title":"","_seopress_titles_desc":"","_seopress_robots_index":""},"product_cat":[49,16],"product_tag":[],"class_list":{"0":"post-25802","1":"product","2":"type-product","3":"status-publish","4":"has-post-thumbnail","6":"product_cat-recambios-alfa-romeo-156","7":"product_cat-recambios-alfa-romeo","9":"first","10":"outofstock","11":"taxable","12":"shipping-taxable","13":"purchasable","14":"product-type-simple"},"_links":{"self":[{"href":"https:\/\/galicianparts.com\/shop\/wp-json\/wp\/v2\/product\/25802"}],"collection":[{"href":"https:\/\/galicianparts.com\/shop\/wp-json\/wp\/v2\/product"}],"about":[{"href":"https:\/\/galicianparts.com\/shop\/wp-json\/wp\/v2\/types\/product"}],"wp:featuredmedia":[{"embeddable":true,"href":"https:\/\/galicianparts.com\/shop\/wp-json\/wp\/v2\/media\/77928"}],"wp:attachment":[{"href":"https:\/\/galicianparts.com\/shop\/wp-json\/wp\/v2\/media?parent=25802"}],"wp:term":[{"taxonomy":"product_cat","embeddable":true,"href":"https:\/\/galicianparts.com\/shop\/wp-json\/wp\/v2\/product_cat?post=25802"},{"taxonomy":"product_tag","embeddable":true,"href":"https:\/\/galicianparts.com\/shop\/wp-json\/wp\/v2\/product_tag?post=25802"}],"curies":[{"name":"wp","href":"https:\/\/api.w.org\/{rel}","templated":true}]}}