{"id":25867,"date":"2021-06-21T13:05:30","date_gmt":"2021-06-21T11:05:30","guid":{"rendered":"https:\/\/galicianparts.com\/shop\/producto\/4460697-valvula-admision-fiat-lancia-seat-nuevo-original\/"},"modified":"2022-03-28T18:30:24","modified_gmt":"2022-03-28T16:30:24","slug":"4460697-valvula-admision-fiat-lancia-seat-nuevo-original","status":"publish","type":"product","link":"https:\/\/galicianparts.com\/shop\/producto\/4460697-valvula-admision-fiat-lancia-seat-nuevo-original\/","title":{"rendered":"4460697 V\u00e1lvula admisi\u00f3n Fiat \/ Lancia \/ Seat NUEVO ORIGINAL"},"content":{"rendered":"<p>V\u00e1lvula de admisi\u00f3n de 36mm de di\u00e1metro del plato, 8mm de di\u00e1metro del v\u00e1stago y  108.5mm de longitud de:<br \/>\nFIAT 128 Berlina (128) (A\u00f1o 03.1969 &#8211; 12.1984, 55 &#8211; 73 , Gasolina)<br \/>\nFIAT 128 Coup\u00e9 (128) (A\u00f1o 03.1972 &#8211; 02.1981, 64 &#8211; 75 , Gasolina)<br \/>\nFIAT 128 Familiare (128) (A\u00f1o 10.1969 &#8211; 10.1982, 55 &#8211; 68 , Gasolina)<br \/>\nFIAT Panda I Hatchback (141) (A\u00f1o 10.1980 &#8211; 06.1994, 45 , Gasolina)<br \/>\nFIAT Punto I Hatchback (176) (A\u00f1o 01.1994 &#8211; 04.1997, 88 , Gasolina)<br \/>\nFIAT Punto I Cabrio (176) (A\u00f1o 04.1994 &#8211; 04.1997, 88 , Gasolina)<br \/>\nFIAT Regata Berlina (138) (A\u00f1o 09.1983 &#8211; 07.1989, 65 &#8211; 82 , Gasolina)<br \/>\nFIAT Regata Weekend (A\u00f1o 01.1984 &#8211; 07.1989, 68 &#8211; 82 , Gasolina)<br \/>\nFIAT Ritmo I Cabrio (A\u00f1o 01.1980 &#8211; 07.1989, 68 &#8211; 86 , Gasolina)<br \/>\nFIAT Ritmo I Hatchback (138) (A\u00f1o 01.1978 &#8211; 12.1988, 55 &#8211; 85 , Gasolina)<br \/>\nFIAT Tempra Berlina (159) (A\u00f1o 04.1990 &#8211; 08.1996, 69 &#8211; 78 , Gasolina)<br \/>\nFIAT Tempra S.W. (159) (A\u00f1o 03.1991 &#8211; 08.1996, 69 &#8211; 78 , Gasolina)<br \/>\nFIAT Tipo Hatchback (160) (A\u00f1o 07.1987 &#8211; 04.1995, 71 &#8211; 78 , Gasolina)<br \/>\nFIAT Uno Furg\u00f3n (146) (A\u00f1o 02.1988 &#8211; 07.1996, 45 , Gasolina)<br \/>\nFIAT Uno Hatchback (146) (A\u00f1o 01.1983 &#8211; 06.2006, 45 &#8211; 75 , Gasolina)<br \/>\nFIAT X 1\/9 (128) (A\u00f1o 05.1973 &#8211; 12.1989, 68 &#8211; 85 , Gasolina)<br \/>\nLANCIA Dedra Berlina (835) (A\u00f1o 08.1989 &#8211; 06.1994, 90 , Gasolina)<br \/>\nLANCIA Delta I (831) (A\u00f1o 09.1979 &#8211; 12.1992, 75 &#8211; 86 , Gasolina)<br \/>\nLANCIA Prisma (831) (A\u00f1o 01.1983 &#8211; 02.1992, 75 &#8211; 86 , Gasolina)<br \/>\nSEAT Ibiza I Hatchback (021A) (A\u00f1o 08.1986 &#8211; 05.1993, 40 &#8211; 44 , Gasolina)<\/p>\n<p>LA PIEZA ES NUEVA Y ORIGINAL.<\/p>\n","protected":false},"excerpt":{"rendered":"<p>V\u00e1lvula de admisi\u00f3n de 36mm de di\u00e1metro del plato, 8mm de di\u00e1metro del v\u00e1stago y 108.5mm de longitud de: FIAT 128 Berlina (128) (A\u00f1o 03.1969 &#8211; 12.1984, 55 &#8211; 73 , Gasolina) FIAT 128 Coup\u00e9 (128) (A\u00f1o 03.1972 &#8211; 02.1981, 64 &#8211; 75 , Gasolina) FIAT 128 Familiare (128) (A\u00f1o 10.1969 &#8211; 10.1982, 55 &#8211; [&hellip;]<\/p>\n","protected":false},"featured_media":43353,"template":"","meta":{"_seopress_robots_primary_cat":"","_seopress_titles_title":"","_seopress_titles_desc":"","_seopress_robots_index":""},"product_cat":[69,117,118,20,162,21,99,123,101,102,103,26,111,112,114],"product_tag":[],"class_list":{"0":"post-25867","1":"product","2":"type-product","3":"status-publish","4":"has-post-thumbnail","6":"product_cat-recambios-fiat-128","7":"product_cat-recambios-lancia-dedra","8":"product_cat-recambios-lancia-delta","9":"product_cat-recambios-fiat","10":"product_cat-recambios-seat-ibiza","11":"product_cat-recambios-lancia","12":"product_cat-recambios-fiat-panda","13":"product_cat-recambios-lancia-prisma","14":"product_cat-recambios-fiat-punto","15":"product_cat-recambios-fiat-regata","16":"product_cat-recambios-fiat-ritmo","17":"product_cat-recambios-seat","18":"product_cat-recambios-fiat-tempra","19":"product_cat-recambios-fiat-tipo","20":"product_cat-recambios-fiat-uno","22":"first","23":"outofstock","24":"taxable","25":"shipping-taxable","26":"purchasable","27":"product-type-simple"},"_links":{"self":[{"href":"https:\/\/galicianparts.com\/shop\/wp-json\/wp\/v2\/product\/25867"}],"collection":[{"href":"https:\/\/galicianparts.com\/shop\/wp-json\/wp\/v2\/product"}],"about":[{"href":"https:\/\/galicianparts.com\/shop\/wp-json\/wp\/v2\/types\/product"}],"wp:featuredmedia":[{"embeddable":true,"href":"https:\/\/galicianparts.com\/shop\/wp-json\/wp\/v2\/media\/43353"}],"wp:attachment":[{"href":"https:\/\/galicianparts.com\/shop\/wp-json\/wp\/v2\/media?parent=25867"}],"wp:term":[{"taxonomy":"product_cat","embeddable":true,"href":"https:\/\/galicianparts.com\/shop\/wp-json\/wp\/v2\/product_cat?post=25867"},{"taxonomy":"product_tag","embeddable":true,"href":"https:\/\/galicianparts.com\/shop\/wp-json\/wp\/v2\/product_tag?post=25867"}],"curies":[{"name":"wp","href":"https:\/\/api.w.org\/{rel}","templated":true}]}}