{"id":26164,"date":"2021-06-23T09:05:27","date_gmt":"2021-06-23T07:05:27","guid":{"rendered":"https:\/\/galicianparts.com\/shop\/producto\/60809716-electrovalvula-regulacion-egr-fiat-ducato-lacia-delta-citroen-peugeot-nuevo-original\/"},"modified":"2021-06-23T09:35:04","modified_gmt":"2021-06-23T07:35:04","slug":"60809716-electrovalvula-regulacion-egr-fiat-ducato-lacia-delta-citroen-peugeot-nuevo-original","status":"publish","type":"product","link":"https:\/\/galicianparts.com\/shop\/producto\/60809716-electrovalvula-regulacion-egr-fiat-ducato-lacia-delta-citroen-peugeot-nuevo-original\/","title":{"rendered":"60809716 Electrov\u00e1lvula regulaci\u00f3n EGR Fiat Ducato \/ Lacia Delta \/ Citroen \/ Peugeot NUEVO ORIGINAL"},"content":{"rendered":"<p>V\u00e1lvula de presi\u00f3n del turbo que regula la v\u00e1lvula EGR de:<br \/>\nFIAT &#8211; MJ CROMA 1930CC 2500CC TURBO DS FL.90 (1990-1996)<br \/>\nFIAT &#8211; NJ TEMPRA MQ.93 1930CC D-TD (1993-1996)<br \/>\nFIAT &#8211; NT TIPO MAQ.93 1930CC D-TD (1994-1995)<br \/>\nLANCIA &#8211; SN DEDRA FL.94 1930CC T.DS (1994-1999)<br \/>\nLANCIA &#8211; SR KAPPA 2400CC TURBO DIESEL (1994-2001)<br \/>\nLANCIA &#8211; SQ N.DELTA 1930CC TB\/DS (1994-1999)<br \/>\nFIAT PROFESSIONAL &#8211; PE DUCATO&#8217;94 2500CC TB\/DS (1994-2002)<br \/>\nCITROEN &#8211; JUMPER<br \/>\nPEUGEOT &#8211; BOXER<\/p>\n<p>LA PIEZA ES NUEVA Y ORIGINAL.<\/p>\n","protected":false},"excerpt":{"rendered":"<p>V\u00e1lvula de presi\u00f3n del turbo que regula la v\u00e1lvula EGR de: FIAT &#8211; MJ CROMA 1930CC 2500CC TURBO DS FL.90 (1990-1996) FIAT &#8211; NJ TEMPRA MQ.93 1930CC D-TD (1993-1996) FIAT &#8211; NT TIPO MAQ.93 1930CC D-TD (1994-1995) LANCIA &#8211; SN DEDRA FL.94 1930CC T.DS (1994-1999) LANCIA &#8211; SR KAPPA 2400CC TURBO DIESEL (1994-2001) LANCIA &#8211; [&hellip;]<\/p>\n","protected":false},"featured_media":26165,"template":"","meta":{"_seopress_robots_primary_cat":"","_seopress_titles_title":"","_seopress_titles_desc":"","_seopress_robots_index":""},"product_cat":[155,23,86,117,118,88,20,137,119,21,24,111],"product_tag":[],"class_list":{"0":"post-26164","1":"product","2":"type-product","3":"status-publish","4":"has-post-thumbnail","6":"product_cat-recambios-peugeot-boxer","7":"product_cat-recambios-citroen","8":"product_cat-recambios-fiat-croma","9":"product_cat-recambios-lancia-dedra","10":"product_cat-recambios-lancia-delta","11":"product_cat-recambios-fiat-ducato","12":"product_cat-recambios-fiat","13":"product_cat-recambios-citroen-jumper","14":"product_cat-recambios-lancia-kappa","15":"product_cat-recambios-lancia","16":"product_cat-recambios-peugeot","17":"product_cat-recambios-fiat-tempra","19":"first","20":"instock","21":"taxable","22":"shipping-taxable","23":"purchasable","24":"product-type-simple"},"_links":{"self":[{"href":"https:\/\/galicianparts.com\/shop\/wp-json\/wp\/v2\/product\/26164"}],"collection":[{"href":"https:\/\/galicianparts.com\/shop\/wp-json\/wp\/v2\/product"}],"about":[{"href":"https:\/\/galicianparts.com\/shop\/wp-json\/wp\/v2\/types\/product"}],"wp:featuredmedia":[{"embeddable":true,"href":"https:\/\/galicianparts.com\/shop\/wp-json\/wp\/v2\/media\/26165"}],"wp:attachment":[{"href":"https:\/\/galicianparts.com\/shop\/wp-json\/wp\/v2\/media?parent=26164"}],"wp:term":[{"taxonomy":"product_cat","embeddable":true,"href":"https:\/\/galicianparts.com\/shop\/wp-json\/wp\/v2\/product_cat?post=26164"},{"taxonomy":"product_tag","embeddable":true,"href":"https:\/\/galicianparts.com\/shop\/wp-json\/wp\/v2\/product_tag?post=26164"}],"curies":[{"name":"wp","href":"https:\/\/api.w.org\/{rel}","templated":true}]}}