{"id":26195,"date":"2021-06-23T10:31:53","date_gmt":"2021-06-23T08:31:53","guid":{"rendered":"https:\/\/galicianparts.com\/shop\/producto\/9406555339-rele-multifuncion-fiat-ulysse-scudo-lancia-z-citroen-peugeot-nuevo-original\/"},"modified":"2023-04-11T20:51:35","modified_gmt":"2023-04-11T18:51:35","slug":"9406555339-rele-multifuncion-fiat-ulysse-scudo-lancia-z-citroen-peugeot-nuevo-original","status":"publish","type":"product","link":"https:\/\/galicianparts.com\/shop\/producto\/9406555339-rele-multifuncion-fiat-ulysse-scudo-lancia-z-citroen-peugeot-nuevo-original\/","title":{"rendered":"9406555339 Rel\u00e9 multifunci\u00f3n Fiat Ulysse \/ Scudo \/ Lancia Z \/ Citroen \/ Peugeot nuevo original"},"content":{"rendered":"<p>Rel\u00e9 multifunci\u00f3n 25 amperios verde, electro ventilador, faros antiniebla, elevalunas el\u00e9ctrico, techo solar, dispositivo para antena v\u00e1lido para:<br \/>\nFIAT &#8211; PG ULYSSE 1750CC 2000CC 16V 2000CC TB 1905 TB\/DS 2100CC TB\/DS 2000CC JTD (1994-2002)<br \/>\nLANCIA &#8211; SK \u00abZ\u00bb 2000CC 16V 2000CC TB 2000CC JTD (1994-2002)<br \/>\nFIAT PROFESSIONAL &#8211; PL SCUDO 1580CC 2000CC 16V 1867CC DS  1905CC DS TB\/DS 2000CC JTD (1995-2004)<br \/>\nFIAT PROFESSIONAL &#8211; 2X SCUDO FL.2004 2000CC 16V 1867CC DS 2000CC JTD (2004-2006)<br \/>\nCITROEN &#8211; JUMPY<br \/>\nPEUGEOT &#8211; EXPERT<\/p>\n<p>LA PIEZA ES NUEVA Y ORIGINAL.<\/p>\n","protected":false},"excerpt":{"rendered":"<p>Rel\u00e9 multifunci\u00f3n 25 amperios verde, electro ventilador, faros antiniebla, elevalunas el\u00e9ctrico, techo solar, dispositivo para antena v\u00e1lido para: FIAT &#8211; PG ULYSSE 1750CC 2000CC 16V 2000CC TB 1905 TB\/DS 2100CC TB\/DS 2000CC JTD (1994-2002) LANCIA &#8211; SK \u00abZ\u00bb 2000CC 16V 2000CC TB 2000CC JTD (1994-2002) FIAT PROFESSIONAL &#8211; PL SCUDO 1580CC 2000CC 16V 1867CC DS [&hellip;]<\/p>\n","protected":false},"featured_media":56612,"template":"","meta":{"_seopress_robots_primary_cat":"","_seopress_titles_title":"","_seopress_titles_desc":"","_seopress_robots_index":""},"product_cat":[23,156,20,138,21,24,104,113,128],"product_tag":[],"class_list":{"0":"post-26195","1":"product","2":"type-product","3":"status-publish","4":"has-post-thumbnail","6":"product_cat-recambios-citroen","7":"product_cat-recambios-peugeot-expert","8":"product_cat-recambios-fiat","9":"product_cat-recambios-citroen-jumpy","10":"product_cat-recambios-lancia","11":"product_cat-recambios-peugeot","12":"product_cat-recambios-fiat-scudo","13":"product_cat-recambios-fiat-ulysse","14":"product_cat-recambios-lancia-z","16":"first","17":"outofstock","18":"taxable","19":"shipping-taxable","20":"purchasable","21":"product-type-simple"},"_links":{"self":[{"href":"https:\/\/galicianparts.com\/shop\/wp-json\/wp\/v2\/product\/26195"}],"collection":[{"href":"https:\/\/galicianparts.com\/shop\/wp-json\/wp\/v2\/product"}],"about":[{"href":"https:\/\/galicianparts.com\/shop\/wp-json\/wp\/v2\/types\/product"}],"wp:featuredmedia":[{"embeddable":true,"href":"https:\/\/galicianparts.com\/shop\/wp-json\/wp\/v2\/media\/56612"}],"wp:attachment":[{"href":"https:\/\/galicianparts.com\/shop\/wp-json\/wp\/v2\/media?parent=26195"}],"wp:term":[{"taxonomy":"product_cat","embeddable":true,"href":"https:\/\/galicianparts.com\/shop\/wp-json\/wp\/v2\/product_cat?post=26195"},{"taxonomy":"product_tag","embeddable":true,"href":"https:\/\/galicianparts.com\/shop\/wp-json\/wp\/v2\/product_tag?post=26195"}],"curies":[{"name":"wp","href":"https:\/\/api.w.org\/{rel}","templated":true}]}}