{"id":26227,"date":"2021-06-23T11:24:05","date_gmt":"2021-06-23T09:24:05","guid":{"rendered":"https:\/\/galicianparts.com\/shop\/producto\/46481423-faro-electrico-delantero-der-fiat-punto-gt-original-carello\/"},"modified":"2022-06-01T08:55:21","modified_gmt":"2022-06-01T06:55:21","slug":"46481423-faro-electrico-delantero-der-fiat-punto-gt-original-carello","status":"publish","type":"product","link":"https:\/\/galicianparts.com\/shop\/producto\/46481423-faro-electrico-delantero-der-fiat-punto-gt-original-carello\/","title":{"rendered":"46481423 Faro el\u00e9ctrico delantero der. Fiat Punto GT ORIGINAL CARELLO"},"content":{"rendered":"<p>Faro delantero derecho, con regulaci\u00f3n de altura el\u00e9ctrica, y con los dos peque\u00f1os desperfectos que se ven en las fotos a causa de mal almacenaje de FIAT PUNTO GT GAMMA &#8217;97 (1997-1999).<\/p>\n<p>LA PIEZA ES ORIGINAL CARELLO<\/p>\n","protected":false},"excerpt":{"rendered":"<p>Faro delantero derecho, con regulaci\u00f3n de altura el\u00e9ctrica, y con los dos peque\u00f1os desperfectos que se ven en las fotos a causa de mal almacenaje de FIAT PUNTO GT GAMMA &#8217;97 (1997-1999). LA PIEZA ES ORIGINAL CARELLO<\/p>\n","protected":false},"featured_media":26227,"template":"","meta":{"_seopress_robots_primary_cat":"","_seopress_titles_title":"","_seopress_titles_desc":"","_seopress_robots_index":""},"product_cat":[20,101],"product_tag":[],"class_list":{"0":"post-26227","1":"product","2":"type-product","3":"status-publish","4":"has-post-thumbnail","6":"product_cat-recambios-fiat","7":"product_cat-recambios-fiat-punto","9":"first","10":"outofstock","11":"taxable","12":"shipping-taxable","13":"purchasable","14":"product-type-simple"},"_links":{"self":[{"href":"https:\/\/galicianparts.com\/shop\/wp-json\/wp\/v2\/product\/26227"}],"collection":[{"href":"https:\/\/galicianparts.com\/shop\/wp-json\/wp\/v2\/product"}],"about":[{"href":"https:\/\/galicianparts.com\/shop\/wp-json\/wp\/v2\/types\/product"}],"wp:featuredmedia":[{"embeddable":true,"href":"https:\/\/galicianparts.com\/shop\/wp-json\/wp\/v2\/product\/26227"}],"wp:attachment":[{"href":"https:\/\/galicianparts.com\/shop\/wp-json\/wp\/v2\/media?parent=26227"}],"wp:term":[{"taxonomy":"product_cat","embeddable":true,"href":"https:\/\/galicianparts.com\/shop\/wp-json\/wp\/v2\/product_cat?post=26227"},{"taxonomy":"product_tag","embeddable":true,"href":"https:\/\/galicianparts.com\/shop\/wp-json\/wp\/v2\/product_tag?post=26227"}],"curies":[{"name":"wp","href":"https:\/\/api.w.org\/{rel}","templated":true}]}}