{"id":26331,"date":"2021-06-23T15:56:15","date_gmt":"2021-06-23T13:56:15","guid":{"rendered":"https:\/\/galicianparts.com\/shop\/producto\/5992414-sensor-aire-colector-admision-lancia-delta-i-1-6-spi-1986-1992-nuevo-original\/"},"modified":"2025-08-26T13:53:29","modified_gmt":"2025-08-26T11:53:29","slug":"5992414-sensor-aire-colector-admision-lancia-delta-i-1-6-spi-1986-1992-nuevo-original","status":"publish","type":"product","link":"https:\/\/galicianparts.com\/shop\/producto\/5992414-sensor-aire-colector-admision-lancia-delta-i-1-6-spi-1986-1992-nuevo-original\/","title":{"rendered":"5992414 Sensor aire colector admisi\u00f3n Lancia Delta I 1.6 SPI (1986-1992) NUEVO ORIGINAL"},"content":{"rendered":"<p>Electrov\u00e1lvula de temperatura del aire del colector de admisi\u00f3n de:<\/p>\n<p>LANCIA &#8211; TB DELTA R.86 (1986-1992) 1600 SPI USA 83<\/p>\n<p>LA PIEZA ES NUEVA Y ORIGINAL.<\/p>\n","protected":false},"excerpt":{"rendered":"<p>Electrov\u00e1lvula de temperatura del aire del colector de admisi\u00f3n de: LANCIA &#8211; TB DELTA R.86 (1986-1992) 1600 SPI USA 83 LA PIEZA ES NUEVA Y ORIGINAL.<\/p>\n","protected":false},"featured_media":93672,"template":"","meta":{"_seopress_robots_primary_cat":"","_seopress_titles_title":"","_seopress_titles_desc":"","_seopress_robots_index":""},"product_cat":[118,21],"product_tag":[],"class_list":{"0":"post-26331","1":"product","2":"type-product","3":"status-publish","4":"has-post-thumbnail","6":"product_cat-recambios-lancia-delta","7":"product_cat-recambios-lancia","9":"first","10":"outofstock","11":"taxable","12":"shipping-taxable","13":"purchasable","14":"product-type-simple"},"_links":{"self":[{"href":"https:\/\/galicianparts.com\/shop\/wp-json\/wp\/v2\/product\/26331"}],"collection":[{"href":"https:\/\/galicianparts.com\/shop\/wp-json\/wp\/v2\/product"}],"about":[{"href":"https:\/\/galicianparts.com\/shop\/wp-json\/wp\/v2\/types\/product"}],"wp:featuredmedia":[{"embeddable":true,"href":"https:\/\/galicianparts.com\/shop\/wp-json\/wp\/v2\/media\/93672"}],"wp:attachment":[{"href":"https:\/\/galicianparts.com\/shop\/wp-json\/wp\/v2\/media?parent=26331"}],"wp:term":[{"taxonomy":"product_cat","embeddable":true,"href":"https:\/\/galicianparts.com\/shop\/wp-json\/wp\/v2\/product_cat?post=26331"},{"taxonomy":"product_tag","embeddable":true,"href":"https:\/\/galicianparts.com\/shop\/wp-json\/wp\/v2\/product_tag?post=26331"}],"curies":[{"name":"wp","href":"https:\/\/api.w.org\/{rel}","templated":true}]}}