{"id":26588,"date":"2021-06-25T11:57:40","date_gmt":"2021-06-25T09:57:40","guid":{"rendered":"https:\/\/galicianparts.com\/shop\/producto\/7553760-tensor-correa-distribucion-fiat-ritmo-ragata-lancia-delta-prisma-nuevo-origina\/"},"modified":"2021-07-30T15:37:48","modified_gmt":"2021-07-30T13:37:48","slug":"7553760-tensor-correa-distribucion-fiat-ritmo-ragata-lancia-delta-prisma-nuevo-origina","status":"publish","type":"product","link":"https:\/\/galicianparts.com\/shop\/producto\/7553760-tensor-correa-distribucion-fiat-ritmo-ragata-lancia-delta-prisma-nuevo-origina\/","title":{"rendered":"7553760 Tensor correa distribuci\u00f3n Fiat Ritmo \/ Regata \/ Lancia Delta \/ Prisma NUEVO ORIGINA"},"content":{"rendered":"<p>Polea tensora de la correa dentada de:<br \/>\nFIAT Croma I Hatchback (154) (A\u00f1o 08.1987 &#8211; 12.1996, 90 &#8211; 94 , Gas\u00f3leo)<br \/>\n1.9 TD i.d., A\u00f1o 11.1992 &#8211; 12.1996, 1929 , 94<br \/>\n1.9 TD i.d., A\u00f1o 08.1987 &#8211; 10.1992, 1929 , 90<br \/>\nFIAT Regata Berlina (138) (A\u00f1o 04.1984 &#8211; 07.1989, 60 &#8211; 80 , Gas\u00f3leo)<br \/>\n1.7 Di\u00e9sel 60, A\u00f1o 05.1985 &#8211; 03.1989, 1698 , 60<br \/>\n1.9 Di\u00e9sel 65, A\u00f1o 04.1984 &#8211; 07.1989, 1929 , 65<br \/>\n1.9 Turbodi\u00e9sel 80, A\u00f1o 05.1986 &#8211; 07.1989, 1929 , 80<br \/>\nFIAT Regata Weekend (A\u00f1o 01.1984 &#8211; 12.1989, 60 &#8211; 65 , Gas\u00f3leo)<br \/>\n1.7 Di\u00e9sel 60, A\u00f1o 01.1984 &#8211; 12.1989, 1698 , 60<br \/>\n1.9 Di\u00e9sel 65, A\u00f1o 04.1984 &#8211; 07.1989, 1929 , 65<br \/>\nFIAT Ritmo I Hatchback (138) (A\u00f1o 05.1985 &#8211; 12.1987, 60 &#8211; 80 , Gas\u00f3leo)<br \/>\n1.7 Di\u00e9sel 60, A\u00f1o 05.1985 &#8211; 12.1987, 1698 , 60<br \/>\n1.9 Turbodi\u00e9sel 80, A\u00f1o 12.1985 &#8211; 12.1987, 1929 , 80<br \/>\nLANCIA Delta I (831) (A\u00f1o 10.1986 &#8211; 12.1989, 80 , Gas\u00f3leo)<br \/>\n1.9 Turbo DS, A\u00f1o 10.1986 &#8211; 12.1989, 1929 , 80<br \/>\nLANCIA Prisma (831) (A\u00f1o 01.1983 &#8211; 02.1992, 65 &#8211; 80 , Gas\u00f3leo)<br \/>\n1.9 Di\u00e9sel, A\u00f1o 01.1983 &#8211; 02.1992, 1911 , 65<\/p>\n<p>LA PIEZA ES NUEVA Y ORIGINAL.<\/p>\n","protected":false},"excerpt":{"rendered":"<p>Polea tensora de la correa dentada de: FIAT Croma I Hatchback (154) (A\u00f1o 08.1987 &#8211; 12.1996, 90 &#8211; 94 , Gas\u00f3leo) 1.9 TD i.d., A\u00f1o 11.1992 &#8211; 12.1996, 1929 , 94 1.9 TD i.d., A\u00f1o 08.1987 &#8211; 10.1992, 1929 , 90 FIAT Regata Berlina (138) (A\u00f1o 04.1984 &#8211; 07.1989, 60 &#8211; 80 , Gas\u00f3leo) 1.7 [&hellip;]<\/p>\n","protected":false},"featured_media":29065,"template":"","meta":{"_seopress_robots_primary_cat":"","_seopress_titles_title":"","_seopress_titles_desc":"","_seopress_robots_index":""},"product_cat":[86,118,20,21,123,102,103],"product_tag":[],"class_list":{"0":"post-26588","1":"product","2":"type-product","3":"status-publish","4":"has-post-thumbnail","6":"product_cat-recambios-fiat-croma","7":"product_cat-recambios-lancia-delta","8":"product_cat-recambios-fiat","9":"product_cat-recambios-lancia","10":"product_cat-recambios-lancia-prisma","11":"product_cat-recambios-fiat-regata","12":"product_cat-recambios-fiat-ritmo","14":"first","15":"outofstock","16":"taxable","17":"shipping-taxable","18":"purchasable","19":"product-type-simple"},"_links":{"self":[{"href":"https:\/\/galicianparts.com\/shop\/wp-json\/wp\/v2\/product\/26588"}],"collection":[{"href":"https:\/\/galicianparts.com\/shop\/wp-json\/wp\/v2\/product"}],"about":[{"href":"https:\/\/galicianparts.com\/shop\/wp-json\/wp\/v2\/types\/product"}],"wp:featuredmedia":[{"embeddable":true,"href":"https:\/\/galicianparts.com\/shop\/wp-json\/wp\/v2\/media\/29065"}],"wp:attachment":[{"href":"https:\/\/galicianparts.com\/shop\/wp-json\/wp\/v2\/media?parent=26588"}],"wp:term":[{"taxonomy":"product_cat","embeddable":true,"href":"https:\/\/galicianparts.com\/shop\/wp-json\/wp\/v2\/product_cat?post=26588"},{"taxonomy":"product_tag","embeddable":true,"href":"https:\/\/galicianparts.com\/shop\/wp-json\/wp\/v2\/product_tag?post=26588"}],"curies":[{"name":"wp","href":"https:\/\/api.w.org\/{rel}","templated":true}]}}