{"id":26670,"date":"2021-06-25T14:25:37","date_gmt":"2021-06-25T12:25:37","guid":{"rendered":"https:\/\/galicianparts.com\/shop\/producto\/7544452-casquillo-pedal-freno-fiat-lancia-alfa-romeo-nuevo-original\/"},"modified":"2021-06-25T14:28:30","modified_gmt":"2021-06-25T12:28:30","slug":"7544452-casquillo-pedal-freno-fiat-lancia-alfa-romeo-nuevo-original","status":"publish","type":"product","link":"https:\/\/galicianparts.com\/shop\/producto\/7544452-casquillo-pedal-freno-fiat-lancia-alfa-romeo-nuevo-original\/","title":{"rendered":"7544452 Casquillo pedal freno Fiat \/ Lancia \/ Alfa Romeo NUEVO ORIGINAL"},"content":{"rendered":"<p>Bul\u00f3n del pedal del freno de 16mm de di\u00e1metro exterior por 8.5mm de di\u00e1metro interno por 49.5mm de largo de:<br \/>\nFIAT &#8211; 1V BRAVA BZ\/DS (1995-1998)<br \/>\nFIAT &#8211; 1U BRAVO BZ\/DS (1995-1998)<br \/>\nFIAT &#8211; PT MAREA BENZINA (1996-1999)<br \/>\nFIAT &#8211; 1Q MAREA BZ GAMMA&#8217;99 (1999-2002)<br \/>\nFIAT &#8211; NV PUNTO 55-60-75-90 (1993-1997)<br \/>\nFIAT &#8211; PF PUNTO CABRIO (1994-1997)<br \/>\nFIAT &#8211; NX PUNTO D-TD (1993-1997)<br \/>\nFIAT &#8211; NW PUNTO GT (1993-1997)<br \/>\nFIAT &#8211; 1B PUNTO TB.DS. GAMMA&#8217;97 (1997-1999)<br \/>\nFIAT &#8211; MV TEMPRA 1370-1580 (1989-1993)<br \/>\nFIAT &#8211; MW TEMPRA 1750-2000 (1989-1993)<br \/>\nFIAT &#8211; MX TEMPRA DIESEL-TURBO D.(1989-1993)<br \/>\nFIAT &#8211; NY TEMPRA MAQ.93 1370-1580 (&#8217;93-&#8217;96)<br \/>\nFIAT &#8211; NZ TEMPRA MAQ.93 1750-2000 (&#8217;93-&#8217;96)<br \/>\nFIAT &#8211; NJ TEMPRA MQ.93 D-TD (1993-1996)<br \/>\nFIAT &#8211; ME TIPO 1100-1370-1580 (1987-1993)<br \/>\nFIAT &#8211; NG TIPO 1750-2000 (1990-1993)<br \/>\nFIAT &#8211; MF TIPO DIESEL-T.DS. (1987-1993)<br \/>\nFIAT &#8211; NT TIPO MAQ.93 D-TD (1993-1995)<br \/>\nFIAT &#8211; NS TIPO MQ.93 1370-1580 (1993-1995)<br \/>\nFIAT &#8211; NU TIPO MQ.93 1750-2000 (1993-1995)<br \/>\nFIAT &#8211; MP TIPO SPORT 16V IE. (1988-1993)<br \/>\nALFA ROMEO &#8211; U8 G T V (1995-1998)<br \/>\nLANCIA &#8211; RY DEDRA BENZINA (1989-1994)<br \/>\nLANCIA &#8211; RZ DEDRA TURBO DIESEL (1989-1994)<\/p>\n<p>LA PIEZA ES NUEVA Y ORIGINAL.<\/p>\n","protected":false},"excerpt":{"rendered":"<p>Bul\u00f3n del pedal del freno de 16mm de di\u00e1metro exterior por 8.5mm de di\u00e1metro interno por 49.5mm de largo de: FIAT &#8211; 1V BRAVA BZ\/DS (1995-1998) FIAT &#8211; 1U BRAVO BZ\/DS (1995-1998) FIAT &#8211; PT MAREA BENZINA (1996-1999) FIAT &#8211; 1Q MAREA BZ GAMMA&#8217;99 (1999-2002) FIAT &#8211; NV PUNTO 55-60-75-90 (1993-1997) FIAT &#8211; PF PUNTO [&hellip;]<\/p>\n","protected":false},"featured_media":26671,"template":"","meta":{"_seopress_robots_primary_cat":"","_seopress_titles_title":"","_seopress_titles_desc":"","_seopress_robots_index":""},"product_cat":[16,81,82,117,20,55,21,95,101,111,112],"product_tag":[],"class_list":{"0":"post-26670","1":"product","2":"type-product","3":"status-publish","4":"has-post-thumbnail","6":"product_cat-recambios-alfa-romeo","7":"product_cat-recambios-fiat-brava","8":"product_cat-recambios-fiat-bravo","9":"product_cat-recambios-lancia-dedra","10":"product_cat-recambios-fiat","11":"product_cat-recambios-alfa-romeo-gtv","12":"product_cat-recambios-lancia","13":"product_cat-recambios-fiat-marea","14":"product_cat-recambios-fiat-punto","15":"product_cat-recambios-fiat-tempra","16":"product_cat-recambios-fiat-tipo","18":"first","19":"instock","20":"taxable","21":"shipping-taxable","22":"purchasable","23":"product-type-simple"},"_links":{"self":[{"href":"https:\/\/galicianparts.com\/shop\/wp-json\/wp\/v2\/product\/26670"}],"collection":[{"href":"https:\/\/galicianparts.com\/shop\/wp-json\/wp\/v2\/product"}],"about":[{"href":"https:\/\/galicianparts.com\/shop\/wp-json\/wp\/v2\/types\/product"}],"wp:featuredmedia":[{"embeddable":true,"href":"https:\/\/galicianparts.com\/shop\/wp-json\/wp\/v2\/media\/26671"}],"wp:attachment":[{"href":"https:\/\/galicianparts.com\/shop\/wp-json\/wp\/v2\/media?parent=26670"}],"wp:term":[{"taxonomy":"product_cat","embeddable":true,"href":"https:\/\/galicianparts.com\/shop\/wp-json\/wp\/v2\/product_cat?post=26670"},{"taxonomy":"product_tag","embeddable":true,"href":"https:\/\/galicianparts.com\/shop\/wp-json\/wp\/v2\/product_tag?post=26670"}],"curies":[{"name":"wp","href":"https:\/\/api.w.org\/{rel}","templated":true}]}}