{"id":26819,"date":"2021-06-28T17:23:24","date_gmt":"2021-06-28T15:23:24","guid":{"rendered":"https:\/\/galicianparts.com\/shop\/producto\/71713614-cableado-y-rele-diavia-068535-2-aire-acondicionado-fiat-lancia-nuevo-original\/"},"modified":"2023-11-05T05:24:24","modified_gmt":"2023-11-05T03:24:24","slug":"71713614-cableado-y-rele-diavia-068535-2-aire-acondicionado-fiat-lancia-nuevo-original","status":"publish","type":"product","link":"https:\/\/galicianparts.com\/shop\/producto\/71713614-cableado-y-rele-diavia-068535-2-aire-acondicionado-fiat-lancia-nuevo-original\/","title":{"rendered":"71713614 Cableado y rel\u00e9 Diavia 068535\/2 aire acondicionado Fiat \/ Lancia NUEVO ORIGINAL"},"content":{"rendered":"<p>Kit de instalaci\u00f3n el\u00e9ctrica y rel\u00e9 Diavia 068535\/2 del aire acondicionado de Fiat \/ Lancia \/ Alfa Romeo<\/p>\n<p>LA PIEZA ES NUEVA Y ORIGINAL.<\/p>\n","protected":false},"excerpt":{"rendered":"<p>Kit de instalaci\u00f3n el\u00e9ctrica y rel\u00e9 Diavia 068535\/2 del aire acondicionado de Fiat \/ Lancia \/ Alfa Romeo LA PIEZA ES NUEVA Y ORIGINAL.<\/p>\n","protected":false},"featured_media":56399,"template":"","meta":{"_seopress_robots_primary_cat":"","_seopress_titles_title":"","_seopress_titles_desc":"","_seopress_robots_index":""},"product_cat":[16,20,21],"product_tag":[],"class_list":{"0":"post-26819","1":"product","2":"type-product","3":"status-publish","4":"has-post-thumbnail","6":"product_cat-recambios-alfa-romeo","7":"product_cat-recambios-fiat","8":"product_cat-recambios-lancia","10":"first","11":"instock","12":"taxable","13":"shipping-taxable","14":"purchasable","15":"product-type-simple"},"_links":{"self":[{"href":"https:\/\/galicianparts.com\/shop\/wp-json\/wp\/v2\/product\/26819"}],"collection":[{"href":"https:\/\/galicianparts.com\/shop\/wp-json\/wp\/v2\/product"}],"about":[{"href":"https:\/\/galicianparts.com\/shop\/wp-json\/wp\/v2\/types\/product"}],"wp:featuredmedia":[{"embeddable":true,"href":"https:\/\/galicianparts.com\/shop\/wp-json\/wp\/v2\/media\/56399"}],"wp:attachment":[{"href":"https:\/\/galicianparts.com\/shop\/wp-json\/wp\/v2\/media?parent=26819"}],"wp:term":[{"taxonomy":"product_cat","embeddable":true,"href":"https:\/\/galicianparts.com\/shop\/wp-json\/wp\/v2\/product_cat?post=26819"},{"taxonomy":"product_tag","embeddable":true,"href":"https:\/\/galicianparts.com\/shop\/wp-json\/wp\/v2\/product_tag?post=26819"}],"curies":[{"name":"wp","href":"https:\/\/api.w.org\/{rel}","templated":true}]}}