{"id":26825,"date":"2021-06-28T17:49:51","date_gmt":"2021-06-28T15:49:51","guid":{"rendered":"https:\/\/galicianparts.com\/shop\/producto\/7570837-sensor-temperatura-radiador-fiat-ritmo-seicento-cinquecento-regata-nuevo-original\/"},"modified":"2021-12-16T13:18:23","modified_gmt":"2021-12-16T11:18:23","slug":"7570837-sensor-temperatura-radiador-fiat-ritmo-seicento-cinquecento-regata-nuevo-original","status":"publish","type":"product","link":"https:\/\/galicianparts.com\/shop\/producto\/7570837-sensor-temperatura-radiador-fiat-ritmo-seicento-cinquecento-regata-nuevo-original\/","title":{"rendered":"7570837 Sensor temperatura radiador Fiat Ritmo \/ Seicento \/ Cinquecento \/ Regata NUEVO ORIGINAL"},"content":{"rendered":"<p>Electrov\u00e1lvula de temperatura del ventilador del radiador de:<br \/>\nFIAT Cinquecento (170) (A\u00f1o 07.1991 &#8211; 07.1999, 30 &#8211; 54 , Gasolina)<br \/>\nFIAT Regata Berlina (138) (A\u00f1o 10.1983 &#8211; 12.1990, 101 , Gasolina)<br \/>\nFIAT Ritmo I Hatchback (138) (A\u00f1o 01.1983 &#8211; 12.1987, 100 , Gasolina)<br \/>\nFIAT Seicento \/ 600 Hatchback (187) (A\u00f1o 01.1998 &#8211; 01.2010, 39 &#8211; 54 , Gasolina)<br \/>\nFIAT Seicento \/ 600 Van (287) (A\u00f1o 01.1998 &#8211; 01.2010, 39 &#8211; 54 , Gasolina)<\/p>\n<p>Medida de rosca: M22x1,5<br \/>\nPunto de conmutaci\u00f3n [\u00b0C]: 92, 97<br \/>\nN\u00famero de conexiones: 2<br \/>\nPunto de conmutaci\u00f3n [\u00b0C]: 97<br \/>\npunto de conmutaci\u00f3n hasta [\u00b0C]: 92<\/p>\n<p>LA PIEZA ES NUEVA Y ORIGINAL.<\/p>\n","protected":false},"excerpt":{"rendered":"<p>Electrov\u00e1lvula de temperatura del ventilador del radiador de: FIAT Cinquecento (170) (A\u00f1o 07.1991 &#8211; 07.1999, 30 &#8211; 54 , Gasolina) FIAT Regata Berlina (138) (A\u00f1o 10.1983 &#8211; 12.1990, 101 , Gasolina) FIAT Ritmo I Hatchback (138) (A\u00f1o 01.1983 &#8211; 12.1987, 100 , Gasolina) FIAT Seicento \/ 600 Hatchback (187) (A\u00f1o 01.1998 &#8211; 01.2010, 39 &#8211; [&hellip;]<\/p>\n","protected":false},"featured_media":26825,"template":"","meta":{"_seopress_robots_primary_cat":"","_seopress_titles_title":"","_seopress_titles_desc":"","_seopress_robots_index":""},"product_cat":[84,20,102,103,106],"product_tag":[],"class_list":{"0":"post-26825","1":"product","2":"type-product","3":"status-publish","4":"has-post-thumbnail","6":"product_cat-recambios-fiat-cinquecento","7":"product_cat-recambios-fiat","8":"product_cat-recambios-fiat-regata","9":"product_cat-recambios-fiat-ritmo","10":"product_cat-recambios-fiat-seicento","12":"first","13":"outofstock","14":"taxable","15":"shipping-taxable","16":"purchasable","17":"product-type-simple"},"_links":{"self":[{"href":"https:\/\/galicianparts.com\/shop\/wp-json\/wp\/v2\/product\/26825"}],"collection":[{"href":"https:\/\/galicianparts.com\/shop\/wp-json\/wp\/v2\/product"}],"about":[{"href":"https:\/\/galicianparts.com\/shop\/wp-json\/wp\/v2\/types\/product"}],"wp:featuredmedia":[{"embeddable":true,"href":"https:\/\/galicianparts.com\/shop\/wp-json\/wp\/v2\/product\/26825"}],"wp:attachment":[{"href":"https:\/\/galicianparts.com\/shop\/wp-json\/wp\/v2\/media?parent=26825"}],"wp:term":[{"taxonomy":"product_cat","embeddable":true,"href":"https:\/\/galicianparts.com\/shop\/wp-json\/wp\/v2\/product_cat?post=26825"},{"taxonomy":"product_tag","embeddable":true,"href":"https:\/\/galicianparts.com\/shop\/wp-json\/wp\/v2\/product_tag?post=26825"}],"curies":[{"name":"wp","href":"https:\/\/api.w.org\/{rel}","templated":true}]}}