{"id":27045,"date":"2021-06-29T14:23:58","date_gmt":"2021-06-29T12:23:58","guid":{"rendered":"https:\/\/galicianparts.com\/shop\/producto\/51856851-capuchon-amortiguador-delantero-fiat-500-panda-nuevo-original\/"},"modified":"2025-09-08T10:40:43","modified_gmt":"2025-09-08T08:40:43","slug":"51856851-capuchon-amortiguador-delantero-fiat-500-panda-nuevo-original","status":"publish","type":"product","link":"https:\/\/galicianparts.com\/shop\/producto\/51856851-capuchon-amortiguador-delantero-fiat-500-panda-nuevo-original\/","title":{"rendered":"51856851 Capuch\u00f3n amortiguador suspensi\u00f3n Fiat 500 \/Panda NUEVO ORIGINAL"},"content":{"rendered":"<p>Tope de goma con el fuelle de los amortiguadores de la suspensi\u00f3n delantera de:<br \/>\nFIAT &#8211; 83 500 MY2012 (2012-&#8230;.) BN.C\/PORTON TRASERO \/ 1242 EVO2 Y SIN DIRECCI\u00d3N ASISTIDA EL\u00c9CTRICA<br \/>\nFIAT &#8211; 83 500 MY2012 (2012-&#8230;.) CABRIOLET<br \/>\nFIAT &#8211; 3P NUOVA 500 (2007-2012) 1242-1248 \/ GASOLINA \/ 1368 GASOLINA \/ 1.3 JTD 75CV<br \/>\nFIAT &#8211; 2Q NUOVA PANDA (2003-2009) 1.1 8V \/ DIRECCI\u00d3N ASISTIDA EL\u00c9CTRICA<br \/>\nFIAT &#8211; 2Q NUOVA PANDA (2003-2009) 1.2 8V \/ DIRECCI\u00d3N ASISTIDA EL\u00c9CTRICA \/ (DYNAMIC \/ EMOTION \/ VAN 2 PLAZAS)<br \/>\nFIAT &#8211; 2Q NUOVA PANDA (2003-2009) 1242\u00a08V\u00a0CF5\u00a0GASOLINA\/GPL\u00a044KW\/60CV \/ DIRECCI\u00d3N ASISTIDA EL\u00c9CTRICA<br \/>\nFIAT &#8211; 2Q NUOVA PANDA (2003-2009) 1.2 8V \/ DIRECCI\u00d3N ASISTIDA EL\u00c9CTRICA \/ (VAN 4 PLAZAS \/ ALESSI)<br \/>\nFIAT &#8211; 2Q NUOVA PANDA (2003-2009) 1250\u00a0MJTD\u00a075CV\/\u00a055KW \/ 1250\u00a0MJTD\u00a051KW \/ DIRECCI\u00d3N ASISTIDA EL\u00c9CTRICA \/ (ACTUAL \/ DYNAMIC)<br \/>\nFIAT &#8211; 2Q NUOVA PANDA (2003-2009) 1250\u00a0MJTD\u00a051KW \/ DIRECCI\u00d3N ASISTIDA EL\u00c9CTRICA \/ (EMOTION \/ VAN 2 PLAZAS \/ VAN 4 PLAZAS)<br \/>\nFIAT &#8211; 71 PANDA CLASSIC (2012-2012) BN.C\/PORTON TRASERO \/ BENZINA \/ NIV. 1 (ACTIVE)<br \/>\nFIAT &#8211; 71 PANDA CLASSIC (2012-2012) CARGA REDUCIDA<br \/>\nFIAT &#8211; 3U PANDA MY 2009 (2009-2010) DIRECCI\u00d3N ASISTIDA EL\u00c9CTRICA \/ NIV. 0 ( ACTUAL ) \/ DIRECCI\u00d3N ASISTIDA EL\u00c9CTRICA \/ NIV. 1 (ACTIVE) \/ NIV. 2 ( DYNAMIC ) \/ NIV. 4 -EMOTION \/ POR ESTABL.(1000~1099) 1108CC. FIRE 8V.LE. \/ ALIMENTACI\u00d3N GLP (EST\u00c1NDAR ITALIA) \/ POR ESTABL.(1100~1199) \/ GASOLINA \/  \/ LIM.CEE FASE 4 \/ LIM.CEE FASE 5<br \/>\nFIAT &#8211; 3U PANDA MY 2009 (2009-2010) BN.C\/PORTON TRASERO \/ DI\u00c9SEL \/ 2 RUEDAS MOTRICES \/ DIRECCI\u00d3N ASISTIDA EL\u00c9CTRICA Y SIN HOMOLOGACI\u00d3N\u00a0N1 \/ (NIV. 0 ( ACTUAL ) \/ NIV. 1 (ACTIVE) \/ NIV. 2 ( DYNAMIC ) \/ NIV. 4 -EMOTION) \/ 1248 JTD \/ 1248 JTD DPF \/ LIM.CEE FASE 4 \/ LIM.CEE FASE 5<br \/>\nFIAT &#8211; 3U PANDA MY 2009 (2009-2010) CARGA REDUCIDA \/ 2 RUEDAS MOTRICES \/ VAN \/ 1248 JTD \/ 1248 JTD DPF \/ LIM.CEE FASE 4 \/ DI\u00c9SEL \/ LIM.CEE FASE 5<br \/>\nFIAT &#8211; 0X PANDA MY 2011 (2010-2011) BN.C\/PORTON TRASERO \/ GASOLINA \/ NIV. 0 ( ACTUAL ) \/ DIRECCI\u00d3N ASISTIDA EL\u00c9CTRICA \/  \/ NIV. 0 ( ACTUAL ) \/<br \/>\nBN.C\/PORTON TRASERO \/ GASOLINA \/ NIV. 1 (ACTIVE) \/ DIRECCI\u00d3N ASISTIDA EL\u00c9CTRICA \/<br \/>\nBN.C\/PORTON TRASERO \/ DI\u00c9SEL \/ NIV. 1 (ACTIVE) \/<br \/>\nBN.C\/PORTON TRASERO \/ GASOLINA \/ NIV. 2 ( DYNAMIC ) \/<br \/>\nBN.C\/PORTON TRASERO \/ DI\u00c9SEL \/ NIV. 2 ( DYNAMIC ) Y SIN HOMOLOGACI\u00d3N\u00a0N1<br \/>\nFIAT &#8211; 0X PANDA MY 2011 (2010-2011) CARGA REDUCIDA<\/p>\n<p>LA PIEZA ES NUEVA Y ORIGINAL.<\/p>\n","protected":false},"excerpt":{"rendered":"<p>Tope de goma con el fuelle de los amortiguadores de la suspensi\u00f3n delantera de: FIAT &#8211; 83 500 MY2012 (2012-&#8230;.) BN.C\/PORTON TRASERO \/ 1242 EVO2 Y SIN DIRECCI\u00d3N ASISTIDA EL\u00c9CTRICA FIAT &#8211; 83 500 MY2012 (2012-&#8230;.) CABRIOLET FIAT &#8211; 3P NUOVA 500 (2007-2012) 1242-1248 \/ GASOLINA \/ 1368 GASOLINA \/ 1.3 JTD 75CV FIAT &#8211; [&hellip;]<\/p>\n","protected":false},"featured_media":99814,"template":"","meta":{"_seopress_robots_primary_cat":"","_seopress_titles_title":"","_seopress_titles_desc":"","_seopress_robots_index":""},"product_cat":[74,20,99],"product_tag":[],"class_list":{"0":"post-27045","1":"product","2":"type-product","3":"status-publish","4":"has-post-thumbnail","6":"product_cat-recambios-fiat-500","7":"product_cat-recambios-fiat","8":"product_cat-recambios-fiat-panda","10":"first","11":"instock","12":"taxable","13":"shipping-taxable","14":"purchasable","15":"product-type-simple"},"_links":{"self":[{"href":"https:\/\/galicianparts.com\/shop\/wp-json\/wp\/v2\/product\/27045"}],"collection":[{"href":"https:\/\/galicianparts.com\/shop\/wp-json\/wp\/v2\/product"}],"about":[{"href":"https:\/\/galicianparts.com\/shop\/wp-json\/wp\/v2\/types\/product"}],"wp:featuredmedia":[{"embeddable":true,"href":"https:\/\/galicianparts.com\/shop\/wp-json\/wp\/v2\/media\/99814"}],"wp:attachment":[{"href":"https:\/\/galicianparts.com\/shop\/wp-json\/wp\/v2\/media?parent=27045"}],"wp:term":[{"taxonomy":"product_cat","embeddable":true,"href":"https:\/\/galicianparts.com\/shop\/wp-json\/wp\/v2\/product_cat?post=27045"},{"taxonomy":"product_tag","embeddable":true,"href":"https:\/\/galicianparts.com\/shop\/wp-json\/wp\/v2\/product_tag?post=27045"}],"curies":[{"name":"wp","href":"https:\/\/api.w.org\/{rel}","templated":true}]}}