{"id":27133,"date":"2021-06-30T10:07:09","date_gmt":"2021-06-30T08:07:09","guid":{"rendered":"https:\/\/galicianparts.com\/shop\/producto\/7721680-polea-bomba-agua-m1-9-d-td-fiat-ducato-citroen-c25-peugeot-j5-nueva-original\/"},"modified":"2025-01-15T13:07:17","modified_gmt":"2025-01-15T11:07:17","slug":"7721680-polea-bomba-agua-m1-9-d-td-fiat-ducato-citroen-c25-peugeot-j5-nueva-original","status":"publish","type":"product","link":"https:\/\/galicianparts.com\/shop\/producto\/7721680-polea-bomba-agua-m1-9-d-td-fiat-ducato-citroen-c25-peugeot-j5-nueva-original\/","title":{"rendered":"7721680 Polea bomba agua M 1.9D-TD Fiat Ducato \/Citro\u00ebn C25 \/Peugeot J5 ORIGINAL"},"content":{"rendered":"<p>Polea de la bomba de agua de refrigeraci\u00f3n del motor de:<br \/>\nDi\u00e1metro exterior: 122 mm<br \/>\nDi\u00e1metro interior: 26 mm<br \/>\nAltura: 26 mm<\/p>\n<p>FIAT PROFESSIONAL &#8211; NA NUOVO DUCATO DS.R.90 (1990-1994) 1930 \/ 1930 TURBO<br \/>\nFIAT PROFESSIONAL &#8211; NC TALENTO R.90 (1990-1994) DI\u00c9SEL<br \/>\nCITROEN &#8211; C25 (1990-1994)<br \/>\nPEUGEOT &#8211; J5 (1990-1994)<\/p>\n<p>LA PIEZA ES NUEVA Y ORIGINAL.<\/p>\n","protected":false},"excerpt":{"rendered":"<p>Polea de la bomba de agua de refrigeraci\u00f3n del motor de: Di\u00e1metro exterior: 122 mm Di\u00e1metro interior: 26 mm Altura: 26 mm FIAT PROFESSIONAL &#8211; NA NUOVO DUCATO DS.R.90 (1990-1994) 1930 \/ 1930 TURBO FIAT PROFESSIONAL &#8211; NC TALENTO R.90 (1990-1994) DI\u00c9SEL CITROEN &#8211; C25 (1990-1994) PEUGEOT &#8211; J5 (1990-1994) LA PIEZA ES NUEVA Y [&hellip;]<\/p>\n","protected":false},"featured_media":92852,"template":"","meta":{"_seopress_robots_primary_cat":"","_seopress_titles_title":"","_seopress_titles_desc":"","_seopress_robots_index":""},"product_cat":[132,23,88,20,157,24,110],"product_tag":[],"class_list":{"0":"post-27133","1":"product","2":"type-product","3":"status-publish","4":"has-post-thumbnail","6":"product_cat-recambios-citroen-c25","7":"product_cat-recambios-citroen","8":"product_cat-recambios-fiat-ducato","9":"product_cat-recambios-fiat","10":"product_cat-recambios-peugeot-j5","11":"product_cat-recambios-peugeot","12":"product_cat-recambios-fiat-talento","14":"first","15":"outofstock","16":"taxable","17":"shipping-taxable","18":"purchasable","19":"product-type-simple"},"_links":{"self":[{"href":"https:\/\/galicianparts.com\/shop\/wp-json\/wp\/v2\/product\/27133"}],"collection":[{"href":"https:\/\/galicianparts.com\/shop\/wp-json\/wp\/v2\/product"}],"about":[{"href":"https:\/\/galicianparts.com\/shop\/wp-json\/wp\/v2\/types\/product"}],"wp:featuredmedia":[{"embeddable":true,"href":"https:\/\/galicianparts.com\/shop\/wp-json\/wp\/v2\/media\/92852"}],"wp:attachment":[{"href":"https:\/\/galicianparts.com\/shop\/wp-json\/wp\/v2\/media?parent=27133"}],"wp:term":[{"taxonomy":"product_cat","embeddable":true,"href":"https:\/\/galicianparts.com\/shop\/wp-json\/wp\/v2\/product_cat?post=27133"},{"taxonomy":"product_tag","embeddable":true,"href":"https:\/\/galicianparts.com\/shop\/wp-json\/wp\/v2\/product_tag?post=27133"}],"curies":[{"name":"wp","href":"https:\/\/api.w.org\/{rel}","templated":true}]}}